{"id":10831,"date":"2024-10-09T10:58:16","date_gmt":"2024-10-09T10:58:16","guid":{"rendered":"https:\/\/skinewgen.solve.co.uk\/website-bedingungen\/"},"modified":"2025-11-19T10:23:44","modified_gmt":"2025-11-19T10:23:44","slug":"website-bedingungen","status":"publish","type":"page","link":"https:\/\/www.skinewgen.com\/de\/website-bedingungen\/","title":{"rendered":"Website Bedingungen"},"content":{"rendered":"\n<p>Willkommen auf unserer Website. Wenn du diese Website weiter nutzt, erkl\u00e4rst du dich mit den folgenden Nutzungsbedingungen einverstanden, die zusammen mit unserer Datenschutzrichtlinie die Beziehung zwischen New Generation und dir in Bezug auf diese Website regeln. Wenn du mit einem Teil dieser Bedingungen nicht einverstanden bist, benutze unsere Website bitte nicht.  <\/p>\n\n<p>Der Begriff &#8222;New Generation&#8220; oder &#8222;uns&#8220; oder &#8222;wir&#8220; bezieht sich auf den Eigent\u00fcmer der Website, dessen eingetragener Sitz New Generation Ski School, 1st Floor, Roxburghe House, 273 &#8211; 287 Regent Street, London, W1B 2HA ist. Der Begriff &#8222;Sie&#8220; bezieht sich auf den Nutzer oder Betrachter unserer Website. <\/p>\n\n<h2 class=\"wp-block-heading\">Die Nutzung dieser Website unterliegt den folgenden Nutzungsbedingungen:<\/h2>\n\n<ul class=\"wp-block-list\">\n<li>Der Inhalt der Seiten dieser Website dient nur zu deiner allgemeinen Information und Nutzung. Er kann ohne vorherige Ank\u00fcndigung ge\u00e4ndert werden. <\/li>\n\n\n\n<li>Diese Website verwendet Cookies, um deine Surfgewohnheiten zu \u00fcberwachen. Wenn du die Verwendung von Cookies zul\u00e4sst, k\u00f6nnen die folgenden pers\u00f6nlichen Daten von uns gespeichert und von Dritten verwendet werden. <\/li>\n\n\n\n<li>Weder wir noch Dritte \u00fcbernehmen eine Gew\u00e4hrleistung oder Garantie f\u00fcr die Richtigkeit, Aktualit\u00e4t, Leistung, Vollst\u00e4ndigkeit oder Eignung der Informationen und Materialien, die auf dieser Website zu finden sind oder angeboten werden, f\u00fcr einen bestimmten Zweck. Du nimmst zur Kenntnis, dass diese Informationen und Materialien Ungenauigkeiten oder Fehler enthalten k\u00f6nnen, und wir schlie\u00dfen die Haftung f\u00fcr solche Ungenauigkeiten oder Fehler ausdr\u00fccklich aus, soweit dies gesetzlich zul\u00e4ssig ist. <\/li>\n\n\n\n<li>Die Nutzung von Informationen oder Materialien auf dieser Website erfolgt ausschlie\u00dflich auf eigenes Risiko, f\u00fcr das wir nicht haften. Es liegt in deiner eigenen Verantwortung, sicherzustellen, dass die auf dieser Website angebotenen Produkte, Dienstleistungen oder Informationen deinen spezifischen Anforderungen entsprechen. <\/li>\n\n\n\n<li>Diese Website enth\u00e4lt Material, das uns geh\u00f6rt oder an uns lizenziert ist. Zu diesem Material geh\u00f6ren unter anderem das Design, das Layout, das Aussehen, das Erscheinungsbild und die Grafiken. Die Vervielf\u00e4ltigung ist nur in \u00dcbereinstimmung mit dem Urheberrechtsvermerk gestattet, der Teil dieser Gesch\u00e4ftsbedingungen ist.  <\/li>\n\n\n\n<li>Alle auf dieser Website wiedergegebenen Marken, die nicht Eigentum des Betreibers sind oder von ihm lizenziert wurden, sind auf der Website angegeben.<\/li>\n\n\n\n<li>Die unbefugte Nutzung dieser Website kann zu Schadensersatzanspr\u00fcchen f\u00fchren und\/oder eine Straftat darstellen.<\/li>\n\n\n\n<li>Von Zeit zu Zeit kann diese Website auch Links zu anderen Websites enthalten. Diese Links dienen dazu, dir weitere Informationen zur Verf\u00fcgung zu stellen. Sie bedeuten nicht, dass wir die Website(s) guthei\u00dfen. Wir \u00fcbernehmen keine Verantwortung f\u00fcr den Inhalt der verlinkten Website(s).   <\/li>\n\n\n\n<li>Deine Nutzung dieser Website und alle Streitigkeiten, die sich aus dieser Nutzung der Website ergeben, unterliegen den Gesetzen von England, Nordirland, Schottland und Wales.<\/li>\n<\/ul>\n\n<div style=\"height:4rem\" aria-hidden=\"true\" class=\"wp-block-spacer\"><\/div>\n","protected":false},"excerpt":{"rendered":"Willkommen auf unserer Website. Wenn du diese Website weiter nutzt, erkl\u00e4rst du dich mit den folgenden Nutzungsbedingungen einverstanden, die zusammen&#8230;","protected":false},"author":1,"featured_media":0,"parent":0,"menu_order":0,"comment_status":"closed","ping_status":"closed","template":"templates\/page-template-terms.php","meta":{"_acf_changed":false,"content-type":"","footnotes":""},"page_type":[248],"class_list":["post-10831","page","type-page","status-publish","hentry","page_type-begriffe"],"acf":[],"_links":{"self":[{"href":"https:\/\/www.skinewgen.com\/de\/wp-json\/wp\/v2\/pages\/10831","targetHints":{"allow":["GET"]}}],"collection":[{"href":"https:\/\/www.skinewgen.com\/de\/wp-json\/wp\/v2\/pages"}],"about":[{"href":"https:\/\/www.skinewgen.com\/de\/wp-json\/wp\/v2\/types\/page"}],"author":[{"embeddable":true,"href":"https:\/\/www.skinewgen.com\/de\/wp-json\/wp\/v2\/users\/1"}],"replies":[{"embeddable":true,"href":"https:\/\/www.skinewgen.com\/de\/wp-json\/wp\/v2\/comments?post=10831"}],"version-history":[{"count":2,"href":"https:\/\/www.skinewgen.com\/de\/wp-json\/wp\/v2\/pages\/10831\/revisions"}],"predecessor-version":[{"id":15116,"href":"https:\/\/www.skinewgen.com\/de\/wp-json\/wp\/v2\/pages\/10831\/revisions\/15116"}],"wp:attachment":[{"href":"https:\/\/www.skinewgen.com\/de\/wp-json\/wp\/v2\/media?parent=10831"}],"wp:term":[{"taxonomy":"page_type","embeddable":true,"href":"https:\/\/www.skinewgen.com\/de\/wp-json\/wp\/v2\/page_type?post=10831"}],"curies":[{"name":"wp","href":"https:\/\/api.w.org\/{rel}","templated":true}]}}