{"id":12254,"date":"2024-11-20T11:13:00","date_gmt":"2024-11-20T11:13:00","guid":{"rendered":"https:\/\/www.skinewgen.com\/nachhaltiges-web-hosting\/"},"modified":"2025-11-19T10:21:26","modified_gmt":"2025-11-19T10:21:26","slug":"nachhaltiges-web-hosting","status":"publish","type":"page","link":"https:\/\/www.skinewgen.com\/de\/nachhaltiges-web-hosting\/","title":{"rendered":"Nachhaltiges Web-Hosting"},"content":{"rendered":"\n<section  class=\"solve-block-text-image\">\n    <div class=\"wrap\">\n        <div class=\"flex right-image\">\n            <div class=\"content\">\n                <h2>Wir haben den Wechsel zu nachhaltigem Web-Hosting vollzogen.<\/h2>\n                <p>Wir sind stolz darauf, dass unsere Website mit 100% erneuerbarer Energie betrieben wird. Wir haben uns mit Solve zusammengetan, einer mehrfach ausgezeichneten SEO- und Webdesign-Firma, um unseren Besuchern eine leistungsstarke und positive L\u00f6sung f\u00fcr die Menschen und den Planeten zu bieten. <\/p>\n                <div class=\"cta-links\">\n                                            <a class=\"button solid newtab\" href=\"https:\/\/solve.co.uk\/\" target=\"_blank\" rel=\"noopener\">Visit Solve<\/a>\n                                                            <\/div>\n\n                            <\/div>\n            <div class=\"image-container\">\n                                    <img loading=\"lazy\" decoding=\"async\" width=\"600\" height=\"600\" src=\"https:\/\/www.skinewgen.com\/wp-content\/uploads\/2024\/11\/Solve-Newquay-600x600.webp\" class=\"attachment-square size-square\" alt=\"\" srcset=\"https:\/\/www.skinewgen.com\/wp-content\/uploads\/2024\/11\/Solve-Newquay-600x600.webp 600w, https:\/\/www.skinewgen.com\/wp-content\/uploads\/2024\/11\/Solve-Newquay-300x300.webp 300w\" sizes=\"auto, (max-width: 600px) 100vw, 600px\">                            <\/div>\n        <\/div>\n    <\/div>\n<\/section>\n<section class=\"solve-block-split-content\">\n    <div class=\"wrap\">\n\n        \n        <div class=\"flex\">\n            <div>\n                <div class=\"content\">\n                    <h3>Was ist nachhaltiges Web-Hosting?<\/h3>\n                    <p>Nachhaltiges Web-Hosting ist Website-Hosting, das einen positiven, regenerativen Einfluss auf unsere Umwelt hat. Es bietet auch Ihrer Website ein Zuhause auf einem Server, der mit erneuerbarer Energie betrieben wird. Es handelt sich dabei um eine proaktive L\u00f6sung, die die folgenden Praktiken anwendet, um den CO2-Fu\u00dfabdruck einer Website um bis zu 95 % zu reduzieren:  <\/p>\n<ul>\n<li>Es nutzt und investiert in energieeffiziente Technologien.<\/li>\n<li>Es nutzt erneuerbare Energien zur Stromversorgung der Server.<\/li>\n<li>Es engagiert sich in Projekten zur Kompensation von Kohlenstoff.<\/li>\n<\/ul>\n<p>Erneuerbare Energien werden aus nat\u00fcrlichen Ressourcen gewonnen, die schneller wieder aufgef\u00fcllt werden, als sie verbraucht werden, und Kohlenstoffausgleichsprojekte, wie z. B. Baumpflanzungen, verst\u00e4rken diesen \u00f6koeffizienten Kreislauf.<\/p>\n<p><span style=\"font-weight: 400\">Dies bietet ein nachhaltiges System, da <\/span><span style=\"font-weight: 400\">New Generation <\/span><span style=\"font-weight: 400\">w\u00e4chst, sich wandelt und unserem Zweck in der physischen und digitalen Welt dient<\/span><\/p>\n\n                                    <\/div>\n            <\/div>\n            <div>\n                <div class=\"content\">\n                    <h3>Warum haben wir diese Wandlung vorgenommen?<\/h3>\n                    <p>Die Entscheidung f\u00fcr gr\u00fcnes Hosting erm\u00f6glicht es unserem Unternehmen, seinen CO2-Fu\u00dfabdruck zu reduzieren, unseren Nachhaltigkeitszielen zu folgen und eine bessere Leistung der Website zu gew\u00e4hrleisten. Wir sind stolz darauf, mit <a href=\"https:\/\/solve.co.uk\/b-corp\/\" target=\"_blank\" rel=\"noopener\">B-Corporation Change-Makers<\/a> zusammenzuarbeiten und umweltbewusste, umweltfreundliche Perspektiven zu f\u00f6rdern, die die Kraft haben, unsere Welt zu ver\u00e4ndern. <\/p>\n<h4>Vorteile von Nachhaltigem Web-Hosting<\/h4>\n<p>Genau wie die Natur arbeitet Green Hosting in Synergie mit der Welt. Wir glauben daran, <a href=\"https:\/\/solve.co.uk\/why-green-hosting-is-important\/\" target=\"_blank\" rel=\"noopener\">den Planeten zu unterst\u00fctzen<\/a>, und Green Hosting unterst\u00fctzt unser Gesch\u00e4ftswachstum! <\/p>\n<p>Die Vorteile unseres Green Hostings umfassen:<\/p>\n<ul>\n<li>geringere Umweltbelastung<\/li>\n<li>verbesserte Nutzerfreundlichkeit<\/li>\n<li>h\u00f6here technische Zuverl\u00e4ssigkeit der Website<\/li>\n<li>verbesserter Schutz vor Hackerangriffen<\/li>\n<li>k\u00fcrzere Ladezeiten der Website<\/li>\n<li>verbesserte Google-Rankings<\/li>\n<li>Hilfe bei der Erreichung unserer Umweltziele<\/li>\n<li>Unsere Besucher sehen, dass uns unsere Umwelt wichtig ist.<\/li>\n<\/ul>\n\n                                    <\/div>\n            <\/div>\n        <\/div>\n    <\/div>\n<\/section> \n\n<section  class=\"solve-block-text-image\">\n    <div class=\"wrap\">\n        <div class=\"flex left-image\">\n            <div class=\"content\">\n                <h2>Wollen Sie auch etwas bewegen und zu nachhaltigem Web-Hosting wechseln? <\/h2>\n                <p>Green Hosting ist das Einfachste, was Sie tun k\u00f6nnen, um Ihre Online-Pr\u00e4senz umweltfreundlicher zu gestalten. Der Wechsel hat es New Generation erm\u00f6glicht, unseren CO2-Fu\u00dfabdruck zu reduzieren und gleichzeitig zuverl\u00e4ssige und effiziente Webhosting-Dienste zu nutzen. <\/p>\n<p>Zudem hat Solve in unserem Namen <a href=\"https:\/\/tree-nation.com\/profile\/solve\" target=\"_blank\" rel=\"noopener\">B\u00e4ume gepflanzt<\/a>, um das Wachstum unseres Unternehmens zu repr\u00e4sentieren und dabei dem Planeten zu helfen! Dies gleicht den Stromverbrauch digitaler Ger\u00e4te und kohlenstoffbezogene Emissionen aus.<\/p>\n<p>Um mehr \u00fcber leistungsstarkes, <a href=\"https:\/\/solve.co.uk\/green-hosting\/\" target=\"_blank\" rel=\"noopener\">umweltfreundliches Hosting<\/a> zu erfahren, kontaktieren Sie Solve.<\/p>\n                <div class=\"cta-links\">\n                                            <a class=\"button solid newtab\" href=\"https:\/\/solve.co.uk\/contact\/\" target=\"_blank\" rel=\"noopener\">Contact Solve<\/a>\n                                                            <\/div>\n\n                            <\/div>\n            <div class=\"image-container\">\n                                    <img loading=\"lazy\" decoding=\"async\" width=\"600\" height=\"600\" src=\"https:\/\/www.skinewgen.com\/wp-content\/uploads\/2024\/10\/about-website-solve-newquay-600x600.webp\" class=\"attachment-square size-square\" alt=\"\" srcset=\"https:\/\/www.skinewgen.com\/wp-content\/uploads\/2024\/10\/about-website-solve-newquay-600x600.webp 600w, https:\/\/www.skinewgen.com\/wp-content\/uploads\/2024\/10\/about-website-solve-newquay-300x300.webp 300w\" sizes=\"auto, (max-width: 600px) 100vw, 600px\">                            <\/div>\n        <\/div>\n    <\/div>\n<\/section>","protected":false},"excerpt":{"rendered":"","protected":false},"author":1,"featured_media":0,"parent":0,"menu_order":0,"comment_status":"closed","ping_status":"closed","template":"","meta":{"_acf_changed":false,"content-type":"","footnotes":""},"page_type":[],"class_list":["post-12254","page","type-page","status-publish","hentry"],"acf":[],"_links":{"self":[{"href":"https:\/\/www.skinewgen.com\/de\/wp-json\/wp\/v2\/pages\/12254","targetHints":{"allow":["GET"]}}],"collection":[{"href":"https:\/\/www.skinewgen.com\/de\/wp-json\/wp\/v2\/pages"}],"about":[{"href":"https:\/\/www.skinewgen.com\/de\/wp-json\/wp\/v2\/types\/page"}],"author":[{"embeddable":true,"href":"https:\/\/www.skinewgen.com\/de\/wp-json\/wp\/v2\/users\/1"}],"replies":[{"embeddable":true,"href":"https:\/\/www.skinewgen.com\/de\/wp-json\/wp\/v2\/comments?post=12254"}],"version-history":[{"count":3,"href":"https:\/\/www.skinewgen.com\/de\/wp-json\/wp\/v2\/pages\/12254\/revisions"}],"predecessor-version":[{"id":17839,"href":"https:\/\/www.skinewgen.com\/de\/wp-json\/wp\/v2\/pages\/12254\/revisions\/17839"}],"wp:attachment":[{"href":"https:\/\/www.skinewgen.com\/de\/wp-json\/wp\/v2\/media?parent=12254"}],"wp:term":[{"taxonomy":"page_type","embeddable":true,"href":"https:\/\/www.skinewgen.com\/de\/wp-json\/wp\/v2\/page_type?post=12254"}],"curies":[{"name":"wp","href":"https:\/\/api.w.org\/{rel}","templated":true}]}}