{"id":12256,"date":"2024-12-18T13:39:52","date_gmt":"2024-12-18T13:39:52","guid":{"rendered":"https:\/\/www.skinewgen.com\/ihre-partnerschaft-mit-uns\/"},"modified":"2025-08-04T14:31:33","modified_gmt":"2025-08-04T14:31:33","slug":"ihre-partnerschaft-mit-uns","status":"publish","type":"page","link":"https:\/\/www.skinewgen.com\/de\/ihre-partnerschaft-mit-uns\/","title":{"rendered":"Ihre Partnerschaft mit uns"},"content":{"rendered":"\n<section  class=\"solve-block-text-image\">\n    <div class=\"wrap\">\n        <div class=\"flex left-image\">\n            <div class=\"content\">\n                <h2>Warum eine Partnerschaft mit der New Generation Ski- und Snowboardschule eingehen? <\/h2>\n                <p><span style=\"font-weight: 400\">Seit \u00fcber 25 Jahren bietet die New Generation Ski &amp; Snowboard School preisgekr\u00f6nten Ski- und Snowboardunterricht in den besten Skigebieten Europas an. Wir sind bekannt f\u00fcr Spitzenleistungen, Innovation und Qualit\u00e4t und schaffen unvergessliche Erlebnisse f\u00fcr Ski- und Snowboardfahrer:innen aller K\u00f6nnerstufen.  <\/span><\/p>\n<p><span style=\"font-weight: 400\">Eine Partnerschaft mit uns bedeutet, dass Sie mit einer vertrauensw\u00fcrdigen F\u00fchrungskraft von New Generation zusammenarbeiten, die Ihre Vision von Wachstum und Erfolg teilt. Das zeichnet uns aus:  <\/span><\/p>\n<ol>\n<li style=\"font-weight: 400\"><b>Ma\u00dfgeschneiderte, individuelle Zusammenarbeit:<\/b><span style=\"font-weight: 400\"> Egal, ob Sie Reiseveranstalter:in, ein lokales Unternehmen oder ein anderer Player der Reisebranche sind, wir passen unsere Partnerschaften so an, dass sie f\u00fcr beide Seiten gewinnbringend sind. Unser ma\u00dfgeschneidertes Buchungssystem bietet Verf\u00fcgbarkeiten und Preise in Echtzeit und sorgt f\u00fcr einen reibungslosen Checkout. Wir erfassen sorgf\u00e4ltig die Ziele unserer G\u00e4ste und bringen sie mit den f\u00fcr sie idealen Lehrer:innen zusammen, um ihnen ein individuelles, unvergessliches Erlebnis zu schaffen.  <\/span><\/li>\n<li style=\"font-weight: 400\"><b>Unvergessliche Erlebnisse f\u00fcr Ihre G\u00e4ste: <\/b><span style=\"font-weight: 400\">Wir bieten eine umfassende Auswahl an Kursen und personalisierten Dienstleistungen, die darauf zugeschnitten sind, allen G\u00e4sten &#8211; egal, ob Anf\u00e4nger:in oder Profi &#8211; dazu zu verhelfen, ihr volles Potenzial auf der Piste auszusch\u00f6pfen. Alle unserer Lehrer:innen werden auf Basis ihrer F\u00e4higkeiten, ihrer Erfahrung und ihres Fachwissens pers\u00f6nlich ausgew\u00e4hlt und garantiert hohe Unterrichtsstandards. <\/span><\/li>\n<li style=\"font-weight: 400\"><b>Innovation und Kompetenz:<\/b><span style=\"font-weight: 400\"> Wir wissen, dass unsere Partner:innen ihre eigenen Bed\u00fcrfnisse und Systeme haben. Deshalb arbeiten wir hart daran, ma\u00dfgeschneiderte L\u00f6sungen zu entwickeln, die Ihre Zusammenarbeit mit uns noch reibungsloser machen. Unsere fortschrittlichen Buchungs- und Verwaltungssysteme lassen sich problemlos in die von Ihnen bereits genutzten Tools integrieren. <\/span><\/li>\n<\/ol>\n                <div class=\"cta-links\">\n                                    <\/div>\n\n                            <\/div>\n            <div class=\"image-container\">\n                                    <img loading=\"lazy\" decoding=\"async\" width=\"600\" height=\"600\" src=\"https:\/\/www.skinewgen.com\/wp-content\/uploads\/2024\/12\/file-600x600.png\" class=\"attachment-square size-square\" alt=\"Laptop showing New Generation Ski and Snow School Partner Resources Website.\" srcset=\"https:\/\/www.skinewgen.com\/wp-content\/uploads\/2024\/12\/file-600x600.png 600w, https:\/\/www.skinewgen.com\/wp-content\/uploads\/2024\/12\/file-300x300.png 300w, https:\/\/www.skinewgen.com\/wp-content\/uploads\/2024\/12\/file-1000x1000.png 1000w\" sizes=\"auto, (max-width: 600px) 100vw, 600px\" \/>                            <\/div>\n        <\/div>\n    <\/div>\n<\/section>\n<section  class=\"solve-block-text-image\">\n    <div class=\"wrap\">\n        <div class=\"flex right-image\">\n            <div class=\"content\">\n                <h2>Die Vorteile einer Partnerschaft mit uns<\/h2>\n                <ul>\n<li style=\"font-weight: 400\"><b>Erweitern Sie Ihr Gesch\u00e4ft:<\/b><span style=\"font-weight: 400\"> Verbessern Sie Ihr Angebot an professionellem Ski- und Snowboardunterricht, exklusiven Paketen und erstklassigem G\u00e4steservice. <\/span> <\/li>\n<li style=\"font-weight: 400\"><b>St\u00e4rken Sie Ihren Ruf:<\/b><span style=\"font-weight: 400\"> Unser Team aus erfahrenen Schneesportlehrer:innen bringt wertvolles Fachwissen in jeden Aspekt unseres Gesch\u00e4fts ein. Bringen Sie Ihre Marke mit New Generation zusammen, einem Branchenf\u00fchrer, dem Tausende zufriedene G\u00e4ste jede Saison vertrauen.  <\/span><\/li>\n<li style=\"font-weight: 400\"><b>Exklusive Verg\u00fcnstigungen:<\/b><span style=\"font-weight: 400\"> Bieten Sie Ihren G\u00e4sten Zugang zu Fr\u00fchbucher-Angeboten, Premium-Unterrichtspaketen und exklusiven Rabatten, die nur \u00fcber unsere Partnerbetriebe erh\u00e4ltlich sind. <\/span> <\/li>\n<\/ul>\n<p><b>Kontaktieren Sie uns noch heute, um gemeinsam herauszufinden, wie wir zusammenarbeiten und gemeinsam au\u00dfergew\u00f6hnliche Ergebnisse erzielen k\u00f6nnen.<\/b><\/p>\n                <div class=\"cta-links\">\n                                    <\/div>\n\n                            <\/div>\n            <div class=\"image-container\">\n                                    <img loading=\"lazy\" decoding=\"async\" width=\"600\" height=\"600\" src=\"https:\/\/www.skinewgen.com\/wp-content\/uploads\/2024\/11\/KBA-Meeting-Point-Photo-600x600.webp\" class=\"attachment-square size-square\" alt=\"\" srcset=\"https:\/\/www.skinewgen.com\/wp-content\/uploads\/2024\/11\/KBA-Meeting-Point-Photo-600x600.webp 600w, https:\/\/www.skinewgen.com\/wp-content\/uploads\/2024\/11\/KBA-Meeting-Point-Photo-150x150.webp 150w, https:\/\/www.skinewgen.com\/wp-content\/uploads\/2024\/11\/KBA-Meeting-Point-Photo-300x300.webp 300w, https:\/\/www.skinewgen.com\/wp-content\/uploads\/2024\/11\/KBA-Meeting-Point-Photo-768x768.webp 768w, https:\/\/www.skinewgen.com\/wp-content\/uploads\/2024\/11\/KBA-Meeting-Point-Photo.webp 1000w\" sizes=\"auto, (max-width: 600px) 100vw, 600px\">                            <\/div>\n        <\/div>\n    <\/div>\n<\/section>\n<section  class=\"solve-block-text-image\">\n    <div class=\"wrap\">\n        <div class=\"flex left-image\">\n            <div class=\"content\">\n                <h2>Wie wir arbeiten<\/h2>\n                <p><span style=\"font-weight: 400\">Wir von der New Generation Ski &amp; Snowboard School glauben an den Aufbau starker, dauerhafter Beziehungen zu unseren Partner:innen. Ihr Erfolg ist auch unser Erfolg. Deshalb wachsen wir \u00fcber uns hinaus, um Ihnen die Werkzeuge, Ressourcen und Unterst\u00fctzung zu bieten, die Sie brauchen, um erfolgreich zu sein.  <\/span><\/p>\n<ul>\n<li style=\"font-weight: 400\"><b>Unser Partnerportal: <\/b><span style=\"font-weight: 400\">Verwalten Sie jeden Eckpunkt der Reise Ihrer G\u00e4ste und machen Sie deren Erfahrung so einzigartig wie ihren Urlaub. Sie k\u00f6nnen jederzeit Live-Informationen \u00fcber unsere Preise und Verf\u00fcgbarkeiten abrufen und die Buchungen Ihrer G\u00e4ste von Anfang bis Ende aufrufen und verwalten.  <\/span><\/li>\n<li style=\"font-weight: 400\"><b>White Label Pages: <\/b><span style=\"font-weight: 400\">Wir bieten Ihnen vollst\u00e4ndig anpassbare Seiten, die Ihren G\u00e4sten helfen, online zu buchen und ihre Unterrichtseinheiten sofort und in ihrer eigenen Geschwindigkeit zu reservieren. Sie k\u00f6nnen Ihre einzigartige URL ganz einfach mit Ihren G\u00e4sten teilen und sicher sein, dass alle Buchungen samt Ihrer Provision erfasst werden. Schnell, einfach und unkompliziert.  <\/span><\/li>\n<li style=\"font-weight: 400\"><b>Partner-Website f\u00fcr Marketing-Ressourcen:<\/b><span> Sie bekommen Zugriff auf Preislisten, eine Wissensbibliothek mit Anleitungen und eine breite Palette an Inhalten f\u00fcr Social Media, darunter Videos und hochwertige Fotos. Alle Informationen, die Sie brauchen, an einem Ort. <\/span><\/li>\n<\/ul>\n                <div class=\"cta-links\">\n                                    <\/div>\n\n                            <\/div>\n            <div class=\"image-container\">\n                                    <img loading=\"lazy\" decoding=\"async\" width=\"600\" height=\"410\" src=\"https:\/\/www.skinewgen.com\/wp-content\/uploads\/2024\/11\/VErbier-ski-school-1024x410-1-600x410.webp\" class=\"attachment-square size-square\" alt=\"\">                            <\/div>\n        <\/div>\n    <\/div>\n<\/section>\n<h5 class=\"wp-block-heading\"><\/h5>\n\n<p><\/p>\n\n<p><\/p>\n","protected":false},"excerpt":{"rendered":"","protected":false},"author":7,"featured_media":0,"parent":0,"menu_order":0,"comment_status":"closed","ping_status":"closed","template":"templates\/page-template-contact.php","meta":{"_acf_changed":false,"content-type":"","footnotes":""},"page_type":[],"class_list":["post-12256","page","type-page","status-publish","hentry"],"acf":[],"_links":{"self":[{"href":"https:\/\/www.skinewgen.com\/de\/wp-json\/wp\/v2\/pages\/12256","targetHints":{"allow":["GET"]}}],"collection":[{"href":"https:\/\/www.skinewgen.com\/de\/wp-json\/wp\/v2\/pages"}],"about":[{"href":"https:\/\/www.skinewgen.com\/de\/wp-json\/wp\/v2\/types\/page"}],"author":[{"embeddable":true,"href":"https:\/\/www.skinewgen.com\/de\/wp-json\/wp\/v2\/users\/7"}],"replies":[{"embeddable":true,"href":"https:\/\/www.skinewgen.com\/de\/wp-json\/wp\/v2\/comments?post=12256"}],"version-history":[{"count":4,"href":"https:\/\/www.skinewgen.com\/de\/wp-json\/wp\/v2\/pages\/12256\/revisions"}],"predecessor-version":[{"id":15308,"href":"https:\/\/www.skinewgen.com\/de\/wp-json\/wp\/v2\/pages\/12256\/revisions\/15308"}],"wp:attachment":[{"href":"https:\/\/www.skinewgen.com\/de\/wp-json\/wp\/v2\/media?parent=12256"}],"wp:term":[{"taxonomy":"page_type","embeddable":true,"href":"https:\/\/www.skinewgen.com\/de\/wp-json\/wp\/v2\/page_type?post=12256"}],"curies":[{"name":"wp","href":"https:\/\/api.w.org\/{rel}","templated":true}]}}