{"id":14634,"date":"2025-07-21T13:35:10","date_gmt":"2025-07-21T13:35:10","guid":{"rendered":"https:\/\/www.skinewgen.com\/?page_id=14634"},"modified":"2025-12-23T09:04:09","modified_gmt":"2025-12-23T09:04:09","slug":"freunde-werben-programm","status":"publish","type":"page","link":"https:\/\/www.skinewgen.com\/de\/freunde-werben-programm\/","title":{"rendered":"Freunde werben Programm"},"content":{"rendered":"\n<section  class=\"solve-block-why-newgen\">\n    <div class=\"wrap\">\n        <div class=\"flex left-image\">\n\n            <div class=\"content\">\n                <h2>So funktioniert unser Empfehlungsprogramm<\/h2>\n                <p><strong>1. Lade deine Freunde ein<\/strong><\/p>\n<p>Sende deinen pers\u00f6nlichen Empfehlungslink an jeden, von dem du glaubst, dass er gerne bei uns lernen w\u00fcrde \u2013 egal, ob es sich um Skifahrer-Neulinge oder Gipfelst\u00fcrmer handelt.<\/p>\n<p><strong>2. Sie buchen und sparen<\/strong><\/p>\n<p>Deine Freunde erhalten 5 % Rabatt, wenn sie ihre erste Lektion bei uns buchen.<\/p>\n<p><strong>3. Du erh\u00e4ltst einen Ellis Brigham Gutschein<\/strong><\/p>\n<p>Sobald dein Freund seine Lektionen abgeschlossen hat, erh\u00e4ltst du eine Belohnung, die auf seinen Ausgaben basiert:<\/p>\n<table class=\"w-fit min-w-(--thread-content-width)\" style=\"height: 150px;\" width=\"406\" data-start=\"820\" data-end=\"1169\">\n<thead data-start=\"820\" data-end=\"889\">\n<tr data-start=\"820\" data-end=\"889\">\n<th style=\"text-align: left;\" data-start=\"820\" data-end=\"845\" data-col-size=\"sm\"><strong data-start=\"822\" data-end=\"844\">Ausgaben des Freundes (\u20ac)<\/strong><\/th>\n<th style=\"text-align: left;\" data-start=\"845\" data-end=\"889\" data-col-size=\"sm\"><strong data-start=\"847\" data-end=\"862\">Deine Belohnung<\/strong><\/th>\n<\/tr>\n<\/thead>\n<tbody data-start=\"960\" data-end=\"1169\">\n<tr data-start=\"960\" data-end=\"1029\">\n<td data-start=\"960\" data-end=\"985\" data-col-size=\"sm\">Unter 500 \u20ac<\/td>\n<td data-col-size=\"sm\" data-start=\"985\" data-end=\"1029\">20 \u00a3 Ellis Brigham Gutschein<\/td>\n<\/tr>\n<tr data-start=\"1030\" data-end=\"1099\">\n<td data-start=\"1030\" data-end=\"1055\" data-col-size=\"sm\">501 \u20ac \u2013 1000 \u20ac<\/td>\n<td data-col-size=\"sm\" data-start=\"1055\" data-end=\"1099\">50 \u00a3 Ellis Brigham Gutschein<\/td>\n<\/tr>\n<tr data-start=\"1100\" data-end=\"1169\">\n<td data-start=\"1100\" data-end=\"1125\" data-col-size=\"sm\">\u00dcber 1001 \u20ac<\/td>\n<td data-col-size=\"sm\" data-start=\"1125\" data-end=\"1169\">100 \u00a3 Ellis Brigham Gutschein<\/td>\n<\/tr>\n<\/tbody>\n<\/table>\n<p>&nbsp;<\/p>\n                <div class=\"cta-links\">\n                                            <a class=\"button solid\" href=\"https:\/\/skinewgen.referralrock.com\/v2\/1\/\" target=\"_self\" rel=\"noopener\">Join the Referral Program<\/a>\n                                                            <\/div>\n            <\/div>\n\n            <div class=\"image-container\">\n                                    <img loading=\"lazy\" decoding=\"async\" width=\"600\" height=\"600\" src=\"https:\/\/www.skinewgen.com\/wp-content\/uploads\/2025\/05\/Warmup-Boots-600x600.webp\" class=\"attachment-square size-square\" alt=\"Warmup Boots - ski exercises on the slopes\" srcset=\"https:\/\/www.skinewgen.com\/wp-content\/uploads\/2025\/05\/Warmup-Boots-600x600.webp 600w, https:\/\/www.skinewgen.com\/wp-content\/uploads\/2025\/05\/Warmup-Boots-300x300.webp 300w, https:\/\/www.skinewgen.com\/wp-content\/uploads\/2025\/05\/Warmup-Boots-1000x1000.webp 1000w\" sizes=\"auto, (max-width: 600px) 100vw, 600px\" \/>                            <\/div>\n\n        <\/div>\n    <\/div>\n<\/section>\n<section  class=\"solve-block-why-newgen\">\n    <div class=\"wrap\">\n        <div class=\"flex right-image\">\n\n            <div class=\"content\">\n                <h2>Warum am Freunde-werben-Programm teilnehmen?<\/h2>\n                <ul>\n<li data-start=\"1276\" data-end=\"1333\">\n<p data-start=\"1278\" data-end=\"1333\">Deine Freunde bekommen ein tolles Angebot und eine tolle Erfahrung.<\/p>\n<\/li>\n<li data-start=\"1334\" data-end=\"1390\">\n<p data-start=\"1336\" data-end=\"1390\">Du erh\u00e4ltst Gutscheine, die du f\u00fcr hochwertige Ausr\u00fcstung und Kleidung verwenden kannst.<\/p>\n<\/li>\n<li data-start=\"1391\" data-end=\"1481\">\n<p data-start=\"1393\" data-end=\"1481\">Du hilfst anderen, selbstbewusster zu werden, h\u00e4rter zu carven und ihre Winterferien zu genie\u00dfen.<\/p>\n<\/li>\n<li data-start=\"1482\" data-end=\"1526\">\n<p data-start=\"1484\" data-end=\"1526\">Keine Begrenzung, wie viele Personen du empfehlen kannst!<\/p>\n<\/li>\n<\/ul>\n                <div class=\"cta-links\">\n                                            <a class=\"button solid\" href=\"https:\/\/skinewgen.referralrock.com\/v2\/1\/access\" target=\"_self\" rel=\"noopener\">JOIN THE REFERRAL PROGRAM<\/a>\n                                                            <\/div>\n            <\/div>\n\n            <div class=\"image-container\">\n                                    <img loading=\"lazy\" decoding=\"async\" width=\"600\" height=\"600\" src=\"https:\/\/www.skinewgen.com\/wp-content\/uploads\/2024\/11\/Marco-Pietrini-1-1-600x600.webp\" class=\"attachment-square size-square\" alt=\"\" srcset=\"https:\/\/www.skinewgen.com\/wp-content\/uploads\/2024\/11\/Marco-Pietrini-1-1-600x600.webp 600w, https:\/\/www.skinewgen.com\/wp-content\/uploads\/2024\/11\/Marco-Pietrini-1-1-300x300.webp 300w, https:\/\/www.skinewgen.com\/wp-content\/uploads\/2024\/11\/Marco-Pietrini-1-1-1024x1024.webp 1024w, https:\/\/www.skinewgen.com\/wp-content\/uploads\/2024\/11\/Marco-Pietrini-1-1-150x150.webp 150w, https:\/\/www.skinewgen.com\/wp-content\/uploads\/2024\/11\/Marco-Pietrini-1-1-768x768.webp 768w, https:\/\/www.skinewgen.com\/wp-content\/uploads\/2024\/11\/Marco-Pietrini-1-1-1536x1536.webp 1536w, https:\/\/www.skinewgen.com\/wp-content\/uploads\/2024\/11\/Marco-Pietrini-1-1-1000x1000.webp 1000w, https:\/\/www.skinewgen.com\/wp-content\/uploads\/2024\/11\/Marco-Pietrini-1-1.webp 2000w\" sizes=\"auto, (max-width: 600px) 100vw, 600px\">                            <\/div>\n\n        <\/div>\n    <\/div>\n<\/section>\n<section class=\"solve-block-overview\">\n    <div class=\"wrap\">\n                    <div class=\"key-features flex\">\n                <!-- Key Points go here -->\n                <div class=\"flex\">\n                    <svg viewBox=\"0 0 20 18\" xmlns=\"http:\/\/www.w3.org\/2000\/svg\">\n    <path fill-rule=\"evenodd\" clip-rule=\"evenodd\" d=\"M11.4284 4.28557C11.4284 6.65248 9.50977 8.57128 7.14286 8.57128C4.77595 8.57128 2.85714 6.65248 2.85714 4.28557C2.85714 1.91866 4.77595 0 7.14286 0C9.50977 0 11.4284 1.91866 11.4284 4.28557ZM7.14286 9.99986C3.19796 9.99986 0 13.1978 0 17.1426C0 17.537 0.319825 17.8569 0.714286 17.8569H13.5713C13.9659 17.8569 14.2856 17.537 14.2856 17.1426C14.2856 13.1978 11.0878 9.99986 7.14286 9.99986ZM19.2857 17.8569H15.9679C16.0353 17.6306 16.0714 17.3908 16.0714 17.1426C16.0714 14.2268 14.6738 11.6375 12.5118 10.008C12.6262 10.0026 12.7414 9.99986 12.8571 9.99986C16.802 9.99986 20 13.1978 20 17.1426C20 17.537 19.6802 17.8569 19.2857 17.8569ZM12.8571 8.57128C12.4261 8.57128 12.0099 8.50773 11.6175 8.38921C12.609 7.3086 13.2143 5.86778 13.2143 4.28557C13.2143 2.70335 12.609 1.26254 11.6175 0.181924C12.0099 0.0635569 12.4261 0 12.8571 0C15.2241 0 17.1429 1.91866 17.1429 4.28557C17.1429 6.65248 15.2241 8.57128 12.8571 8.57128Z\" fill=\"currentColor\"\/>\n<\/svg>\n                    <p>Freunde einladen<\/p>\n                <\/div>\n                                    <div class=\"flex\">\n                        <svg viewBox=\"0 0 20 19\" xmlns=\"http:\/\/www.w3.org\/2000\/svg\">\n    <path d=\"M10 15.27L16.18 19L14.54 11.97L20 7.24L12.81 6.63L10 0L7.19 6.63L0 7.24L5.46 11.97L3.82 19L10 15.27Z\" fill=\"currentColor\"\/>\n<\/svg>                        <p>Rabatt gew\u00e4hren<\/p>\n                    <\/div>\n                                            <div class=\"flex\">\n                        <?xml version=\"1.0\" encoding=\"utf-8\"?><!-- Uploaded to: SVG Repo, www.svgrepo.com, Generator: SVG Repo Mixer Tools -->\r\n<svg width=\"800px\" height=\"800px\" viewBox=\"0 0 16 16\" fill=\"none\" xmlns=\"http:\/\/www.w3.org\/2000\/svg\">\r\n<path d=\"M3 3V0H5C6.65685 0 8 1.34315 8 3C8 1.34315 9.34315 0 11 0H13V3H16V6H0V3H3Z\" fill=\"#000000\"\/>\r\n<path d=\"M1 8H7V15H1V8Z\" fill=\"#000000\"\/>\r\n<path d=\"M15 8H9V15H15V8Z\" fill=\"#000000\"\/>\r\n<\/svg>                            <p>Belohnungen erhalten<\/p>\n                        <\/div>\n                                                <\/div>\n                <div class=\"container\">\n            <div class=\"page-details\">\n\n                <h2>Starte noch heute mit dem Empfehlen<\/h2>\n                <div id=\"content\" class=\"content\" aria-labelledby=\"read-more\" aria-hidden=\"true\">\n                    <p data-start=\"1891\" data-end=\"1999\">Die Teilnahme ist einfach und kostenlos.<\/p>\n<p data-start=\"1891\" data-end=\"1999\">Klicke auf den Link unten, um deinen Empfehlungslink zu erhalten und deine Belohnungen zu verdienen.<\/p>\n<h3 data-start=\"2001\" data-end=\"2033\"><a href=\"https:\/\/skinewgen.referralrock.com\/v2\/1\/access\" target=\"_blank\" rel=\"noopener\">Meinen Empfehlungslink erhalten<\/a><\/h3>\n<p><a href=\"https:\/\/travel.skinewgen.com\/tcs-referral-program-guest\" target=\"_blank\" rel=\"noopener\">*Es gelten die AGB<\/a><\/p>\n                    <div class=\"fade\"><\/div>\n                <\/div>\n                <button id=\"read-more\" class=\"no-style\" aria-expanded=\"false\" aria-controls=\"content\">Weiterlesen<\/button>\n\n            <\/div>\n        <\/div>\n    <\/div>\n<\/section>\n\n<section  class=\"solve-block-faqs\">\n    <div class=\"wrap\">\n        <div class=\"acf-innerblocks-container\">\n\n<h2 class=\"wp-block-heading\">Freunde werben Programm \u2013 h\u00e4ufig gestellte Fragen<\/h2>\n\n<\/div>\n        <div class=\"faqs-container grid\">\n                            <div class=\"grid\">\n                    \n<div class=\"single-accordion grid\">\n\n    <h3 class=\"h5\" id=\"accordion0-title\">\n        <button class=\"accordion-title no-style\" aria-expanded=\"false\" aria-controls=\"accordion0-content\">\n            <span>Was ist das neue Empfehlungsprogramm?<\/span>\n        <\/button>\n    <\/h3>\n\n    <div id=\"accordion0-content\" class=\"accordion-content dt\" aria-labelledby=\"accordion0-title\" aria-hidden=\"true\">\n        <p>Das Empfehlungsprogramm von New Generation bietet dir eine ausgezeichnete M\u00f6glichkeit, Belohnungen zu verdienen und gleichzeitig deinen Freunden Rabatte zu gew\u00e4hren.<br \/>\nEs ist eine kleine M\u00f6glichkeit f\u00fcr uns, uns f\u00fcr deine Bem\u00fchungen zu bedanken, mehr G\u00e4ste zu New Generation zu bringen.<\/p>\n    <\/div>\n\n<\/div>\n<div class=\"single-accordion grid\">\n\n    <h3 class=\"h5\" id=\"accordion2-title\">\n        <button class=\"accordion-title no-style\" aria-expanded=\"false\" aria-controls=\"accordion2-content\">\n            <span>Welche Belohnung erhalte ich?<\/span>\n        <\/button>\n    <\/h3>\n\n    <div id=\"accordion2-content\" class=\"accordion-content dt\" aria-labelledby=\"accordion2-title\" aria-hidden=\"true\">\n        <div class=\"rank-math-item-header\">\n<div class=\"rank-math-block-actions\">Hier ist, was du basierend auf den Gesamtausgaben deines Freundes erh\u00e4ltst.<\/div>\n<\/div>\n<div class=\"rank-math-item-content\">\n<div class=\"block-editor-rich-text__editable rank-math-faq-answer rich-text\" role=\"textbox\" contenteditable=\"true\" aria-multiline=\"true\" aria-label=\"Enter the answer to the question\">Sie geben unter 500 \u20ac aus, du erh\u00e4ltst einen 20 \u00a3 Ellis Brigham Gutschein. <br data-rich-text-line-break=\"true\">Sie geben zwischen 501 \u20ac und 1000 \u20ac aus, du erh\u00e4ltst einen 50 \u00a3 Ellis Brigham Gutschein. <br data-rich-text-line-break=\"true\">Sie geben \u00fcber 1001 \u20ac aus, du erh\u00e4ltst einen 100 \u00a3 Ellis Brigham Gutschein.<\/div>\n<\/div>\n    <\/div>\n\n<\/div>\n<div class=\"single-accordion grid\">\n\n    <h3 class=\"h5\" id=\"accordion4-title\">\n        <button class=\"accordion-title no-style\" aria-expanded=\"false\" aria-controls=\"accordion4-content\">\n            <span>Wie trete ich dem Empfehlungsprogramm bei?<\/span>\n        <\/button>\n    <\/h3>\n\n    <div id=\"accordion4-content\" class=\"accordion-content dt\" aria-labelledby=\"accordion4-title\" aria-hidden=\"true\">\n        <p>Besuche einfach <a href=\"https:\/\/skinewgen.referralrock.com\/v2\/1\/\" target=\"_blank\" rel=\"noopener\">diese Seite<\/a> und melde dich an. Du erh\u00e4ltst sofort einen pers\u00f6nlichen Link, den du mit Freunden teilen kannst, und Zugriff auf ein Dashboard, um den Status deiner Empfehlungen zu verfolgen. <\/p>\n    <\/div>\n\n<\/div>\n<div class=\"single-accordion grid\">\n\n    <h3 class=\"h5\" id=\"accordion6-title\">\n        <button class=\"accordion-title no-style\" aria-expanded=\"false\" aria-controls=\"accordion6-content\">\n            <span>Gibt es eine Begrenzung, wie viele Gutscheine ich verdienen kann?<\/span>\n        <\/button>\n    <\/h3>\n\n    <div id=\"accordion6-content\" class=\"accordion-content dt\" aria-labelledby=\"accordion6-title\" aria-hidden=\"true\">\n        <div class=\"rank-math-item-header\">\n<div class=\"rank-math-block-actions\">Nein \u2013 du kannst <strong>mehrere Gutscheine<\/strong> verdienen, je nachdem, wie viele Personen du empfiehlst und wie viel sie ausgeben. Auf zu den Ausr\u00fcstungs-Upgrades! <\/div>\n<\/div>\n    <\/div>\n\n<\/div>\n<div class=\"single-accordion grid\">\n\n    <h3 class=\"h5\" id=\"accordion8-title\">\n        <button class=\"accordion-title no-style\" aria-expanded=\"false\" aria-controls=\"accordion8-content\">\n            <span>Muss ich ein ehemaliger Kunde sein, um jemanden zu empfehlen?<\/span>\n        <\/button>\n    <\/h3>\n\n    <div id=\"accordion8-content\" class=\"accordion-content dt\" aria-labelledby=\"accordion8-title\" aria-hidden=\"true\">\n        <div class=\"rank-math-item-header\">\n<div class=\"rank-math-block-actions\">Nein, jeder kann teilnehmen und empfehlen \u2013 egal, ob du ein ehemaliger Gast, ein Elternteil oder einfach nur ein Fan von dem bist, was wir tun.<\/div>\n<\/div>\n    <\/div>\n\n<\/div>                <\/div>\n                <div class=\"grid\">\n                \n<div class=\"single-accordion grid\">\n\n    <h3 class=\"h5\" id=\"accordion1-title\">\n        <button class=\"accordion-title no-style\" aria-expanded=\"false\" aria-controls=\"accordion1-content\">\n            <span>Wie funktioniert das Empfehlungsprogramm?<\/span>\n        <\/button>\n    <\/h3>\n\n    <div id=\"accordion1-content\" class=\"accordion-content dt\" aria-labelledby=\"accordion1-title\" aria-hidden=\"true\">\n        <div class=\"rank-math-item-header\">\n<div class=\"rank-math-block-actions\">Ganz einfach! Teile deinen einzigartigen Empfehlungslink mit Freunden. Wenn sie \u00fcber deinen Link bei uns buchen, erhalten sie <strong>5 % Rabatt<\/strong> auf ihre Buchung. Nachdem sie ihre Lektionen abgeschlossen haben, erh\u00e4ltst du einen <strong>Ellis Brigham Gutschein<\/strong> \u2013 die H\u00f6he h\u00e4ngt davon ab, wie viel sie ausgegeben haben.   <\/div>\n<\/div>\n    <\/div>\n\n<\/div>\n<div class=\"single-accordion grid\">\n\n    <h3 class=\"h5\" id=\"accordion3-title\">\n        <button class=\"accordion-title no-style\" aria-expanded=\"false\" aria-controls=\"accordion3-content\">\n            <span>Was bekommt mein Freund?<\/span>\n        <\/button>\n    <\/h3>\n\n    <div id=\"accordion3-content\" class=\"accordion-content dt\" aria-labelledby=\"accordion3-title\" aria-hidden=\"true\">\n        <div class=\"rank-math-item-header\">\n<div class=\"rank-math-block-actions\">Dein Freund erh\u00e4lt <strong>5 % Rabatt<\/strong> auf seine erste Buchung bei New Gen, wenn er \u00fcber deinen Empfehlungslink bucht.<\/div>\n<\/div>\n    <\/div>\n\n<\/div>\n<div class=\"single-accordion grid\">\n\n    <h3 class=\"h5\" id=\"accordion5-title\">\n        <button class=\"accordion-title no-style\" aria-expanded=\"false\" aria-controls=\"accordion5-content\">\n            <span>Wie erhalte ich meinen Gutschein?<\/span>\n        <\/button>\n    <\/h3>\n\n    <div id=\"accordion5-content\" class=\"accordion-content dt\" aria-labelledby=\"accordion5-title\" aria-hidden=\"true\">\n        <div class=\"rank-math-item-header\">\n<div class=\"rank-math-block-actions\">Sobald dein Freund seine Lektionen abgeschlossen hat, bearbeiten wir deine Belohnung und senden deinen <strong>Ellis Brigham Gutschein<\/strong> innerhalb von <strong>14 Tagen<\/strong> per E-Mail.<\/div>\n<\/div>\n    <\/div>\n\n<\/div>\n<div class=\"single-accordion grid\">\n\n    <h3 class=\"h5\" id=\"accordion7-title\">\n        <button class=\"accordion-title no-style\" aria-expanded=\"false\" aria-controls=\"accordion7-content\">\n            <span>Was passiert, wenn mein Freund storniert oder einen neuen Termin vereinbart?<\/span>\n        <\/button>\n    <\/h3>\n\n    <div id=\"accordion7-content\" class=\"accordion-content dt\" aria-labelledby=\"accordion7-title\" aria-hidden=\"true\">\n        <div class=\"rank-math-item-header\">\n<div class=\"rank-math-block-actions\">Belohnungen werden erst ausgestellt, nachdem dein Freund seine Lektion(en) abgeschlossen hat. Wenn er storniert oder nicht erscheint, gilt die Belohnung leider nicht. <\/div>\n<\/div>\n    <\/div>\n\n<\/div>\n<div class=\"single-accordion grid\">\n\n    <h3 class=\"h5\" id=\"accordion9-title\">\n        <button class=\"accordion-title no-style\" aria-expanded=\"false\" aria-controls=\"accordion9-content\">\n            <span>Kann ich meinen Empfehlungslink in den sozialen Medien verwenden?<\/span>\n        <\/button>\n    <\/h3>\n\n    <div id=\"accordion9-content\" class=\"accordion-content dt\" aria-labelledby=\"accordion9-title\" aria-hidden=\"true\">\n        <div class=\"rank-math-item-header\">\n<div class=\"rank-math-block-actions\">Ja! Du kannst deinen Link gerne auf Instagram, Facebook, WhatsApp teilen \u2013 wo immer sich deine Community befindet. <\/div>\n<\/div>\n    <\/div>\n\n<\/div>                <\/div>\n                    <\/div>\n    <\/div>\n<\/section>\n","protected":false},"excerpt":{"rendered":"","protected":false},"author":7,"featured_media":13245,"parent":0,"menu_order":0,"comment_status":"closed","ping_status":"closed","template":"","meta":{"_acf_changed":false,"content-type":"","footnotes":""},"page_type":[399],"class_list":["post-14634","page","type-page","status-publish","has-post-thumbnail","hentry","page_type-freunde-werben"],"acf":[],"_links":{"self":[{"href":"https:\/\/www.skinewgen.com\/de\/wp-json\/wp\/v2\/pages\/14634","targetHints":{"allow":["GET"]}}],"collection":[{"href":"https:\/\/www.skinewgen.com\/de\/wp-json\/wp\/v2\/pages"}],"about":[{"href":"https:\/\/www.skinewgen.com\/de\/wp-json\/wp\/v2\/types\/page"}],"author":[{"embeddable":true,"href":"https:\/\/www.skinewgen.com\/de\/wp-json\/wp\/v2\/users\/7"}],"replies":[{"embeddable":true,"href":"https:\/\/www.skinewgen.com\/de\/wp-json\/wp\/v2\/comments?post=14634"}],"version-history":[{"count":2,"href":"https:\/\/www.skinewgen.com\/de\/wp-json\/wp\/v2\/pages\/14634\/revisions"}],"predecessor-version":[{"id":15093,"href":"https:\/\/www.skinewgen.com\/de\/wp-json\/wp\/v2\/pages\/14634\/revisions\/15093"}],"wp:featuredmedia":[{"embeddable":true,"href":"https:\/\/www.skinewgen.com\/de\/wp-json\/wp\/v2\/media\/13245"}],"wp:attachment":[{"href":"https:\/\/www.skinewgen.com\/de\/wp-json\/wp\/v2\/media?parent=14634"}],"wp:term":[{"taxonomy":"page_type","embeddable":true,"href":"https:\/\/www.skinewgen.com\/de\/wp-json\/wp\/v2\/page_type?post=14634"}],"curies":[{"name":"wp","href":"https:\/\/api.w.org\/{rel}","templated":true}]}}