{"id":7520,"date":"2024-07-15T14:38:33","date_gmt":"2024-07-15T14:38:33","guid":{"rendered":"https:\/\/skinewgen.solve.co.uk\/kaufbedingungen-stornierungsbedingungen\/"},"modified":"2025-10-21T10:17:51","modified_gmt":"2025-10-21T10:17:51","slug":"kaufbedingungen-stornierungsbedingungen","status":"publish","type":"page","link":"https:\/\/www.skinewgen.com\/de\/kaufbedingungen-stornierungsbedingungen\/","title":{"rendered":"Kursbedingungen"},"content":{"rendered":"\n<p>Diese Allgemeinen Gesch\u00e4ftsbedingungen gelten f\u00fcr alle Buchungen unserer Piste Performance, Off-Piste Kurse, All Mountain Kurse und Skilehrer Kurse.<\/p>\n\n<h2 class=\"wp-block-heading\"><strong>Allgemeine Gesch\u00e4ftsbedingungen (AGB)<\/strong><\/h2>\n\n<ol class=\"wp-block-list\">\n<li>New Generation ist ein Buchungsagent f\u00fcr eine Reihe von Unternehmen, die den Kurs und die im Rahmen Ihrer Buchung enthaltene Unterweisung anbieten.<\/li>\n\n\n\n<li>Wenn du eine Buchung bei uns vornimmst, erkl\u00e4rst du dich mit den unten aufgef\u00fchrten Bedingungen einverstanden. Eine Beschreibung der unten genannten Produkte findest du auf unserer Website.<\/li>\n\n\n\n<li>Gelegentlich machen wir Sonderangebote. Wenn das Angebot diesen Allgemeinen Gesch\u00e4ftsbedingungen widerspricht, haben die Bedingungen des Angebots Vorrang, soweit sie dies tun.<\/li>\n\n\n\n<li>Was in Ihrem Kurs enthalten ist, ist auf Ihrer Rechnung aufgef\u00fchrt. Sie m\u00fcssen alle anderen potenziellen Kosten im Zusammenhang mit dem gebuchten Kurs separat arrangieren und bezahlen. <\/li>\n\n\n\n<li>F\u00fcr alle Buchungen gelten die gleichen Bedingungen. Buchungen, die mit einem Gutschein oder Geschenkgutschein vorgenommen werden, sind nicht f\u00fcr eine Barauszahlung berechtigt, und es wird ein neuer Gutschein \u00fcber den entsprechenden Betrag ausgestellt. <\/li>\n<\/ol>\n\n<h2 class=\"wp-block-heading\"><strong>Vertrag<\/strong><\/h2>\n\n<ol start=\"6\" class=\"wp-block-list\">\n<li>Ihr Vertragspartner ist eine der folgenden Einheiten, abh\u00e4ngig von Ihrem Kursort und davon, ob er eine Unterkunft beinhaltet:\n<ol class=\"wp-block-list\">\n<li>Alle Kurse mit Unterkunft \u2013 New Generation Ski and Snowboard LTD<\/li>\n\n\n\n<li>Nur Trainingskurse in Frankreich \u2013 Syndicat de New Generation (Frankreich), eine Vereinigung von professionellen, unabh\u00e4ngigen Skilehrern, die On-Snow-Dienstleistungen anbieten.<\/li>\n\n\n\n<li>Nur Trainingskurse in \u00d6sterreich \u2013 New Generation Austria GmbH (\u00d6sterreich) <\/li>\n\n\n\n<li>Nur Trainingskurse in der Schweiz \u2013 New Generation Ski School SARL (Schweiz).<\/li>\n<\/ol>\n<\/li>\n\n\n\n<li>New Generation Ski and Snowboard Ltd verwaltet Ihre Buchung. \u201eSie\u201c beziehen sich auf Sie, die Person, die die Buchung vornimmt, und diejenigen, f\u00fcr die Sie Kurse \u00fcber New Generation Ski and Snowboard Ltd buchen. <\/li>\n\n\n\n<li>Wenn wir der Meinung sind, dass falsche Angaben \u00fcber das Alter oder das Niveau eines Kindes oder Erwachsenen gemacht wurden und wir keinen Platz haben, um das Kind oder den Erwachsenen in eine geeignete Unterrichtsstunde zu versetzen, behalten wir uns das Recht vor, das Kind oder den Erwachsenen von der Unterrichtsstunde auszuschlie\u00dfen, ohne eine R\u00fcckerstattung anzubieten oder dir gegen\u00fcber anderweitig haftbar zu sein.<\/li>\n\n\n\n<li>Bitte vergewissere dich, wo du unseren Lehrer f\u00fcr deinen Unterricht treffen musst. Diese Informationen findest du auf unserer Website, bei deinem Reiseveranstalter oder Buchungsb\u00fcro oder bei uns. Es liegt in Ihrer Verantwortung, sicherzustellen, dass Sie und diejenigen, f\u00fcr die Sie Kurse arrangieren, zum richtigen Zeitpunkt am richtigen Ort f\u00fcr die Kurse sind. Versp\u00e4tungen des Kursbeginns, die darauf zur\u00fcckzuf\u00fchren sind, dass Sie den Lehrer nicht finden k\u00f6nnen, werden nicht erstattet, und wir sind m\u00f6glicherweise nicht in der Lage, die Zeit am Ende des Kurses nachzuholen. <\/li>\n\n\n\n<li>In einigen Kursen (z. B. Off-Piste-Sessions) k\u00f6nnen Lehrer abseits der Piste Ski fahren. Sie m\u00fcssen eine Versicherung haben, die das Skifahren abseits der Piste abdeckt. In bestimmten Sitzungen m\u00fcssen Sie Lawinensicherheitsausr\u00fcstung tragen \u2013 wenn Sie diese nicht haben, k\u00f6nnen wir Ihnen helfen, Mietausr\u00fcstung zu finden. Wir behalten uns das Recht vor, G\u00e4ste ohne R\u00fcckerstattung von einer Sitzung auszuschlie\u00dfen, wenn sie sich weigern, geeignete Sicherheitsausr\u00fcstung zu verwenden.   <\/li>\n\n\n\n<li>Skifahren und Snowboarden sind gef\u00e4hrliche Aktivit\u00e4ten. Sie erkl\u00e4ren sich damit einverstanden, diese Lektionen auf eigenes Risiko in Bezug auf die \u00fcblichen Gefahren des Skifahrens\/Snowboardens zu nehmen. Sie m\u00fcssen eine Versicherung haben, die Unf\u00e4lle oder Verletzungen w\u00e4hrend Ihres Kurses abdeckt. Nichts in diesen Bedingungen schlie\u00dft unsere Haftung f\u00fcr Fahrl\u00e4ssigkeit aus oder reduziert sie, wenn wir unserer Sorgfaltspflicht nicht nachkommen. Der Anbieter ist nicht verantwortlich f\u00fcr Tod oder Verletzungen, Verluste oder Unf\u00e4lle, wie auch immer diese w\u00e4hrend des Unterrichts auftreten, au\u00dfer wenn die Fahrl\u00e4ssigkeit des Anbieters den Unfall verursacht. Die Lehrer entscheiden nach eigenem Ermessen, welches Gel\u00e4nde sie f\u00fcr das Niveau der Skifahrer oder Snowboarder in ihren Lektionen f\u00fcr angemessen halten. Dies kann auf oder abseits der Piste sein. Sie m\u00fcssen sicherstellen, dass Sie und alle, die Sie im Namen von buchen, eine Versicherung haben, um dieses Ereignis abzudecken, oder Sie m\u00fcssen ablehnen, abseits der Piste zu fahren. Wenn Sie oder diejenigen, f\u00fcr die Sie gebucht haben, dies ohne eine solche Versicherung tun, ist dies auf Ihre eigene Fahrl\u00e4ssigkeit zur\u00fcckzuf\u00fchren. Wenn Sie oder eine Ihrer Gruppen sich unwohl f\u00fchlen, m\u00fcssen Sie dies dem Lehrer sofort mitteilen, damit er sofort Ma\u00dfnahmen ergreifen kann, um Sie zu sch\u00fctzen.         <\/li>\n\n\n\n<li>Es kann vorkommen, dass wir dich w\u00e4hrend deines Urlaubs kontaktieren m\u00fcssen. Es liegt in Ihrer Verantwortung, sicherzustellen, dass wir Ihre aktuellen und aktuellen Kontaktdaten haben und dass Sie unsere Nachrichten und Versuche, Sie zu kontaktieren, sofort erhalten und zur Kenntnis nehmen.<\/li>\n<\/ol>\n\n<h2 class=\"wp-block-heading\"><strong>Kunden-Verhaltenskodex<\/strong><\/h2>\n\n<ol start=\"13\" class=\"wp-block-list\">\n<li>Alle Personen, die unsere Dienste in Anspruch nehmen, m\u00fcssen sich auf und abseits des Schnees immer sicher und angemessen verhalten. In Gebirgsregionen k\u00f6nnen sich Situationen sehr schnell zum Schlechten entwickeln, ohne dass man vorher wei\u00df, dass sie eintreten k\u00f6nnten. Wir behalten uns das Recht vor, Personen ohne Vorwarnung (und ohne Angabe von Gr\u00fcnden zu diesem Zeitpunkt) vom Unterricht auszuschlie\u00dfen, die sich nicht an die relevanten Sicherheitsrichtlinien und\/oder Anweisungen der Lehrer halten. Dies ist zu erwarten, wenn Sie sich oder andere in irgendeiner Weise gef\u00e4hrden, wenn die Erfahrung anderer Teilnehmer beeintr\u00e4chtigt wird, wenn k\u00f6rperlicher oder verbaler Missbrauch einer anderen Person offensichtlich ist oder vermutet wird, und unabh\u00e4ngig davon, ob Sie der Meinung sind, dass der Ausschluss akzeptabel ist oder nicht. In einem solchen Fall haben Sie keinen Anspruch auf R\u00fcckerstattung oder Entsch\u00e4digung.  <\/li>\n\n\n\n<li>Solche Situationen k\u00f6nnen Folgendes umfassen, sind aber nicht darauf beschr\u00e4nkt:\n<ol class=\"wp-block-list\">\n<li>Nichteinhaltung der vom Lehrer genannten Sicherheitsrichtlinien und\/oder Verwendung Ihres gesunden Menschenverstandes, um Ihre Sicherheit zu gew\u00e4hrleisten.<\/li>\n\n\n\n<li>Nichtbefolgen der Anweisungen des Lehrers.<\/li>\n\n\n\n<li>Nichteinhaltung des Verhaltenskodex des Internationalen Skiverbandes \u2013 d. h. der 10 FIS-Verhaltensregeln.<\/li>\n\n\n\n<li>Skifahren unter dem Einfluss von Alkohol oder Drogen, die Ihre k\u00f6rperliche Koordination oder Ihren geistigen Zustand beeintr\u00e4chtigen k\u00f6nnen.<\/li>\n\n\n\n<li>Gef\u00e4hrdung einer anderen Person durch Verletzungen und\/oder Gefahren<\/li>\n\n\n\n<li>Nichteinhaltung staatlicher Sicherheitsprotokolle.<\/li>\n<\/ol>\n<\/li>\n\n\n\n<li>Sie bleiben jederzeit f\u00fcr das Verhalten der Personen verantwortlich, f\u00fcr die Sie die Dienstleistungen des Anbieters buchen.<\/li>\n<\/ol>\n\n<h2 class=\"wp-block-heading\"><strong>Betriebliche Unterbrechungen<\/strong><\/h2>\n\n<ol start=\"16\" class=\"wp-block-list\">\n<li>Wenn das Resort ge\u00f6ffnet ist (oder teilweise ge\u00f6ffnet ist), werden die Dienstleistungen im Rahmen der M\u00f6glichkeiten wie geplant erbracht. Unsere Lehrer werden die ihnen zur Verf\u00fcgung stehenden offenen Bereiche nutzen, um die Dienstleistungen so zu erbringen, dass deine Sicherheit gew\u00e4hrleistet ist. <\/li>\n\n\n\n<li>Unterbrechungen des Resortbetriebs und die Art und Weise, wie Resorts ihre Gesch\u00e4fte verwalten, liegen vollst\u00e4ndig au\u00dferhalb unserer Kontrolle. Wenn Entscheidungen von Resorts die \u00fcbliche Erbringung unserer Dienstleistungen beeintr\u00e4chtigen, haben Sie keinen Anspruch auf R\u00fcckerstattung, Entsch\u00e4digung oder Rabatt. Solche Situationen k\u00f6nnen Folgendes umfassen, sind aber nicht darauf beschr\u00e4nkt: Technische St\u00f6rung, Streik, widrige Wetterbedingungen, \u00fcberm\u00e4\u00dfige oder unzureichende Schneedecke, Stromausfall, Krankheitsausbruch, Epidemie, Schlie\u00dfung des Resorts und\/oder Volumenbeschr\u00e4nkungen f\u00fcr Besucherzahlen. Auf Anfrage stellen wir Ihrem Versicherer ein Schreiben zur Verf\u00fcgung, um Sie bei Ihrem Versicherungsanspruch zu unterst\u00fctzen. Wir haften Ihnen gegen\u00fcber nicht f\u00fcr ein solches Ereignis, wie auch immer es entsteht.    <\/li>\n<\/ol>\n\n<h2 class=\"wp-block-heading\"><strong>H\u00f6here Gewalt<\/strong><\/h2>\n\n<ol start=\"18\" class=\"wp-block-list\">\n<li>Der Leistungserbringer kann in keinem Fall f\u00fcr die Nichterf\u00fcllung oder Verz\u00f6gerung seiner Verpflichtungen verantwortlich oder haftbar gemacht werden, wenn die Durchf\u00fchrung des Unterrichts rechtlich und\/oder physisch unm\u00f6glich war, z. B. bei Ereignissen, die unter den Begriff &#8222;h\u00f6here Gewalt&#8220; fallen (z. B. Unwetter, Vulkanausbruch, Erdbeben) oder Ereignisse wie Krieg, Epidemie, vom Skigebiet durchgef\u00fchrte Seuchenbek\u00e4mpfungsma\u00dfnahmen, staatliche Eingriffe (einschlie\u00dflich gestrichener Gesetze und Durchf\u00fchrungsverordnungen, Verweigerung der Betriebsgenehmigung aus politischen Gr\u00fcnden, Reisebeschr\u00e4nkungen), Streik, kriminelles und\/oder unerlaubtes Verhalten deinerseits oder jedes andere Ereignis, das au\u00dferhalb der Kontrolle des Anbieters liegt (ein &#8222;Ereignis h\u00f6herer Gewalt&#8220;).\n<ol class=\"wp-block-list\">\n<li>New Generation Ski and Snowboard Ltd. benachrichtigt die andere Partei so schnell wie m\u00f6glich nach dem Eintreten eines Ereignisses h\u00f6herer Gewalt.<\/li>\n\n\n\n<li>Es versteht sich, dass wir angemessene Anstrengungen unternehmen werden, die mit den anerkannten Praktiken innerhalb der Schneesportbranche \u00fcbereinstimmen, um die Leistung so bald wie m\u00f6glich und praktikabel unter den gegebenen Umst\u00e4nden wieder aufzunehmen.<\/li>\n\n\n\n<li>Im Falle eines Ereignisses h\u00f6herer Gewalt und wenn wir nicht in der Lage sind, die Leistung rechtzeitig zur Erf\u00fcllung des Vertrags wieder aufzunehmen, haben Sie keinen Anspruch auf eine R\u00fcckerstattung.<\/li>\n<\/ol>\n<\/li>\n<\/ol>\n\n<h2 class=\"wp-block-heading\"><strong>Stornierung<\/strong><\/h2>\n\n<ol start=\"19\" class=\"wp-block-list\">\n<li>Wir verstehen, dass sich Pl\u00e4ne \u00e4ndern k\u00f6nnen, und wir sind bestrebt, so flexibel wie m\u00f6glich zu sein und gleichzeitig einen fairen Ansatz f\u00fcr alle Beteiligten zu wahren. Unsere Stornierungsbedingungen sollen Klarheit und Sicherheit f\u00fcr unsere G\u00e4ste und unser Team gew\u00e4hrleisten. <\/li>\n\n\n\n<li>Richtlinien\u00fcbersicht:<\/li>\n\n\n\n<li>Benachrichtigungszeitraum:\n<ol class=\"wp-block-list\">\n<li>Mehr als 90 Tage vor dem Startdatum: Volle R\u00fcckerstattung abz\u00fcglich einer Verwaltungsgeb\u00fchr von 5 %.<\/li>\n\n\n\n<li>45 &#8211; 89 Tage vor dem Startdatum: 50 % R\u00fcckerstattung der Gesamtkosten.<\/li>\n\n\n\n<li>Weniger als 45 Tage vor dem Startdatum: Keine R\u00fcckerstattung m\u00f6glich. Wenn wir Ihren Platz jedoch weiterverkaufen oder Kosten im Zusammenhang mit Ihrer Buchung decken k\u00f6nnen, erstatten wir diese Kosten. <\/li>\n<\/ol>\n<\/li>\n\n\n\n<li>Programm\u00e4nderung oder Stornierung durch New Generation. Wenn wir ein Programm aufgrund unvorhergesehener Umst\u00e4nde absagen m\u00fcssen, bieten wir eine vollst\u00e4ndige R\u00fcckerstattung oder die M\u00f6glichkeit zur Umplanung an. <\/li>\n\n\n\n<li>Wir behalten uns das Recht vor, Programmdetails bei Bedarf zu \u00e4ndern, aber wir bieten immer eine Erfahrung von gleichem oder h\u00f6herem Wert.\n<ol class=\"wp-block-list\">\n<li>Wenn ein wesentlicher Bestandteil Ihres Programms erheblich ge\u00e4ndert wird, k\u00f6nnen Sie ohne Zahlung von Stornierungsgeb\u00fchren stornieren.<\/li>\n\n\n\n<li>Ein wesentlicher Bestandteil des Programms k\u00f6nnte einer der folgenden sein:\n<ol class=\"wp-block-list\">\n<li>Der Standard der Unterkunft und der Unterbringungsm\u00f6glichkeiten<\/li>\n\n\n\n<li>Die Art und der Standard des Transports<\/li>\n\n\n\n<li>Der Abfahrts- und Zielort<\/li>\n\n\n\n<li>Jede Einrichtung oder Dienstleistung, die als Teil des Programms beworben oder gef\u00f6rdert wird<\/li>\n<\/ol>\n<\/li>\n<\/ol>\n<\/li>\n\n\n\n<li>Versicherung: Wir empfehlen allen Teilnehmern dringend, eine umfassende Reiseversicherung abzuschlie\u00dfen, die Stornierungen aufgrund pers\u00f6nlicher Umst\u00e4nde abdeckt.<\/li>\n\n\n\n<li>Um unsere Verwaltungskosten zu decken, behalten wir uns das Recht vor, eine Verwaltungsgeb\u00fchr von 30 \u20ac f\u00fcr \u00c4nderungen zu erheben, die nach der Best\u00e4tigung der Buchung vorgenommen werden.<\/li>\n<\/ol>\n\n<h2 class=\"wp-block-heading\"><strong>Anforderungen f\u00fcr unsere Kurse<\/strong><\/h2>\n\n<ol start=\"26\" class=\"wp-block-list\">\n<li>Alle Teilnehmer unserer Piste Performance, Off-Piste, All Mountain, Cycling und Skilehrer Kurse m\u00fcssen mindestens 18 Jahre alt sein.<\/li>\n\n\n\n<li>Gesundheit und Fitness: Es liegt in Ihrer Verantwortung, sicherzustellen, dass Sie \u00fcber die erforderlichen Gesundheits- und Fitnessniveaus f\u00fcr die Dauer des Kurses verf\u00fcgen. New Generation leistet keine R\u00fcckerstattungen, wenn Studenten aufgrund ihres Gesundheits- und\/oder Fitnessniveaus nicht mit dem Training fortfahren k\u00f6nnen. <\/li>\n\n\n\n<li>Medizinische Bedingungen: Aus Sicherheits- und Versicherungsgr\u00fcnden m\u00fcssen die Studenten New Generation \u00fcber alle bereits bestehenden medizinischen Bedingungen und Gesundheitsprobleme informieren, die ihre F\u00e4higkeit, das Programm sicher zu absolvieren, beeintr\u00e4chtigen k\u00f6nnten.<\/li>\n\n\n\n<li>Die Auszubildenden d\u00fcrfen vor den Trainingseinheiten keinen Alkohol konsumieren. Wer w\u00e4hrend des Trainings berauscht oder unter Einfluss steht, wird vom Kurs ausgeschlossen.  <\/li>\n\n\n\n<li>Besitz oder Gebrauch illegaler Substanzen f\u00fchrt zum sofortigen Ausschluss vom Kurs.<\/li>\n<\/ol>\n\n<h2 class=\"wp-block-heading\"><strong>Anforderungen f\u00fcr Wohnkurse:<\/strong><\/h2>\n\n<ol start=\"31\" class=\"wp-block-list\">\n<li>Studenten, die sich f\u00fcr Wohnkurse anmelden, die l\u00e4nger als zwei Wochen dauern, m\u00fcssen New Generation eine Schadenskaution in H\u00f6he von 500 \u00a3 als Sicherheit gegen Sch\u00e4den an der Kursunterkunft leisten. Alle Bruchsch\u00e4den werden dem verantwortlichen Studenten zuz\u00fcglich einer Verwaltungsgeb\u00fchr zur Deckung des Zeit- und Kostenaufwands f\u00fcr den Ersatz oder die Reparatur des Bruchschadens in Rechnung gestellt. Wenn nicht festgestellt werden kann, wer den Bruchschaden verursacht hat, werden die Kosten zu gleichen Teilen zwischen allen aufgeteilt, die sich die Unterkunft teilen.  <\/li>\n\n\n\n<li>Visabestimmungen: Es liegt in der Verantwortung des Studenten, alle erforderlichen Visa zu beschaffen. Das Vers\u00e4umnis, ein Visum zu erhalten, berechtigt den Studenten nicht zu einer R\u00fcckerstattung gem\u00e4\u00df unseren Stornierungsbedingungen. <\/li>\n<\/ol>\n\n<h2 class=\"wp-block-heading\"><strong>Level<\/strong><\/h2>\n\n<ol start=\"33\" class=\"wp-block-list\">\n<li>Eine vollst\u00e4ndige Beschreibung jedes Kurses und Niveaus ist auf unserer Website verf\u00fcgbar. Es liegt in Ihrer Verantwortung, sicherzustellen, dass Sie sich und die anderen in Ihrer Gruppe f\u00fcr das richtige Niveau und den richtigen Kurstyp anmelden. Wenn wir es aus Sicherheitsgr\u00fcnden f\u00fcr notwendig halten oder Sie sich oder diejenigen in Ihrer Gruppe f\u00fcr das falsche Niveau angemeldet haben, behalten wir uns das Recht vor, den Sch\u00fcler ohne R\u00fcckerstattung vom Kurs auszuschlie\u00dfen. Wo m\u00f6glich, werden wir die G\u00e4ste in eine besser geeignete Gruppe verlegen, aber dies ist nicht garantiert.   <\/li>\n<\/ol>\n\n<h2 class=\"wp-block-heading\"><strong>Gruppenkurse<\/strong><\/h2>\n\n<ol start=\"34\" class=\"wp-block-list\">\n<li>Wir \u00fcberpr\u00fcfen Ihr Niveau zu Beginn des Kurses. Bei Bedarf k\u00f6nnen wir Personen zwischen den Kursen verschieben, um einen reibungslosen Ablauf des Kurses zu gew\u00e4hrleisten. Dementsprechend m\u00fcssen wir m\u00f6glicherweise die Gruppengr\u00f6\u00dfen \u00e4ndern, was bedeuten kann, dass die Gruppen auf eine \u00fcber dem angegebenen Maximum liegende Gr\u00f6\u00dfe anwachsen.  <\/li>\n\n\n\n<li>Intermediate Piste Performance, Advanced Piste Performance, Intro to Off-Piste, Intermediate Off-Piste, Advanced Off-Piste und Expert Off-Piste Kurse ben\u00f6tigen mindestens 3 Personen, um f\u00fcr ihre volle Dauer zu laufen.<\/li>\n\n\n\n<li>Wenn nur zwei Sch\u00fcler in einen Intermediate Piste Performance, Advanced Piste Performance, Intro to Off-Piste, Intermediate Off-Piste, Advanced Off-Piste und Expert Off-Piste Kurs gebucht sind, wird der Kurs von 5 Tagen auf 4 Tage verk\u00fcrzt.<\/li>\n\n\n\n<li>All Mountain Kurse und Skilehrer Kurse ben\u00f6tigen mindestens 5 Personen, um f\u00fcr ihre volle Dauer zu laufen. Wenn weniger als 5 Personen f\u00fcr einen All Mountain oder Skilehrer Kurs gebucht sind, werden wir Sie kontaktieren, um Ihre Optionen zu besprechen. <\/li>\n\n\n\n<li>Cycling Kurse und Skilehrer Kurse ben\u00f6tigen mindestens 5 Personen, um f\u00fcr ihre volle Dauer zu laufen. Wenn weniger als 5 Personen f\u00fcr Ihren Kurs gebucht sind, werden wir Sie kontaktieren, um Ihre Optionen zu besprechen. <\/li>\n\n\n\n<li>Wenn Sie der einzige Sch\u00fcler sind, der in einen Intermediate Piste Performance, Advanced Piste Performance, Intro to Off-Piste, Intermediate Off-Piste, Advanced Off-Piste und Expert Off-Piste Kurs gebucht ist.\n<ol class=\"wp-block-list\">\n<li>Sie k\u00f6nnen den Kurs gegen volle R\u00fcckerstattung stornieren oder;<\/li>\n\n\n\n<li>Wir verk\u00fcrzen das Produkt auf 12 Stunden Privatunterricht.<\/li>\n<\/ol>\n<\/li>\n<\/ol>\n\n<h2 class=\"wp-block-heading\"><strong>Datenverwendung und Datenschutz<\/strong><\/h2>\n\n<ol start=\"40\" class=\"wp-block-list\">\n<li>Wie New Generation Ski and Snowboard Ltd. deine pers\u00f6nlichen Daten nutzt, kannst du auf <a href=\"https:\/\/www.skinewgen.com\/de\/datenschutzrichtlinie\/\">unserer Seite zum Datenschutz<\/a> nachlesen.<\/li>\n\n\n\n<li>Die Datenschutzrichtlinien der Anbieter findest du unter:\n<ol class=\"wp-block-list\">\n<li><a href=\"https:\/\/1i7x8p2ukloh4fea6v62aj9a-wpengine.netdna-ssl.com\/wp-content\/uploads\/Privacy-Policy-Syndicat.pdf\" target=\"_blank\" rel=\"noopener\">Syndicat de New Generation<\/a>; und<\/li>\n\n\n\n<li><a href=\"https:\/\/1i7x8p2ukloh4fea6v62aj9a-wpengine.netdna-ssl.com\/wp-content\/uploads\/Privacy-Policy-Ski-School-SARL.pdf\" target=\"_blank\" rel=\"noopener\">New Generation Ski School SARL<\/a>.<\/li>\n<\/ol>\n<\/li>\n<\/ol>\n\n<h2 class=\"wp-block-heading\"><strong>Fotografie<\/strong><\/h2>\n\n<ol start=\"42\" class=\"wp-block-list\">\n<li>W\u00e4hrend deines Unterrichts k\u00f6nnen wir Fotos und Videos von deinen Kunden (einschlie\u00dflich Kindern unter 18 Jahren) f\u00fcr Coaching- und Marketingzwecke aufnehmen.<\/li>\n<\/ol>\n\n<h2 class=\"wp-block-heading\"><strong>Kontakt Details<\/strong><\/h2>\n\n<ol start=\"43\" class=\"wp-block-list\">\n<li>New Generation Ski and Snowboard Limited, ein englisches Unternehmen mit der eingetragenen Nummer 08491313 und Sitz in Fifth Floor Watson House, 54-60 Baker Street, London, W1U 7BU UK<\/li>\n\n\n\n<li>New Generation Ski and Snowboard Limited ist der Vertreter jedes der unten aufgef\u00fchrten Dienstleisters:\n<ol class=\"wp-block-list\">\n<li>Telefon: +44 1462 674000<\/li>\n\n\n\n<li>E-Mail: info@skinewgen.com<\/li>\n\n\n\n<li>Syndicat de New Generation ist ein franz\u00f6sisches Syndikat mit der Siret-Nummer 832 168 629 00018 und einer eingetragenen Adresse in Immeuble Le Ceylon, 73120, Courchevel, Frankreich.<\/li>\n\n\n\n<li>New Generation Ski School SARL, ein Schweizer Unternehmen mit der Firmenregistrierungsnummer CHE-113.308.436, mit einer eingetragenen Adresse in Chemin de la Gare 1, 1934 Le Chable, Schweiz.<\/li>\n\n\n\n<li>New Generation Travel Limited, eine englische Firma mit der Registernummer 13396849 mit Sitz in Fifth Floor Watson House, 54-60 Baker Street, London, United Kingdom, W1U 7BU.<\/li>\n\n\n\n<li>Sie k\u00f6nnen jedes der oben genannten Unternehmen \u00fcber Ihren Buchungsagenten New Generation Ski and Snowboard Limited unter info@skinewgen.com kontaktieren.<\/li>\n<\/ol>\n<\/li>\n<\/ol>\n\n<h2 class=\"wp-block-heading\"><strong>Allgemein<\/strong><\/h2>\n\n<ol start=\"45\" class=\"wp-block-list\">\n<li>Gesamte Vereinbarung: Diese Vereinbarung ersetzt alle fr\u00fcheren Vereinbarungen, Absprachen und Abmachungen zwischen den Parteien und stellt die gesamte Vereinbarung zwischen den Parteien in Bezug auf ihren Gegenstand dar. Die Parteien best\u00e4tigen, dass diese Vereinbarung alle Punkte enth\u00e4lt, auf die sie sich verlassen haben, um diese Vereinbarung abzuschlie\u00dfen, und dass sie sich nicht auf nicht genannte Punkte verlassen haben.  Es ist eine Bedingung dieser Vereinbarung, dass du f\u00fcr alle Ereignisse, die sich aus deinem Unterricht ergeben und\/oder mit ihm zusammenh\u00e4ngen, eine Versicherung abschlie\u00dft.<\/li>\n\n\n\n<li>Keine Partnerschaft oder Vertretung: Mit dieser Vereinbarung wird keine Vertretung oder Partnerschaft zwischen den Parteien begr\u00fcndet, es sei denn, dies ist ausdr\u00fccklich in dieser Vereinbarung festgelegt.<\/li>\n\n\n\n<li>Abtretung: New Generation Ski und Snowboard und\/oder der Anbieter sind berechtigt, diesen Vertrag und\/oder seine Rechte und Pflichten ganz oder teilweise von Zeit zu Zeit ohne deine Zustimmung zu \u00fcbertragen.<\/li>\n\n\n\n<li>Dritte Parteien: Der Contracts (Rights of Third Parties) Act 1999 findet auf diesen Vertrag keine Anwendung.<\/li>\n\n\n\n<li>Recht und Gerichtsbarkeit\n<ol class=\"wp-block-list\">\n<li>Ihre Vereinbarung mit New Generation Ski and Snowboard Ltd unterliegt englischem Recht, und Sie unterwerfen sich hiermit unwiderruflich der ausschlie\u00dflichen Gerichtsbarkeit der englischen Gerichte, in jeder Hinsicht, einschlie\u00dflich au\u00dfervertraglicher Anspr\u00fcche.<\/li>\n\n\n\n<li>Nur Trainingskurse<strong> Frankreich &#8211; <\/strong>Ihre Vereinbarung mit Syndicat de New Generation unterliegt franz\u00f6sischem Recht, und Sie unterwerfen sich hiermit unwiderruflich der ausschlie\u00dflichen Gerichtsbarkeit der franz\u00f6sischen Gerichte, in jeder Hinsicht, einschlie\u00dflich au\u00dfervertraglicher Anspr\u00fcche.<\/li>\n\n\n\n<li>Nur Trainingskurse <strong>Schweiz &#8211; <\/strong>Ihre Vereinbarung mit New Generation Ski School SARL unterliegt schweizerischem Recht, und Sie unterwerfen sich hiermit unwiderruflich der ausschlie\u00dflichen Gerichtsbarkeit der Schweizer Gerichte, in jeder Hinsicht, einschlie\u00dflich au\u00dfervertraglicher Anspr\u00fcche.<\/li>\n<\/ol>\n<\/li>\n<\/ol>\n\n<p>Nur Trainingskurse<strong> \u00d6sterreich &#8211; <\/strong>Ihre Vereinbarung mit New Generation Austria unterliegt \u00f6sterreichischem Recht, und Sie unterwerfen sich hiermit unwiderruflich der ausschlie\u00dflichen Gerichtsbarkeit der \u00f6sterreichischen Gerichte, in jeder Hinsicht, einschlie\u00dflich au\u00dfervertraglicher Anspr\u00fcche.<\/p>\n","protected":false},"excerpt":{"rendered":"Diese Allgemeinen Gesch\u00e4ftsbedingungen gelten f\u00fcr alle Buchungen unserer Piste Performance, Off-Piste Kurse, All Mountain Kurse und Skilehrer Kurse. Allgemeine Gesch\u00e4ftsbedingungen&#8230;","protected":false},"author":1,"featured_media":0,"parent":0,"menu_order":0,"comment_status":"closed","ping_status":"closed","template":"templates\/page-template-terms.php","meta":{"_acf_changed":false,"content-type":"","footnotes":""},"page_type":[248],"class_list":["post-7520","page","type-page","status-publish","hentry","page_type-begriffe"],"acf":[],"_links":{"self":[{"href":"https:\/\/www.skinewgen.com\/de\/wp-json\/wp\/v2\/pages\/7520","targetHints":{"allow":["GET"]}}],"collection":[{"href":"https:\/\/www.skinewgen.com\/de\/wp-json\/wp\/v2\/pages"}],"about":[{"href":"https:\/\/www.skinewgen.com\/de\/wp-json\/wp\/v2\/types\/page"}],"author":[{"embeddable":true,"href":"https:\/\/www.skinewgen.com\/de\/wp-json\/wp\/v2\/users\/1"}],"replies":[{"embeddable":true,"href":"https:\/\/www.skinewgen.com\/de\/wp-json\/wp\/v2\/comments?post=7520"}],"version-history":[{"count":5,"href":"https:\/\/www.skinewgen.com\/de\/wp-json\/wp\/v2\/pages\/7520\/revisions"}],"predecessor-version":[{"id":17506,"href":"https:\/\/www.skinewgen.com\/de\/wp-json\/wp\/v2\/pages\/7520\/revisions\/17506"}],"wp:attachment":[{"href":"https:\/\/www.skinewgen.com\/de\/wp-json\/wp\/v2\/media?parent=7520"}],"wp:term":[{"taxonomy":"page_type","embeddable":true,"href":"https:\/\/www.skinewgen.com\/de\/wp-json\/wp\/v2\/page_type?post=7520"}],"curies":[{"name":"wp","href":"https:\/\/api.w.org\/{rel}","templated":true}]}}