{"id":7531,"date":"2024-11-12T14:59:00","date_gmt":"2024-11-12T14:59:00","guid":{"rendered":"https:\/\/skinewgen.solve.co.uk\/?page_id=7531"},"modified":"2025-12-23T15:24:28","modified_gmt":"2025-12-23T15:24:28","slug":"kaufbedingungen-stornierungsbedingungen-2","status":"publish","type":"page","link":"https:\/\/www.skinewgen.com\/de\/kaufbedingungen-stornierungsbedingungen-2\/","title":{"rendered":"\u00d6sterreichische Einkaufsbedingungen &amp; Stornierungsbedingungen"},"content":{"rendered":"\n<h2 class=\"wp-block-heading\">New Generation Ski- und Snowboardschule Allgemeine Gesch\u00e4ftsbedingungen &#8211; \u00d6sterreich<\/h2>\n\n<p>Gilt f\u00fcr Buchungen, die ab dem 12. Mai 2023 erfolgen.<\/p>\n\n<h3 class=\"wp-block-heading\">Allgemeine Gesch\u00e4ftsbedingungen (AGB)<\/h3>\n\n<p>1. New Generation Ski and Snowboard Ltd ist ein Buchungsagent f\u00fcr eine Reihe von Unternehmen, die den von deiner Buchung abgedeckten Ski- oder Snowboardunterricht anbieten.<\/p>\n\n<p>2. Wenn du eine Buchung bei uns vornimmst, erkl\u00e4rst du dich mit den unten aufgef\u00fchrten Bedingungen einverstanden. Eine Beschreibung der unten genannten Produkte findest du auf unserer Website.<\/p>\n\n<p>3. Gelegentlich machen wir Sonderangebote. Wenn es Widerspr\u00fcche zwischen dem Angebot und diesen Allgemeinen Gesch\u00e4ftsbedingungen gibt, haben die Bedingungen des Angebots Vorrang vor diesen Allgemeinen Gesch\u00e4ftsbedingungen, soweit sie dies tun.<\/p>\n\n<p>4. Alle angegebenen Preise gelten nur f\u00fcr den Skiunterricht in einem der von uns angegebenen Skigebiete. Alle anderen Kosten, die im Zusammenhang mit der\/den gebuchten Unterrichtsstunde(n) entstehen k\u00f6nnen, wie z. B. Leihausr\u00fcstung, Liftkarten, Unterkunft und Versicherung, musst du selbst organisieren und bezahlen.<\/p>\n\n<p>5. F\u00fcr alle Buchungen gelten dieselben Allgemeinen Gesch\u00e4ftsbedingungen. Buchungen, die mit Aufschub-, Kredit- oder Geschenkgutscheinen get\u00e4tigt wurden, k\u00f6nnen nicht in bar erstattet werden, sondern es wird ein neuer Gutschein \u00fcber den entsprechenden Betrag ausgestellt.<\/p>\n\n<h3 class=\"wp-block-heading\">Vertrag<\/h3>\n\n<p>6. Dein Vertrag besteht mit dem Syndicat de New Generation (Frankreich), der New Generation Austria GmbH (\u00d6sterreich) oder der New Generation Ski School SARL (Schweiz). Du schlie\u00dft deinen Vertrag mit dem Unternehmen\/der K\u00f6rperschaft ab, das\/die in dem Land ans\u00e4ssig ist, in dem sich dein Skigebiet befindet (im Folgenden als &#8222;<strong>der Anbieter<\/strong>&#8220; bezeichnet). Verweise auf &#8222;wir&#8220;, &#8222;uns&#8220; und \u00e4hnliche Verweise im Folgenden beziehen sich auf eines dieser Unternehmen. New Generation Ski &amp; Snowboard Ltd. wird deine Buchung verwalten. &#8222;Du&#8220; bezieht sich auf dich, die Person, die die Buchung vornimmt, und die Personen, f\u00fcr die du \u00fcber New Generation Ski &amp; Snowboard Ltd. einen Kurs buchst.    <\/p>\n\n<p>7. Wenn wir der Meinung sind, dass falsche Angaben \u00fcber das Alter oder das Niveau eines Kindes oder Erwachsenen gemacht wurden und wir keinen Platz haben, um das Kind oder den Erwachsenen in eine geeignete Unterrichtsstunde zu versetzen, behalten wir uns das Recht vor, das Kind oder den Erwachsenen von der Unterrichtsstunde auszuschlie\u00dfen, ohne eine R\u00fcckerstattung anzubieten oder dir gegen\u00fcber anderweitig haftbar zu sein.<\/p>\n\n<p>8. Bitte vergewissere dich, wo du unseren Lehrer f\u00fcr deine Stunde treffen musst. Diese Informationen findest du auf unserer Website, bei deinem Reiseveranstalter oder Buchungsb\u00fcro oder bei uns. Es liegt in deiner Verantwortung, daf\u00fcr zu sorgen, dass du und die Personen, f\u00fcr die du den Unterricht organisierst, zur richtigen Zeit am richtigen Ort sind. Versp\u00e4tungen, die darauf zur\u00fcckzuf\u00fchren sind, dass du den Lehrer nicht ausfindig machen konntest, k\u00f6nnen leider nicht r\u00fcckerstattet werden, und es kann sein, dass wir die Zeit am Ende der Stunde nicht mehr aufholen k\u00f6nnen.<\/p>\n\n<p>9. In einigen Kursen und Seminaren kann dein Lehrer auch einige Abfahrten abseits der Pistenmarkierungen anbieten. Bitte \u00fcberpr\u00fcfe deine Versicherungspolice, um sicherzugehen, dass du ausreichend versichert bist, um dich bei Verletzungen abseits der Piste zu sch\u00fctzen. Bei einigen Kursen abseits der Pisten musst du eine Lawinenausr\u00fcstung tragen. Wenn du keine hast, k\u00f6nnen wir dir sagen, wo du eine geeignete Ausr\u00fcstung mieten kannst. Wir behalten uns das Recht vor, Kunden von diesen Sitzungen zu entfernen, wenn sie keine angemessene Sicherheitsausr\u00fcstung benutzen.<\/p>\n\n<p>10. Die Lehrer entscheiden nach eigenem Ermessen, welches Gel\u00e4nde sie f\u00fcr das Niveau der Skifahrer oder Boarder in ihrem Unterricht f\u00fcr geeignet halten. Dies kann auf oder abseits der Piste sein. Du musst sicherstellen, dass du und alle, f\u00fcr die du gebucht hast, eine Versicherung haben, die diese Eventualit\u00e4t abdeckt, oder du musst darauf verzichten, abseits der Piste zu fahren. Wenn du oder die Personen, f\u00fcr die du gebucht hast, ohne eine solche Versicherung unterwegs sind, liegt das an deiner eigenen Fahrl\u00e4ssigkeit. Wenn du oder jemand aus deiner Gruppe sich unwohl f\u00fchlt, musst du dies dem Lehrer sofort mitteilen, damit er sofort Ma\u00dfnahmen ergreifen kann, um dich zu sch\u00fctzen.    <\/p>\n\n<p>11. Es kann vorkommen, dass wir dich w\u00e4hrend deines Urlaubs kontaktieren m\u00fcssen. Es liegt in deiner Verantwortung, daf\u00fcr zu sorgen, dass wir deine aktuellen Kontaktdaten haben, und zwar so, dass du unsere Nachrichten und Versuche, dich zu kontaktieren, sofort erh\u00e4ltst und bemerkst.<\/p>\n\n<h3 class=\"wp-block-heading\">Haftung des Anbieters, Beschr\u00e4nkung der Haftung<\/h3>\n\n<p>12. Skifahren und Snowboarden sind gef\u00e4hrliche Aktivit\u00e4ten, die du auf eigene Gefahr unternimmst. Du musst eine Versicherung f\u00fcr deinen Skikurs abschlie\u00dfen. <\/p>\n\n<p>  Der Anbieter ist haftbar f\u00fcr:<\/p>\n\n<ul class=\"wp-block-list\">\n<li>die gewissenhafte Vorbereitung der vereinbarten Leistung<\/li>\n\n\n\n<li>die sorgf\u00e4ltige Auswahl und \u00dcberwachung der Personen, die die Dienstleistungen erbringen<\/li>\n<\/ul>\n\n<p>Der Anbieter haftet in keiner Weise f\u00fcr Sch\u00e4den, die du dir selbst oder deiner Ausr\u00fcstung zuf\u00fcgst.<\/p>\n\n<p>Die vom Anbieter erbrachten Leistungen finden \u00fcberwiegend im freien Gel\u00e4nde statt, teilweise unter schwierigen oder sehr schwierigen Bedingungen. Ung\u00fcnstige Wetterbedingungen wie Regen, Schnee, Nebel oder Staub k\u00f6nnen die Bedingungen zus\u00e4tzlich erschweren. <\/p>\n\n<p>Unabh\u00e4ngig von der Schwierigkeitsstufe stellt der Ski-\/Snowboardunterricht hohe Anforderungen an die Ausr\u00fcstung sowie an deine k\u00f6rperliche Fitness und Fahrtechnik. Deshalb solltest du an den Kursen nur mit ordnungsgem\u00e4\u00df gewarteten Sportger\u00e4ten und der \u00fcblichen\/vorgeschriebenen Sicherheitsausr\u00fcstung teilnehmen und deine eigenen F\u00e4higkeiten realistisch einsch\u00e4tzen. <\/p>\n\n<p>Da Skifahren\/Snowboarden eine Risikosportart ist, k\u00f6nnen Unf\u00e4lle und Sch\u00e4den nie ganz ausgeschlossen werden; daher gilt Folgendes, wenn du die Dienste des Anbieters in Anspruch nimmst:<\/p>\n\n<p>Mit Ausnahme von Personensch\u00e4den, bei denen der Anbieter bei mindestens fahrl\u00e4ssigem Verhalten haftet, haftet der Anbieter nicht f\u00fcr Sch\u00e4den, soweit diese nicht durch vors\u00e4tzliches oder grob fahrl\u00e4ssiges Verhalten des Anbieters, seiner gesetzlichen Vertreter oder Erf\u00fcllungsgehilfen verursacht wurden und das schadensverursachende Verhalten nicht die Hauptpflichten des Anbieters aus dem geschlossenen Vertrag betrifft. Dieser Haftungsausschluss gilt nicht f\u00fcr v\u00f6llig unvorhersehbare oder atypische Sch\u00e4den, mit denen du nicht rechnen konntest. <\/p>\n\n<h3 class=\"wp-block-heading\">Kunden-Verhaltenskodex<\/h3>\n\n<p>13. Alle Personen, die unsere Dienste in Anspruch nehmen, m\u00fcssen sich auf und abseits des Schnees stets sicher und angemessen verhalten. In Gebirgsregionen k\u00f6nnen sich Situationen sehr schnell zum Schlechten entwickeln, ohne dass man vorher wei\u00df, dass sie eintreten k\u00f6nnten. Wir behalten uns das Recht vor, Personen, die sich nicht an die relevanten Sicherheitsrichtlinien und\/oder Anweisungen der Lehrer halten, ohne Vorwarnung (und ohne Angabe von Gr\u00fcnden) vom Unterricht auszuschlie\u00dfen. Dies kann erwartet werden, wenn du dich selbst oder andere in irgendeiner Weise gef\u00e4hrdest, wenn die Erfahrungen anderer Teilnehmer\/innen beeintr\u00e4chtigt werden oder wenn k\u00f6rperliche oder verbale \u00dcbergriffe auf andere Personen offensichtlich sind oder vermutet werden, und zwar unabh\u00e4ngig davon, ob du einen Ausschluss f\u00fcr akzeptabel h\u00e4ltst oder nicht. In einem solchen Fall hast du keinen Anspruch auf eine R\u00fcckerstattung.<\/p>\n\n<p>14. Solche Situationen k\u00f6nnen u.a. die folgenden sein, sind aber nicht darauf beschr\u00e4nkt:<\/p>\n\n<ul class=\"wp-block-list\">\n<li>a. Du h\u00e4ltst dich nicht an die Sicherheitsrichtlinien des Lehrers und\/oder benutzt deinen gesunden Menschenverstand, um dich zu sch\u00fctzen; <\/li>\n\n\n\n<li>b. Du befolgst die Anweisungen des Lehrers\/der Lehrerin nicht; <\/li>\n\n\n\n<li>c. Die Nichteinhaltung des Verhaltenskodex des Internationalen Skiverbands, d.h. der 10 FIS-Verhaltensregeln;   <\/li>\n\n\n\n<li>d. Skifahren unter dem Einfluss von Alkohol oder anderen Drogen, die deine k\u00f6rperliche Koordination oder deinen geistigen Zustand beeintr\u00e4chtigen k\u00f6nnen; <\/li>\n\n\n\n<li>e. Eine andere Person dem Risiko einer Verletzung und\/oder Gefahr aussetzen; und <\/li>\n\n\n\n<li>f. Nichtbeachtung der staatlichen Sicherheitsprotokolle.   <\/li>\n<\/ul>\n\n<p>15. Du bleibst jederzeit f\u00fcr das Verhalten der Personen verantwortlich, f\u00fcr die du Dienstleistungen eines Anbieters buchst.<\/p>\n\n<h3 class=\"wp-block-heading\">Betriebliche Unterbrechungen<\/h3>\n\n<p>16. Wenn das Resort ge\u00f6ffnet ist (oder teilweise ge\u00f6ffnet ist), werden die Dienstleistungen wie geplant erbracht, soweit sie verf\u00fcgbar sind. Unsere Lehrer werden die ihnen zur Verf\u00fcgung stehenden Freifl\u00e4chen nutzen, um die Dienste so zu erbringen, dass deine Sicherheit gew\u00e4hrleistet ist.<\/p>\n\n<p>17. Unterbrechungen im Betrieb der Ferienanlagen und die Art und Weise, wie die Ferienanlagen ihre Gesch\u00e4fte f\u00fchren, liegen au\u00dferhalb unserer Kontrolle. Wenn sich Entscheidungen der Ressorts auf die \u00fcbliche Erbringung unserer Dienstleistungen auswirken, hast du keinen Anspruch auf eine Erstattung, Entsch\u00e4digung oder Erm\u00e4\u00dfigung. Solche Situationen k\u00f6nnen u. a. die folgenden sein, sind aber nicht darauf beschr\u00e4nkt: Technische St\u00f6rungen, Streiks, ung\u00fcnstige Wetterbedingungen, \u00fcberm\u00e4\u00dfige oder unzureichende Schneedecke, Stromausfall, Ausbruch von Krankheiten, Epidemien, Schlie\u00dfung von Skigebieten und\/oder Beschr\u00e4nkungen der Besucherzahlen. Auf Wunsch stellen wir deinem Versicherer ein Schreiben zur Verf\u00fcgung, um dich bei deinem Versicherungsanspruch zu unterst\u00fctzen. Wir haften dir gegen\u00fcber nicht f\u00fcr ein solches Ereignis, egal wie es entsteht.<\/p>\n\n<h3 class=\"wp-block-heading\">H\u00f6here Gewalt<\/h3>\n\n<p>18. In keinem Fall kann der Anbieter der Dienstleistungen f\u00fcr ein Vers\u00e4umnis oder eine Verz\u00f6gerung bei der Erf\u00fcllung seiner Verpflichtungen verantwortlich oder haftbar gemacht werden, wenn es rechtlich und\/oder physisch unm\u00f6glich war, den Unterricht durchzuf\u00fchren, wie z. B. bei einem Ereignis, das unter den Begriff &#8222;h\u00f6here Gewalt&#8220; f\u00e4llt (z. B. Unwetter, Vulkanausbruch, Erdbeben) oder Ereignisse wie Krieg, Epidemie, vom Skigebiet durchgef\u00fchrte Seuchenbek\u00e4mpfungsma\u00dfnahmen, staatliche Eingriffe (einschlie\u00dflich gestrichener Gesetze und Durchf\u00fchrungsverordnungen, Verweigerung der Betriebsgenehmigung aus politischen Gr\u00fcnden, Reisebeschr\u00e4nkungen), Streik, kriminelles und\/oder unerlaubtes Verhalten deinerseits oder jedes andere Ereignis, das au\u00dferhalb der Kontrolle des Anbieters liegt (ein &#8222;Ereignis h\u00f6herer Gewalt&#8220;).<\/p>\n\n<ul class=\"wp-block-list\">\n<li>a. New Generation Ski and Snowboard Ltd. benachrichtigt die andere Partei so schnell wie m\u00f6glich nach Eintritt eines Ereignisses h\u00f6herer Gewalt. <\/li>\n\n\n\n<li>b. Es wird davon ausgegangen, dass wir angemessene Anstrengungen unternehmen werden, die mit den anerkannten Praktiken in der Schneesportbranche \u00fcbereinstimmen, um die Leistung so schnell wie m\u00f6glich wieder aufzunehmen, sofern dies unter den gegebenen Umst\u00e4nden m\u00f6glich ist; <\/li>\n\n\n\n<li>c. im Falle h\u00f6herer Gewalt und wenn wir nicht in der Lage sind, die Leistung so rechtzeitig wieder aufzunehmen, dass der Vertrag erf\u00fcllt werden kann, hast du keinen Anspruch auf eine Erstattung.   <\/li>\n<\/ul>\n\n<h3 class=\"wp-block-heading\">Stornierung<\/h3>\n\n<p>19. Die Zahlung muss zum Zeitpunkt der Buchung in voller H\u00f6he erfolgen (sofern nicht anders vereinbart und von uns schriftlich best\u00e4tigt). Im Falle einer Stornierung durch dich, aus welchem Grund auch immer, wird die Erstattung wie folgt berechnet: <\/p>\n\n<ul class=\"wp-block-list\">\n<li>a. 45 Tage oder mehr (vor Beginn der ersten Unterrichtsstunde) erstatten wir 100% des Unterrichtspreises <\/li>\n\n\n\n<li>b. 44 &#8211; 29 Tage (vor Beginn der ersten Unterrichtsstunde) erstatten wir 90% des Unterrichtspreises <\/li>\n\n\n\n<li>c. 28 &#8211; 15 Tage (vor Beginn der ersten Unterrichtsstunde) erstatten wir 70% des Unterrichtspreises <\/li>\n\n\n\n<li>d. 14 Tage oder weniger (vor Beginn der ersten Unterrichtsstunde) gibt es keine R\u00fcckerstattung. <\/li>\n<\/ul>\n\n<p>20. Wenn du an dem Tag nicht am Unterricht teilnehmen kannst, erstatten wir dir die verpasste Stunde nicht und verschieben sie auch nicht. Wir stellen dir gerne ein Schreiben f\u00fcr deine Versicherungsgesellschaft aus.<\/p>\n\n<h3 class=\"wp-block-heading\">Altersanforderungen f\u00fcr unseren Unterricht<\/h3>\n\n<p>21. Wir behalten uns das Recht vor, Kunden zu Beginn des Unterrichts aus unseren Gruppen zu entfernen, wenn f\u00fcr den Lehrer ersichtlich ist, dass die Person die oben genannten Altersbeschr\u00e4nkungen nicht erf\u00fcllt und ggf. die Eltern\/Erziehungsberechtigten des Kindes keinen Altersnachweis erbringen k\u00f6nnen.<\/p>\n\n<p>Alle Einzelheiten findest du in Anhang eins.<\/p>\n\n<h3 class=\"wp-block-heading\">Level<\/h3>\n\n<p>22. Eine vollst\u00e4ndige Beschreibung der einzelnen Kurstypen und -stufen findest du auf unserer Website. Es liegt in deiner Verantwortung, sicherzustellen, dass du dich und die anderen in deiner Gruppe f\u00fcr die richtige Stufe und Unterrichtsart anmeldest. Wenn wir es f\u00fcr notwendig halten, behalten wir uns das Recht vor, dich in eine andere Stufe oder Unterrichtsstunde zu versetzen.  <\/p>\n\n<h3 class=\"wp-block-heading\">Gruppenkurse und Kliniken<\/h3>\n\n<p>23. Zu Beginn des Gruppenunterrichts \u00fcberpr\u00fcfen wir dein Niveau. Falls n\u00f6tig, k\u00f6nnen wir die Teilnehmer\/innen zwischen den Gruppen hin- und herschieben, um einen reibungslosen Ablauf des Unterrichts zu gew\u00e4hrleisten. Daher kann es sein, dass wir die Gruppengr\u00f6\u00dfe \u00e4ndern m\u00fcssen; das kann bedeuten, dass die Gruppe um eine Person gr\u00f6\u00dfer ist als die angek\u00fcndigte H\u00f6chstzahl.  <\/p>\n\n<p>24. F\u00fcr unsere Gruppenkurse f\u00fcr Erwachsene und Kinder sind mindestens 2 Personen erforderlich.<\/p>\n\n<p>25. Wenn du die einzige Person bist, die in einer Gruppe gebucht hat, werden wir dich sp\u00e4testens am Freitag der Vorwoche kontaktieren, um deine Optionen zu besprechen:<\/p>\n\n<ul class=\"wp-block-list\">\n<li>Du kannst den Unterricht stornieren und bekommst den vollen Betrag erstattet oder;<\/li>\n\n\n\n<li>Wir werden das Produkt wie unten beschrieben in private Sitzungen aufteilen.\n<ul class=\"wp-block-list\">\n<li>Gruppenkurse f\u00fcr Erwachsene &#8211; 2 x 2 Stunden Unterricht<\/li>\n\n\n\n<li>Sonntagsstarter f\u00fcr Erwachsene &#8211; 1 x 1 Stunde Unterricht<\/li>\n\n\n\n<li>Gruppenkurse f\u00fcr Kinder &#8211; 2 x 4 Stunden Unterricht<\/li>\n\n\n\n<li>Sonntagsstarter f\u00fcr Kinder &#8211; 1 x 1 Stunde Kurs<\/li>\n\n\n\n<li>Whippersnappers Gruppen &#8211; 2 x 2 Stunden Unterricht<\/li>\n\n\n\n<li>Whippersnappers Sunday Starter &#8211; 1 x 1 Stunde Unterricht<\/li>\n\n\n\n<li>Technical Clinics &#8211; 1 x 2,5 Stunden Unterricht<\/li>\n\n\n\n<li>Off-Piste-Kurse k\u00f6nnen nicht verk\u00fcrzt werden und werden gestrichen<\/li>\n<\/ul>\n<\/li>\n<\/ul>\n\n<p>26. Erwachsenen-, Kinder- und Off-Piste-Kurse werden verk\u00fcrzt, wenn nur 2 Sch\u00fcler f\u00fcr den Kurs angemeldet sind.<\/p>\n\n<ul class=\"wp-block-list\">\n<li>Wenn f\u00fcr einen Gruppenkurs f\u00fcr Erwachsene nur zwei Sch\u00fcler\/innen angemeldet sind, wird der Kurs automatisch von 3 Tagen auf 2 Tage verk\u00fcrzt. Es wird keine Kostenreduzierung geben.<\/li>\n\n\n\n<li>Wenn f\u00fcr einen Gruppenkurs f\u00fcr Kinder nur zwei Sch\u00fcler\/innen angemeldet sind, wird der Kurs automatisch von 5 Tagen auf 4 Tage verk\u00fcrzt. Die Kosten werden dabei nicht reduziert. <\/li>\n\n\n\n<li>Wenn f\u00fcr einen Gruppenkurs abseits der Piste nur zwei Sch\u00fcler\/innen angemeldet sind, wird der Kurs von 6 Stunden auf 4 Stunden verk\u00fcrzt. Die Kosten werden nicht reduziert. <\/li>\n<\/ul>\n\n<p>27. Wir behalten uns das Recht vor, die Anfangszeit des Unterrichts zu \u00e4ndern. Sollte dies der Fall sein, werden wir es dich wissen lassen.<\/p>\n\n<h3 class=\"wp-block-heading\">Datenverwendung und Datenschutz<\/h3>\n\n<p>28. Wie die NGSS deine pers\u00f6nlichen Daten verwendet, kannst du auf <a href=\"https:\/\/www.skinewgen.com\/de\/datenschutzrichtlinie\/\">unserer Seite zum Datenschutz<\/a> nachlesen <a href=\"https:\/\/www.skinewgen.com\/de\/datenschutzrichtlinie\/\">.<\/a><\/p>\n\n<p>29. Die Datenschutzrichtlinien der Anbieter findest du unter:<\/p>\n\n<ul class=\"wp-block-list\">\n<li><a href=\"https:\/\/www.skinewgen.com\/wp-content\/uploads\/Privacy-Policy-Austria-GmbH.pdf\" target=\"_blank\" rel=\"noreferrer noopener\">New Generation \u00d6sterreich GmbH<\/a><\/li>\n<\/ul>\n\n<h3 class=\"wp-block-heading\">Zustimmung zur Verwendung von Foto- und Videomaterial<\/h3>\n\n<p>30. W\u00e4hrend deines Unterrichts k\u00f6nnen wir Fotos und Videos von Kunden (einschlie\u00dflich Kindern unter 18 Jahren) f\u00fcr Coaching- und Marketingzwecke machen. Wir d\u00fcrfen jegliches Foto- und Videomaterial (insbesondere Fotos, Videos, Interviews usw.), das bei der Erbringung der vereinbarten Dienstleistungen entsteht, in jeder Form und in allen Medien ver\u00f6ffentlichen. Du erkl\u00e4rst dich mit der Ver\u00f6ffentlichung dieses Foto- und Videomaterials und der Verarbeitung deiner personenbezogenen Daten einverstanden, ohne daf\u00fcr eine Verg\u00fctung zu verlangen.  <\/p>\n\n<h3 class=\"wp-block-heading\">Kontakt Details<\/h3>\n\n<p>31. New Generation Ski and Snowboard Limited, ein englisches Unternehmen mit der eingetragenen Nummer 08491313 und Sitz im Fifth Floor Watson House, 54-60 Baker Street, London, W1U 7BU UK<\/p>\n\n<p>32. New Generation Ski and Snowboard Limited ist der Vertreter eines jeden der unten aufgef\u00fchrten Dienstleister:<\/p>\n\n<p><strong>Telefon: <\/strong><strong>+44 1462 674000<\/strong><\/p>\n\n<p><strong>E-Mail: <\/strong><strong>info@skinewgen.com<\/strong><\/p>\n\n<ul class=\"wp-block-list\">\n<li>New Generation Austria GmbH, ein \u00f6sterreichisches Unternehmen mit der Firmennummer FN 461443 und der eingetragenen und tats\u00e4chlichen Adresse Dorfstra\u00dfe 56-58, 6580 St. Anton am Arlberg, \u00d6sterreich  <\/li>\n\n\n\n<li>d. Du kannst jedes der oben genannten Unternehmen \u00fcber deine Buchungsstelle, New Generation Ski and Snowboard Limited, unter info@skinewgen.com kontaktieren. <\/li>\n<\/ul>\n\n<h3 class=\"wp-block-heading\">Allgemein<\/h3>\n\n<p>33. Gesamte Vereinbarung:<\/p>\n\n<p>Diese Vereinbarung ersetzt alle fr\u00fcheren Vereinbarungen, Absprachen und Abmachungen zwischen den Parteien und stellt die gesamte Vereinbarung zwischen den Parteien in Bezug auf ihren Gegenstand dar. Die Parteien best\u00e4tigen, dass diese Vereinbarung alle Punkte enth\u00e4lt, auf die sie sich verlassen haben, um diese Vereinbarung abzuschlie\u00dfen, und dass sie sich nicht auf nicht genannte Punkte verlassen haben. Es ist eine Bedingung dieser Vereinbarung, dass du f\u00fcr alle Ereignisse, die sich aus deinem Unterricht ergeben und\/oder mit ihm zusammenh\u00e4ngen, eine Versicherung abschlie\u00dft.<\/p>\n\n<p>34. Keine Partnerschaft oder Agentur:<\/p>\n\n<p>Diese Vereinbarung begr\u00fcndet keine Vertretung oder Partnerschaft zwischen den Parteien, es sei denn, dies ist ausdr\u00fccklich in dieser Vereinbarung festgelegt.<\/p>\n\n<p>35. Zuweisung:<\/p>\n\n<p>New Generation Ski und Snowboard und\/oder der Anbieter sind berechtigt, diesen Vertrag und\/oder seine Rechte und Pflichten ganz oder teilweise von Zeit zu Zeit ohne deine Zustimmung zu \u00fcbertragen.<\/p>\n\n<p>36. Dritte Parteien: Der Contracts (Rights of Third Parties) Act 1999 findet auf diesen Vertrag keine Anwendung.<\/p>\n\n<p>37. Erf\u00fcllungsort und Gerichtsstand: : Wenn du ein Unternehmen im Sinne von Art. 1 Abs. 1 Nr. 1 1 Nr. 1 KSchG [KSchG] sind, wird als ausschlie\u00dflicher Gerichtsstand f\u00fcr alle Streitigkeiten aus oder im Zusammenhang mit dem Vertragsverh\u00e4ltnis mit dem Anbieter das Gericht am Gesch\u00e4ftssitz des Anbieters vereinbart. <\/p>\n\n<p>Der Erf\u00fcllungsort f\u00fcr Lieferungen, Leistungen und Zahlungen ist der Gesch\u00e4ftssitz des Anbieters.<\/p>\n\n<p>38. Anwendbares Recht: Das vereinbarte anwendbare Recht ist das nationale Recht am Gesch\u00e4ftssitz des Anbieters unter Ausschluss des UN-\u00dcbereinkommens \u00fcber Vertr\u00e4ge \u00fcber den internationalen Warenkauf.New Generation Ski &amp; Snowboard School Terms and Conditions<\/p>\n\n<p>Anhang Eins<\/p>\n\n<figure class=\"wp-block-table\"><table class=\"has-fixed-layout\"><tbody><tr><td><strong>Lektionstyp<\/strong><\/td><td><strong>Gruppe\/Unterricht<\/strong><\/td><td><strong>Altersvoraussetzungen<\/strong><\/td><\/tr><tr><td>Kindergruppe<\/td><td>Whippersnappers<\/td><td>4-5 Jahre<\/td><\/tr><tr><td>Kindergruppe<\/td><td>Junge Pfeile<\/td><td>5-7 Jahre<\/td><\/tr><tr><td>Kindergruppe<\/td><td>Wallabies, Pfeile, Bomber<\/td><td>6-12 Jahre<\/td><\/tr><tr><td>Kindergruppe<\/td><td>Rockets<\/td><td>8-13 Jahre<\/td><\/tr><tr><td>Kindergruppe<\/td><td>Freeride<\/td><td>10-13 Jahre<\/td><\/tr><tr><td>Kindergruppe<\/td><td>Proride<\/td><td>13-17 Jahre<\/td><\/tr><tr><td>Privatunterricht<\/td><td>Privatunterricht (Ski oder Board)<\/td><td>3 Jahre<\/td><\/tr><tr><td>Erwachsene Ski Gruppen<\/td><td>Gruppenkurse f\u00fcr Erwachsene<\/td><td>13 Jahre+<\/td><\/tr><tr><td>Erwachsene Ski Andere<\/td><td>Kliniken und Entwickler-Sitzungen<\/td><td>16 Jahre+<\/td><\/tr><tr><td>Snowboarden<\/td><td>Gruppen, Kliniken<\/td><td>10 Jahre+<\/td><\/tr><\/tbody><\/table><\/figure>\n\n<p><\/p>\n","protected":false},"excerpt":{"rendered":"New Generation Ski- und Snowboardschule Allgemeine Gesch\u00e4ftsbedingungen &#8211; \u00d6sterreich Gilt f\u00fcr Buchungen, die ab dem 12. Mai 2023 erfolgen. Allgemeine&#8230;","protected":false},"author":2,"featured_media":0,"parent":0,"menu_order":0,"comment_status":"closed","ping_status":"closed","template":"","meta":{"_acf_changed":false,"content-type":"","footnotes":""},"page_type":[248],"class_list":["post-7531","page","type-page","status-publish","hentry","page_type-begriffe"],"acf":[],"_links":{"self":[{"href":"https:\/\/www.skinewgen.com\/de\/wp-json\/wp\/v2\/pages\/7531","targetHints":{"allow":["GET"]}}],"collection":[{"href":"https:\/\/www.skinewgen.com\/de\/wp-json\/wp\/v2\/pages"}],"about":[{"href":"https:\/\/www.skinewgen.com\/de\/wp-json\/wp\/v2\/types\/page"}],"author":[{"embeddable":true,"href":"https:\/\/www.skinewgen.com\/de\/wp-json\/wp\/v2\/users\/2"}],"replies":[{"embeddable":true,"href":"https:\/\/www.skinewgen.com\/de\/wp-json\/wp\/v2\/comments?post=7531"}],"version-history":[{"count":6,"href":"https:\/\/www.skinewgen.com\/de\/wp-json\/wp\/v2\/pages\/7531\/revisions"}],"predecessor-version":[{"id":18473,"href":"https:\/\/www.skinewgen.com\/de\/wp-json\/wp\/v2\/pages\/7531\/revisions\/18473"}],"wp:attachment":[{"href":"https:\/\/www.skinewgen.com\/de\/wp-json\/wp\/v2\/media?parent=7531"}],"wp:term":[{"taxonomy":"page_type","embeddable":true,"href":"https:\/\/www.skinewgen.com\/de\/wp-json\/wp\/v2\/page_type?post=7531"}],"curies":[{"name":"wp","href":"https:\/\/api.w.org\/{rel}","templated":true}]}}