{"id":8072,"date":"2024-05-09T07:31:03","date_gmt":"2024-05-09T07:31:03","guid":{"rendered":"https:\/\/skinewgen.solve.co.uk\/ueber-die-website\/"},"modified":"2025-07-18T09:21:05","modified_gmt":"2025-07-18T09:21:05","slug":"ueber-die-website","status":"publish","type":"page","link":"https:\/\/www.skinewgen.com\/de\/ueber-die-website\/","title":{"rendered":"\u00dcber die Website"},"content":{"rendered":"\n<section  class=\"solve-block-text-image\">\n    <div class=\"wrap\">\n        <div class=\"flex right-image\">\n            <div class=\"content\">\n                <h2>Gebaut und Eco gehostet von Solve<\/h2>\n                <p>Diese Website wurde liebevoll von Solve mit Sitz im Herzen von Nansledan erstellt. Das Team von Solve hat diese Website entwickelt, um Ski New Gen eine brillante, sch\u00f6ne neue Website zu bieten, auf der sie ihre au\u00dfergew\u00f6hnlichen Skischulen und Instruktorenkurse in Top-Resorts in Frankreich, der Schweiz und \u00d6sterreich pr\u00e4sentieren k\u00f6nnen. Solve bietet auch alle relevanten Dienstleistungen an, um diese Website auf dem neuesten Stand zu halten und online sichtbar zu machen.  <\/p>\n<p>Diese Website wird auch von Servern mit erneuerbarer gr\u00fcner Energie betrieben, die auf Leistung, Sicherheit und Geschwindigkeit optimiert sind und gleichzeitig dazu beitragen, eine bessere Welt f\u00fcr unseren Planeten und die Menschen zu schaffen. Solve ist au\u00dferdem eine zertifizierte B Corporation, was bedeutet, dass sie die h\u00f6chsten Standards f\u00fcr soziale und \u00f6kologische Auswirkungen erf\u00fcllen. Wenn Sie also daran interessiert sind, Ihre Online-Pr\u00e4senz auf umweltfreundliche Weise zu steigern, setzen Sie sich mit Solve in Verbindung und werden Sie online gesehen!  <\/p>\n                <div class=\"cta-links\">\n                                            <a class=\"button solid newtab\" href=\"https:\/\/solve.co.uk\" target=\"_blank\" rel=\"noopener\">Visit Solve<\/a>\n                                                    <a class=\"styled\" href=\"https:\/\/www.skinewgen.com\/green-hosting\/\" target=\"_self\">Learn more about green hosting<\/a>\n                                                            <\/div>\n\n                            <\/div>\n            <div class=\"image-container\">\n                                    <img loading=\"lazy\" decoding=\"async\" width=\"600\" height=\"600\" src=\"https:\/\/www.skinewgen.com\/wp-content\/uploads\/2024\/10\/about-website-solve-newquay-600x600.webp\" class=\"attachment-square size-square\" alt=\"\" srcset=\"https:\/\/www.skinewgen.com\/wp-content\/uploads\/2024\/10\/about-website-solve-newquay-600x600.webp 600w, https:\/\/www.skinewgen.com\/wp-content\/uploads\/2024\/10\/about-website-solve-newquay-300x300.webp 300w\" sizes=\"auto, (max-width: 600px) 100vw, 600px\">                            <\/div>\n        <\/div>\n    <\/div>\n<\/section>","protected":false},"excerpt":{"rendered":"","protected":false},"author":1,"featured_media":0,"parent":0,"menu_order":0,"comment_status":"closed","ping_status":"closed","template":"","meta":{"_acf_changed":false,"content-type":"","footnotes":""},"page_type":[],"class_list":["post-8072","page","type-page","status-publish","hentry"],"acf":[],"_links":{"self":[{"href":"https:\/\/www.skinewgen.com\/de\/wp-json\/wp\/v2\/pages\/8072","targetHints":{"allow":["GET"]}}],"collection":[{"href":"https:\/\/www.skinewgen.com\/de\/wp-json\/wp\/v2\/pages"}],"about":[{"href":"https:\/\/www.skinewgen.com\/de\/wp-json\/wp\/v2\/types\/page"}],"author":[{"embeddable":true,"href":"https:\/\/www.skinewgen.com\/de\/wp-json\/wp\/v2\/users\/1"}],"replies":[{"embeddable":true,"href":"https:\/\/www.skinewgen.com\/de\/wp-json\/wp\/v2\/comments?post=8072"}],"version-history":[{"count":4,"href":"https:\/\/www.skinewgen.com\/de\/wp-json\/wp\/v2\/pages\/8072\/revisions"}],"predecessor-version":[{"id":14639,"href":"https:\/\/www.skinewgen.com\/de\/wp-json\/wp\/v2\/pages\/8072\/revisions\/14639"}],"wp:attachment":[{"href":"https:\/\/www.skinewgen.com\/de\/wp-json\/wp\/v2\/media?parent=8072"}],"wp:term":[{"taxonomy":"page_type","embeddable":true,"href":"https:\/\/www.skinewgen.com\/de\/wp-json\/wp\/v2\/page_type?post=8072"}],"curies":[{"name":"wp","href":"https:\/\/api.w.org\/{rel}","templated":true}]}}