{"id":8204,"date":"2024-11-12T13:28:14","date_gmt":"2024-11-12T13:28:14","guid":{"rendered":"https:\/\/skinewgen.solve.co.uk\/unsere-foerderer-partner\/"},"modified":"2025-07-25T10:52:52","modified_gmt":"2025-07-25T10:52:52","slug":"unsere-foerderer-partner","status":"publish","type":"page","link":"https:\/\/www.skinewgen.com\/de\/unsere-foerderer-partner\/","title":{"rendered":"Unsere F\u00f6rderer &amp; Partner"},"content":{"rendered":"\n<h2 class=\"wp-block-heading\">Ein Wort zu unseren Uniformen<\/h2>\n\n<p><a href=\"https:\/\/www.ellis-brigham.com\/\" target=\"_blank\" rel=\"noreferrer noopener\">Ellis Brigham<\/a> ist einer der gr\u00f6\u00dften Bergsporth\u00e4ndler in Gro\u00dfbritannien. Sie haben landesweit \u00fcber 20 Gesch\u00e4fte und eine fantastische Website mit einer gro\u00dfen Auswahl an Ski-, Snowboard- und Outdoor-Ausr\u00fcstung. Jedes Jahr arbeitet Ellis Brigham mit New Generation zusammen und stattet unsere Lehrer mit unseren tollen &#8222;The North Face&#8220;-Uniformen aus.  <\/p>\n\n<h3 class=\"wp-block-heading\">Warum The North Face?<\/h3>\n\n<p>The North Face ist mehr als nur ein Bekleidungsunternehmen &#8211; es ist ein Symbol f\u00fcr Abenteuer und Entdeckungen. The North Face wurde 1968 gegr\u00fcndet und r\u00fcstet seit \u00fcber 50 Jahren Menschen f\u00fcr alle Arten von Outdoor-Abenteuern aus. <\/p>\n\n<p>Die Nordwand hat einige der ber\u00fchmtesten Entdecker der Welt eingekleidet, vom Mount Everest bis zum S\u00fcdpol.<\/p>\n\n<p>Wir glauben, dass ihr Engagement f\u00fcr Qualit\u00e4t und Langlebigkeit unseren Lehrern hilft, bei jedem Wetter erfolgreich zu sein.<\/p>\n\n<p><em><strong>Toller Lehrer = toller Unterricht.<\/strong><\/em><\/p>\n\n<p>Egal, ob du durch den Himalaya wanderst oder einfach nur zur Arbeit pendelst, du kannst dich darauf verlassen, dass The North Face dich warm, trocken und bequem h\u00e4lt.<\/p>\n\n<p>Aber es geht nicht nur um Langlebigkeit &#8211; ihre Produkte sind auch stilvoll und funktional.<\/p>\n\n<p>Von schnittigen Skijacken bis zu trendigen Tagesrucks\u00e4cken hat The North Face f\u00fcr jeden etwas zu bieten. Und dank ihres Engagements f\u00fcr die Umwelt kannst du mit gutem Gewissen ihre Produkte unterst\u00fctzen. Egal, ob du auf der Suche nach einem zuverl\u00e4ssigen Paar Wanderstiefel oder einer schicken neuen Jacke bist, du solltest dir das Sortiment ansehen.  <\/p>\n\n<div class=\"wp-block-buttons is-layout-flex wp-block-buttons-is-layout-flex\">\n<div class=\"wp-block-button\"><a class=\"wp-block-button__link wp-element-button\" href=\"https:\/\/www.ellis-brigham.com\/the-north-face\" target=\"_blank\" rel=\"noreferrer noopener\">Ellis Brigham einkaufen<\/a><\/div>\n<\/div>\n\n<hr class=\"wp-block-separator has-alpha-channel-opacity\" style=\"margin-top:2rem;margin-bottom:2rem\"\/>\n\n<p><a href=\"https:\/\/www.nordica.com\/\" target=\"_blank\" rel=\"noreferrer noopener\">Nordica<\/a> versorgt uns mit dem Wesentlichen &#8211; Skiern und Schuhen. Sie sind f\u00fchrend im Skidesign und wir lieben ihr Engagement, die Grenzen des Skifahrens zu erweitern. <\/p>\n\n<div style=\"height:4rem\" aria-hidden=\"true\" class=\"wp-block-spacer\"><\/div>\n","protected":false},"excerpt":{"rendered":"Ein Wort zu unseren Uniformen Ellis Brigham ist einer der gr\u00f6\u00dften Bergsporth\u00e4ndler in Gro\u00dfbritannien. Sie haben landesweit \u00fcber 20 Gesch\u00e4fte&#8230;","protected":false},"author":1,"featured_media":0,"parent":0,"menu_order":0,"comment_status":"closed","ping_status":"closed","template":"templates\/page-template-terms.php","meta":{"_acf_changed":false,"content-type":"","footnotes":""},"page_type":[248],"class_list":["post-8204","page","type-page","status-publish","hentry","page_type-begriffe"],"acf":[],"_links":{"self":[{"href":"https:\/\/www.skinewgen.com\/de\/wp-json\/wp\/v2\/pages\/8204","targetHints":{"allow":["GET"]}}],"collection":[{"href":"https:\/\/www.skinewgen.com\/de\/wp-json\/wp\/v2\/pages"}],"about":[{"href":"https:\/\/www.skinewgen.com\/de\/wp-json\/wp\/v2\/types\/page"}],"author":[{"embeddable":true,"href":"https:\/\/www.skinewgen.com\/de\/wp-json\/wp\/v2\/users\/1"}],"replies":[{"embeddable":true,"href":"https:\/\/www.skinewgen.com\/de\/wp-json\/wp\/v2\/comments?post=8204"}],"version-history":[{"count":1,"href":"https:\/\/www.skinewgen.com\/de\/wp-json\/wp\/v2\/pages\/8204\/revisions"}],"predecessor-version":[{"id":8205,"href":"https:\/\/www.skinewgen.com\/de\/wp-json\/wp\/v2\/pages\/8204\/revisions\/8205"}],"wp:attachment":[{"href":"https:\/\/www.skinewgen.com\/de\/wp-json\/wp\/v2\/media?parent=8204"}],"wp:term":[{"taxonomy":"page_type","embeddable":true,"href":"https:\/\/www.skinewgen.com\/de\/wp-json\/wp\/v2\/page_type?post=8204"}],"curies":[{"name":"wp","href":"https:\/\/api.w.org\/{rel}","templated":true}]}}