{"id":10829,"date":"2024-10-09T10:58:16","date_gmt":"2024-10-09T10:58:16","guid":{"rendered":"https:\/\/skinewgen.solve.co.uk\/conditions-dutilisation-du-site-web\/"},"modified":"2025-12-23T10:13:59","modified_gmt":"2025-12-23T10:13:59","slug":"conditions-dutilisation-du-site-web","status":"publish","type":"page","link":"https:\/\/www.skinewgen.com\/fr\/conditions-dutilisation-du-site-web\/","title":{"rendered":"Conditions d&rsquo;utilisation du site Web"},"content":{"rendered":"\n<p>Bienvenue sur notre site web. Si tu continues \u00e0 naviguer et \u00e0 utiliser ce site, tu acceptes de te conformer aux conditions g\u00e9n\u00e9rales d&rsquo;utilisation suivantes qui, avec notre politique de confidentialit\u00e9, r\u00e9gissent la relation entre New Generation et toi concernant ce site. Si tu n&rsquo;es pas d&rsquo;accord avec une partie de ces conditions, merci de ne pas utiliser notre site.  <\/p>\n\n<p>Le terme &lsquo;New Generation&rsquo; ou &lsquo;nous&rsquo; fait r\u00e9f\u00e9rence au propri\u00e9taire du site web dont le si\u00e8ge social est New Generation Ski School, 1st Floor, Roxburghe House, 273 \u2013 287 Regent Street, London, W1B 2HA. Le terme &lsquo;tu&rsquo; fait r\u00e9f\u00e9rence \u00e0 l&rsquo;utilisateur ou au visiteur de notre site web. <\/p>\n\n<h2 class=\"wp-block-heading\">L&rsquo;utilisation de ce site Internet est soumise aux conditions d&rsquo;utilisation suivantes :<\/h2>\n\n<ul class=\"wp-block-list\">\n<li>Le contenu des pages de ce site web est uniquement destin\u00e9 \u00e0 ton information et ton usage g\u00e9n\u00e9ral. Il est sujet \u00e0 modification sans pr\u00e9avis. <\/li>\n\n\n\n<li>Ce site web utilise des cookies pour suivre les pr\u00e9f\u00e9rences de navigation. Si tu autorises l&rsquo;utilisation des cookies, les informations personnelles suivantes pourront \u00eatre stock\u00e9es par nous pour \u00eatre utilis\u00e9es par des tiers. <\/li>\n\n\n\n<li>Ni nous ni aucun tiers ne fournissons de garantie quant \u00e0 l&rsquo;exactitude, l&rsquo;actualit\u00e9, la performance, l&rsquo;exhaustivit\u00e9 ou l&rsquo;ad\u00e9quation des informations et des contenus trouv\u00e9s ou propos\u00e9s sur ce site web pour un usage particulier. Tu reconnais que ces informations et contenus peuvent contenir des inexactitudes ou des erreurs et nous excluons express\u00e9ment toute responsabilit\u00e9 pour de telles inexactitudes ou erreurs dans toute la mesure permise par la loi. <\/li>\n\n\n\n<li>L&rsquo;utilisation des informations ou des contenus de ce site web se fait enti\u00e8rement \u00e0 tes propres risques, pour lesquels nous ne saurions \u00eatre tenus responsables. Il est de ta responsabilit\u00e9 de t&rsquo;assurer que les produits, services ou informations disponibles sur ce site web r\u00e9pondent \u00e0 tes besoins sp\u00e9cifiques. <\/li>\n\n\n\n<li>Ce site web contient des \u00e9l\u00e9ments qui nous appartiennent ou nous sont conc\u00e9d\u00e9s sous licence. Ces \u00e9l\u00e9ments comprennent, sans s&rsquo;y limiter, le design, la mise en page, l&rsquo;apparence et les graphismes. Toute reproduction est interdite sauf en conformit\u00e9 avec la mention de copyright qui fait partie de ces conditions g\u00e9n\u00e9rales.  <\/li>\n\n\n\n<li>Toutes les marques reproduites sur ce site Web, qui ne sont pas la propri\u00e9t\u00e9 de l&rsquo;op\u00e9rateur ou qui ne lui sont pas conc\u00e9d\u00e9es sous licence, sont reconnues sur le site Web.<\/li>\n\n\n\n<li>L&rsquo;utilisation non autoris\u00e9e de ce site Web peut donner lieu \u00e0 une demande de dommages-int\u00e9r\u00eats et\/ou constituer une infraction p\u00e9nale.<\/li>\n\n\n\n<li>De temps \u00e0 autre, ce site web peut \u00e9galement inclure des liens vers d&rsquo;autres sites web. Ces liens sont fournis pour ta commodit\u00e9 afin de te donner plus d&rsquo;informations. Ils ne signifient pas que nous approuvons ce(s) site(s). Nous n&rsquo;avons aucune responsabilit\u00e9 concernant le contenu du ou des site(s) li\u00e9(s).   <\/li>\n\n\n\n<li>Ton utilisation de ce site Web et tout litige d\u00e9coulant de cette utilisation du site Web sont soumis aux lois de l&rsquo;Angleterre, de l&rsquo;Irlande du Nord, de l&rsquo;\u00c9cosse et du Pays de Galles.<\/li>\n<\/ul>\n\n<div style=\"height:4rem\" aria-hidden=\"true\" class=\"wp-block-spacer\"><\/div>\n","protected":false},"excerpt":{"rendered":"Bienvenue sur notre site web. Si tu continues \u00e0 naviguer et \u00e0 utiliser ce site, tu acceptes de te conformer&#8230;","protected":false},"author":1,"featured_media":0,"parent":0,"menu_order":0,"comment_status":"closed","ping_status":"closed","template":"templates\/page-template-terms.php","meta":{"_acf_changed":false,"content-type":"","footnotes":""},"page_type":[249],"class_list":["post-10829","page","type-page","status-publish","hentry","page_type-conditions"],"acf":[],"_links":{"self":[{"href":"https:\/\/www.skinewgen.com\/fr\/wp-json\/wp\/v2\/pages\/10829","targetHints":{"allow":["GET"]}}],"collection":[{"href":"https:\/\/www.skinewgen.com\/fr\/wp-json\/wp\/v2\/pages"}],"about":[{"href":"https:\/\/www.skinewgen.com\/fr\/wp-json\/wp\/v2\/types\/page"}],"author":[{"embeddable":true,"href":"https:\/\/www.skinewgen.com\/fr\/wp-json\/wp\/v2\/users\/1"}],"replies":[{"embeddable":true,"href":"https:\/\/www.skinewgen.com\/fr\/wp-json\/wp\/v2\/comments?post=10829"}],"version-history":[{"count":3,"href":"https:\/\/www.skinewgen.com\/fr\/wp-json\/wp\/v2\/pages\/10829\/revisions"}],"predecessor-version":[{"id":17893,"href":"https:\/\/www.skinewgen.com\/fr\/wp-json\/wp\/v2\/pages\/10829\/revisions\/17893"}],"wp:attachment":[{"href":"https:\/\/www.skinewgen.com\/fr\/wp-json\/wp\/v2\/media?parent=10829"}],"wp:term":[{"taxonomy":"page_type","embeddable":true,"href":"https:\/\/www.skinewgen.com\/fr\/wp-json\/wp\/v2\/page_type?post=10829"}],"curies":[{"name":"wp","href":"https:\/\/api.w.org\/{rel}","templated":true}]}}