{"id":14564,"date":"2024-12-18T13:39:52","date_gmt":"2024-12-18T13:39:52","guid":{"rendered":"https:\/\/www.skinewgen.com\/devenez-notre-partenaire\/"},"modified":"2025-12-23T11:09:42","modified_gmt":"2025-12-23T11:09:42","slug":"devenez-notre-partenaire","status":"publish","type":"page","link":"https:\/\/www.skinewgen.com\/fr\/devenez-notre-partenaire\/","title":{"rendered":"Devenez notre partenaire"},"content":{"rendered":"\n<section  class=\"solve-block-text-image\">\n    <div class=\"wrap\">\n        <div class=\"flex left-image\">\n            <div class=\"content\">\n                <h2>Pourquoi devenir partenaire de l&rsquo;\u00e9cole de ski et de snowboard new generation ? <\/h2>\n                <p><span style=\"font-weight: 400\">Depuis plus de 25 ans, l&rsquo;\u00c9cole de Ski  Snowboard New Generation propose des cours de ski et de snowboard prim\u00e9s dans les meilleures stations d&rsquo;Europe. Reconnue pour son excellence, son innovation et sa qualit\u00e9, nous cr\u00e9ons des exp\u00e9riences inoubliables pour tous les niveaux.  <\/span><\/p>\n<p><span style=\"font-weight: 400\">Devenir notre partenaire signifie s&rsquo;associer \u00e0 un leader de confiance qui partage votre vision de la croissance et du succ\u00e8s. Voici ce qui nous distingue :  <\/span><\/p>\n<ol>\n<li style=\"font-weight: 400\"><b>Collaboration sur mesure :<\/b><span style=\"font-weight: 400\"> Que vous soyez un tour-op\u00e9rateur, une entreprise locale ou un acteur de l&rsquo;industrie du voyage, nous adaptons nos partenariats pour cr\u00e9er des r\u00e9sultats gagnant-gagnant. Notre syst\u00e8me de r\u00e9servation personnalis\u00e9 offre une disponibilit\u00e9 et des tarifs en temps r\u00e9el, garantissant un processus fluide. Nous identifions soigneusement les objectifs des clients et les associons au moniteur id\u00e9al pour une exp\u00e9rience personnalis\u00e9e.  <\/span><\/li>\n<li style=\"font-weight: 400\"><b>Des exp\u00e9riences inoubliables pour vos clients : <\/b><span style=\"font-weight: 400\">Nous proposons une s\u00e9lection compl\u00e8te de cours et de services personnalis\u00e9s adapt\u00e9s pour aider chaque client, des d\u00e9butants aux experts chevronn\u00e9s, \u00e0 lib\u00e9rer tout leur potentiel sur les pistes. Chaque moniteur est s\u00e9lectionn\u00e9 pour ses comp\u00e9tences et son expertise, garantissant des standards d&rsquo;enseignement \u00e9lev\u00e9s. <\/span><\/li>\n<li style=\"font-weight: 400\"><b>Innovation et expertise :<\/b><span style=\"font-weight: 400\"> Nous comprenons que chaque partenaire a des besoins et des syst\u00e8mes uniques, c&rsquo;est pourquoi nous avons travaill\u00e9 dur pour cr\u00e9er des solutions personnalis\u00e9es qui facilitent votre exp\u00e9rience avec nous. Nos syst\u00e8mes avanc\u00e9s de r\u00e9servation et de gestion s&rsquo;int\u00e8grent facilement aux outils que vous utilisez d\u00e9j\u00e0. <\/span><\/li>\n<\/ol>\n                <div class=\"cta-links\">\n                                    <\/div>\n\n                            <\/div>\n            <div class=\"image-container\">\n                                    <img loading=\"lazy\" decoding=\"async\" width=\"600\" height=\"600\" src=\"https:\/\/www.skinewgen.com\/wp-content\/uploads\/2024\/12\/file-600x600.png\" class=\"attachment-square size-square\" alt=\"Laptop showing New Generation Ski and Snow School Partner Resources Website.\" srcset=\"https:\/\/www.skinewgen.com\/wp-content\/uploads\/2024\/12\/file-600x600.png 600w, https:\/\/www.skinewgen.com\/wp-content\/uploads\/2024\/12\/file-300x300.png 300w, https:\/\/www.skinewgen.com\/wp-content\/uploads\/2024\/12\/file-1000x1000.png 1000w\" sizes=\"auto, (max-width: 600px) 100vw, 600px\" \/>                            <\/div>\n        <\/div>\n    <\/div>\n<\/section>\n<section  class=\"solve-block-text-image\">\n    <div class=\"wrap\">\n        <div class=\"flex right-image\">\n            <div class=\"content\">\n                <h2>Avantages de notre partenariat<\/h2>\n                <ul>\n<li style=\"font-weight: 400\"><b>D\u00e9veloppez votre entreprise :<\/b><span style=\"font-weight: 400\"> Am\u00e9liorez vos offres avec des cours de ski et de snowboard professionnels, des forfaits exclusifs et un service client de premi\u00e8re classe.<\/span> <\/li>\n<li style=\"font-weight: 400\"><b>Renforcez votre r\u00e9putation :<\/b><span style=\"font-weight: 400\"> Notre \u00e9quipe de moniteurs de sports d&rsquo;hiver exp\u00e9riment\u00e9s apportera une expertise pr\u00e9cieuse \u00e0 chaque aspect de notre activit\u00e9. Associez votre marque \u00e0 New Generation, un leader du secteur qui a gagn\u00e9 la confiance de milliers de clients satisfaits chaque saison.  <\/span><\/li>\n<li style=\"font-weight: 400\"><b>Avantages exclusifs :<\/b><span style=\"font-weight: 400\"> Offrez \u00e0 vos clients l&rsquo;acc\u00e8s \u00e0 des offres anticip\u00e9es, des forfaits de cours premium et des r\u00e9ductions exclusives disponibles uniquement via nos partenaires.<\/span> <\/li>\n<\/ul>\n<p><b>Contactez-nous d\u00e8s aujourd&rsquo;hui pour d\u00e9couvrir comment nous pouvons collaborer et obtenir des r\u00e9sultats exceptionnels ensemble.<\/b><\/p>\n                <div class=\"cta-links\">\n                                    <\/div>\n\n                            <\/div>\n            <div class=\"image-container\">\n                                    <img loading=\"lazy\" decoding=\"async\" width=\"600\" height=\"600\" src=\"https:\/\/www.skinewgen.com\/wp-content\/uploads\/2024\/11\/KBA-Meeting-Point-Photo-600x600.webp\" class=\"attachment-square size-square\" alt=\"\" srcset=\"https:\/\/www.skinewgen.com\/wp-content\/uploads\/2024\/11\/KBA-Meeting-Point-Photo-600x600.webp 600w, https:\/\/www.skinewgen.com\/wp-content\/uploads\/2024\/11\/KBA-Meeting-Point-Photo-300x300.webp 300w, https:\/\/www.skinewgen.com\/wp-content\/uploads\/2024\/11\/KBA-Meeting-Point-Photo-150x150.webp 150w, https:\/\/www.skinewgen.com\/wp-content\/uploads\/2024\/11\/KBA-Meeting-Point-Photo-768x768.webp 768w, https:\/\/www.skinewgen.com\/wp-content\/uploads\/2024\/11\/KBA-Meeting-Point-Photo.webp 1000w\" sizes=\"auto, (max-width: 600px) 100vw, 600px\">                            <\/div>\n        <\/div>\n    <\/div>\n<\/section>\n<section  class=\"solve-block-text-image\">\n    <div class=\"wrap\">\n        <div class=\"flex left-image\">\n            <div class=\"content\">\n                <h2>Comment nous travaillons<\/h2>\n                <p><span style=\"font-weight: 400\">\u00c0 l&rsquo;\u00c9cole de Ski  Snowboard New Generation, nous croyons en l&rsquo;\u00e9tablissement de relations solides et durables avec nos partenaires. Votre succ\u00e8s est notre succ\u00e8s, c&rsquo;est pourquoi nous mettons tout en \u0153uvre pour vous fournir les outils, les ressources et le soutien dont vous avez besoin pour prosp\u00e9rer.  <\/span><\/p>\n<ul>\n<li style=\"font-weight: 400\"><b>Notre portail partenaire : <\/b><span style=\"font-weight: 400\">G\u00e9rez chaque \u00e9tape du parcours de vos clients, rendant leur exp\u00e9rience aussi unique que leurs vacances. Vous pouvez acc\u00e9der aux informations en direct sur nos prix et disponibilit\u00e9s et g\u00e9rer les r\u00e9servations de vos clients du d\u00e9but \u00e0 la fin \u00e0 tout moment.  <\/span><\/li>\n<li style=\"font-weight: 400\"><b>Pages en marque blanche : <\/b><span style=\"font-weight: 400\">Des pages enti\u00e8rement personnalisables con\u00e7ues pour aider vos clients \u00e0 r\u00e9server en ligne, en r\u00e9servant leurs cours instantan\u00e9ment \u00e0 leur convenance. Vous pouvez facilement partager votre URL unique avec vos clients et \u00eatre assur\u00e9 que toutes les r\u00e9servations seront enregistr\u00e9es comme commissionnables. Rapide, facile et simple.  <\/span><\/li>\n<li style=\"font-weight: 400\"><b>Site de ressources partenaires :<\/b><span> Vous pouvez d\u00e9sormais acc\u00e9der aux listes de prix, \u00e0 une biblioth\u00e8que de connaissances avec des guides pratiques et \u00e0 une large gamme de contenus pour les r\u00e9seaux sociaux, y compris des vid\u00e9os et des photos de haute qualit\u00e9. Toutes les informations dont vous avez besoin au m\u00eame endroit. <\/span><\/li>\n<\/ul>\n                <div class=\"cta-links\">\n                                    <\/div>\n\n                            <\/div>\n            <div class=\"image-container\">\n                                    <img loading=\"lazy\" decoding=\"async\" width=\"600\" height=\"410\" src=\"https:\/\/www.skinewgen.com\/wp-content\/uploads\/2024\/11\/VErbier-ski-school-1024x410-1-600x410.webp\" class=\"attachment-square size-square\" alt=\"\">                            <\/div>\n        <\/div>\n    <\/div>\n<\/section>\n<h5 class=\"wp-block-heading\"><\/h5>\n\n<p><\/p>\n\n<section class=\"solve-block-posts-feed ski-blog\">\n\n    <div class=\"wrap\">\n\n        <div class=\"content\">\n    \n            <div class=\"headings\">\n                                                            <span class=\"h5\">Notre Blog<\/span>\n                                        <h2>D\u00e9couvrez nos derniers articles de blog<\/h2>\n                            <\/div>\n\n                <div class=\"posts-feed-container blaze-slider\">\n                    <div class=\"blaze-container\">\n                        <div class=\"blaze-track-container\">\n                            <div class=\"blaze-track\">\n                                                                    \n                                        \n<article class=\"postcard\">\n    <a href=\"https:\/\/www.skinewgen.com\/fr\/ski-blog\/actualites-de-lentreprise\/comment-peak-feeling-ameliore-les-vacances-au-ski-avec-new-generation\/\" aria-label=\"Read Devenez notre partenaire\">\n        <div class=\"img-container\">\n                                                <img decoding=\"async\" width=\"768\" height=\"764\" src=\"https:\/\/www.skinewgen.com\/wp-content\/uploads\/2025\/06\/new-generation-peak-feeling-ski-768x764.png\" class=\"attachment-medium_large size-medium_large wp-post-image\" alt=\"\" loading=\"lazy\" srcset=\"https:\/\/www.skinewgen.com\/wp-content\/uploads\/2025\/06\/new-generation-peak-feeling-ski-768x764.png 768w, https:\/\/www.skinewgen.com\/wp-content\/uploads\/2025\/06\/new-generation-peak-feeling-ski-150x150.png 150w, https:\/\/www.skinewgen.com\/wp-content\/uploads\/2025\/06\/new-generation-peak-feeling-ski.png 813w\" sizes=\"auto, (max-width: 768px) 100vw, 768px\">                                    <\/div>\n        <div class=\"excerpt\">\n                            <div class=\"meta\">\n                                            <span class=\"cat\">Actualit\u00e9s de l&#039;entreprise<\/span>\n                        <sep>&#8226;<\/sep>\n                                        <span><time datetime=2025-06-22 itemprop=\"datePublished\">juin 22, 2025<\/time><\/span>\n                <\/div>\n                        <h3 class=\"h4\">Comment Peak Feeling am\u00e9liore les vacances au ski avec new generation<\/h3>\n            <p>Chez New Generation, notre travail se fait souvent en coulisses, mais il est essentiel pour garantir une exp\u00e9rience de vacances&#8230;<\/p>\n                            <p class=\"time\"><svg xmlns=\"http:\/\/www.w3.org\/2000\/svg\" viewBox=\"0 0 20 20\">\n  <g>\n    <path d=\"M10,0C4.48,0,0,4.48,0,10s4.48,10,10,10,10-4.48,10-10c0-2.65-1.05-5.2-2.93-7.07-1.88-1.88-4.42-2.93-7.07-2.93ZM10,18c-4.42,0-8-3.58-8-8S5.58,2,10,2s8,3.58,8,8c0,2.12-.84,4.16-2.34,5.66-1.5,1.5-3.54,2.34-5.66,2.34ZM10.88,4.5v5.14l3.63,3.63c.19.2.19.51,0,.71l-.53.53c-.2.19-.51.19-.71,0l-4-4c-.09-.09-.15-.22-.15-.35v-5.66c0-.28.22-.5.5-.5h.76c.28,0,.5.22.5.5Z\" style=\"fill: currentColor; fill-rule: evenodd; stroke-width: 0px;\"\/>\n  <\/g>\n<\/svg> Read time: 2 mins<\/p>\n                    <\/div>\n    <\/a>\n<\/article>\n                                    \n                                        \n<article class=\"postcard\">\n    <a href=\"https:\/\/www.skinewgen.com\/fr\/ski-blog\/actualites-de-lentreprise\/partenariats-de-confiance-sur-les-pistes-ski-solutions-x-nouvelle-generation\/\" aria-label=\"Read Devenez notre partenaire\">\n        <div class=\"img-container\">\n                                                <img decoding=\"async\" width=\"768\" height=\"764\" src=\"https:\/\/www.skinewgen.com\/wp-content\/uploads\/2025\/06\/Partnership-New-Generation-and-Ski-Solutions-768x764.png\" class=\"attachment-medium_large size-medium_large wp-post-image\" alt=\"\" loading=\"lazy\" srcset=\"https:\/\/www.skinewgen.com\/wp-content\/uploads\/2025\/06\/Partnership-New-Generation-and-Ski-Solutions-768x764.png 768w, https:\/\/www.skinewgen.com\/wp-content\/uploads\/2025\/06\/Partnership-New-Generation-and-Ski-Solutions-150x150.png 150w, https:\/\/www.skinewgen.com\/wp-content\/uploads\/2025\/06\/Partnership-New-Generation-and-Ski-Solutions.png 813w\" sizes=\"auto, (max-width: 768px) 100vw, 768px\">                                    <\/div>\n        <div class=\"excerpt\">\n                            <div class=\"meta\">\n                                            <span class=\"cat\">Actualit\u00e9s de l&#039;entreprise<\/span>\n                        <sep>&#8226;<\/sep>\n                                        <span><time datetime=2025-06-21 itemprop=\"datePublished\">juin 21, 2025<\/time><\/span>\n                <\/div>\n                        <h3 class=\"h4\">Partenariats de confiance sur les pistes : Ski Solutions x nouvelle g\u00e9n\u00e9ration<\/h3>\n            <p>Comment notre partenariat avec Ski Solutions soutient leurs clients sur et en dehors des pistes. Chez New Generation, nous travaillons&#8230;<\/p>\n                            <p class=\"time\"><svg xmlns=\"http:\/\/www.w3.org\/2000\/svg\" viewBox=\"0 0 20 20\">\n  <g>\n    <path d=\"M10,0C4.48,0,0,4.48,0,10s4.48,10,10,10,10-4.48,10-10c0-2.65-1.05-5.2-2.93-7.07-1.88-1.88-4.42-2.93-7.07-2.93ZM10,18c-4.42,0-8-3.58-8-8S5.58,2,10,2s8,3.58,8,8c0,2.12-.84,4.16-2.34,5.66-1.5,1.5-3.54,2.34-5.66,2.34ZM10.88,4.5v5.14l3.63,3.63c.19.2.19.51,0,.71l-.53.53c-.2.19-.51.19-.71,0l-4-4c-.09-.09-.15-.22-.15-.35v-5.66c0-.28.22-.5.5-.5h.76c.28,0,.5.22.5.5Z\" style=\"fill: currentColor; fill-rule: evenodd; stroke-width: 0px;\"\/>\n  <\/g>\n<\/svg> Read time: 3 mins<\/p>\n                    <\/div>\n    <\/a>\n<\/article>\n                                    \n                                        \n<article class=\"postcard\">\n    <a href=\"https:\/\/www.skinewgen.com\/fr\/ski-blog\/actualites-de-lentreprise\/definir-la-norme-comment-oxford-ski-company-offre-un-luxe-sans-faille-avec-new-generation\/\" aria-label=\"Read Devenez notre partenaire\">\n        <div class=\"img-container\">\n                                                <img decoding=\"async\" width=\"768\" height=\"764\" src=\"https:\/\/www.skinewgen.com\/wp-content\/uploads\/2025\/06\/oxford-ski-company-x-new-generation-768x764.png\" class=\"attachment-medium_large size-medium_large wp-post-image\" alt=\"\" loading=\"lazy\" srcset=\"https:\/\/www.skinewgen.com\/wp-content\/uploads\/2025\/06\/oxford-ski-company-x-new-generation-768x764.png 768w, https:\/\/www.skinewgen.com\/wp-content\/uploads\/2025\/06\/oxford-ski-company-x-new-generation-150x150.png 150w, https:\/\/www.skinewgen.com\/wp-content\/uploads\/2025\/06\/oxford-ski-company-x-new-generation.png 813w\" sizes=\"auto, (max-width: 768px) 100vw, 768px\">                                    <\/div>\n        <div class=\"excerpt\">\n                            <div class=\"meta\">\n                                            <span class=\"cat\">Actualit\u00e9s de l&#039;entreprise<\/span>\n                        <sep>&#8226;<\/sep>\n                                        <span><time datetime=2025-06-20 itemprop=\"datePublished\">juin 20, 2025<\/time><\/span>\n                <\/div>\n                        <h3 class=\"h4\">D\u00e9finir la norme : comment Oxford Ski company offre un luxe sans faille avec new generation<\/h3>\n            <p>Quand vos clients n&rsquo;attendent rien de moins que l&rsquo;excellence, chaque d\u00e9tail compte. C&rsquo;est la force motrice derri\u00e8re l&rsquo;\u00e9quipe d&rsquo;exp\u00e9rience post-vente&#8230;<\/p>\n                            <p class=\"time\"><svg xmlns=\"http:\/\/www.w3.org\/2000\/svg\" viewBox=\"0 0 20 20\">\n  <g>\n    <path d=\"M10,0C4.48,0,0,4.48,0,10s4.48,10,10,10,10-4.48,10-10c0-2.65-1.05-5.2-2.93-7.07-1.88-1.88-4.42-2.93-7.07-2.93ZM10,18c-4.42,0-8-3.58-8-8S5.58,2,10,2s8,3.58,8,8c0,2.12-.84,4.16-2.34,5.66-1.5,1.5-3.54,2.34-5.66,2.34ZM10.88,4.5v5.14l3.63,3.63c.19.2.19.51,0,.71l-.53.53c-.2.19-.51.19-.71,0l-4-4c-.09-.09-.15-.22-.15-.35v-5.66c0-.28.22-.5.5-.5h.76c.28,0,.5.22.5.5Z\" style=\"fill: currentColor; fill-rule: evenodd; stroke-width: 0px;\"\/>\n  <\/g>\n<\/svg> Read time: 3 mins<\/p>\n                    <\/div>\n    <\/a>\n<\/article>\n                                                                                                <\/div>\n                        <\/div>\n                        \n                        <div class=\"controls-with-button\">\n                            <div class=\"blaze-controls\">\n                                <button class=\"blaze-prev\" aria-label=\"Go to previous slide\">\n                                    <svg xmlns=\"http:\/\/www.w3.org\/2000\/svg\" viewBox=\"0 0 17 12.47\">\n  <g>\n    <path d=\"M0,6.23l.59.66,5,5.58,1.18-1.31-3.57-3.99h13.81v-1.86H3.19l3.57-3.99-1.18-1.31L.59,5.58l-.59.66Z\" style=\"fill: currentColor; fill-rule: evenodd; stroke-width: 0px;\"\/>\n  <\/g>\n<\/svg>                                <\/button>\n                                <button class=\"blaze-next\" aria-label=\"Go to next slide\">\n                                    <svg xmlns=\"http:\/\/www.w3.org\/2000\/svg\" viewBox=\"0 0 17 12.47\">\n  <g>\n    <path d=\"M17,6.23l-.59-.66L11.41,0l-1.18,1.31,3.57,3.99H0v1.86h13.81l-3.57,3.99,1.18,1.31,5-5.58.59-.66Z\" style=\"fill: currentColor; fill-rule: evenodd; stroke-width: 0px;\"\/>\n  <\/g>\n<\/svg>                                <\/button>\n                            <\/div>\n\n                            \n                        <\/div>\n                    <\/div>\n                <\/div>\n\n        <\/div>\n\n    <\/div>\n\n<\/section>\n","protected":false},"excerpt":{"rendered":"","protected":false},"author":7,"featured_media":0,"parent":0,"menu_order":0,"comment_status":"closed","ping_status":"closed","template":"templates\/page-template-contact.php","meta":{"_acf_changed":false,"content-type":"","footnotes":""},"page_type":[],"class_list":["post-14564","page","type-page","status-publish","hentry"],"acf":[],"_links":{"self":[{"href":"https:\/\/www.skinewgen.com\/fr\/wp-json\/wp\/v2\/pages\/14564","targetHints":{"allow":["GET"]}}],"collection":[{"href":"https:\/\/www.skinewgen.com\/fr\/wp-json\/wp\/v2\/pages"}],"about":[{"href":"https:\/\/www.skinewgen.com\/fr\/wp-json\/wp\/v2\/types\/page"}],"author":[{"embeddable":true,"href":"https:\/\/www.skinewgen.com\/fr\/wp-json\/wp\/v2\/users\/7"}],"replies":[{"embeddable":true,"href":"https:\/\/www.skinewgen.com\/fr\/wp-json\/wp\/v2\/comments?post=14564"}],"version-history":[{"count":1,"href":"https:\/\/www.skinewgen.com\/fr\/wp-json\/wp\/v2\/pages\/14564\/revisions"}],"predecessor-version":[{"id":14565,"href":"https:\/\/www.skinewgen.com\/fr\/wp-json\/wp\/v2\/pages\/14564\/revisions\/14565"}],"wp:attachment":[{"href":"https:\/\/www.skinewgen.com\/fr\/wp-json\/wp\/v2\/media?parent=14564"}],"wp:term":[{"taxonomy":"page_type","embeddable":true,"href":"https:\/\/www.skinewgen.com\/fr\/wp-json\/wp\/v2\/page_type?post=14564"}],"curies":[{"name":"wp","href":"https:\/\/api.w.org\/{rel}","templated":true}]}}