{"id":14566,"date":"2025-07-21T13:35:10","date_gmt":"2025-07-21T13:35:10","guid":{"rendered":"https:\/\/www.skinewgen.com\/?page_id=14566"},"modified":"2025-12-23T13:38:50","modified_gmt":"2025-12-23T13:38:50","slug":"programme-de-parrainage","status":"publish","type":"page","link":"https:\/\/www.skinewgen.com\/fr\/programme-de-parrainage\/","title":{"rendered":"Programme de parrainage"},"content":{"rendered":"\n<section  class=\"solve-block-why-newgen\">\n    <div class=\"wrap\">\n        <div class=\"flex left-image\">\n\n            <div class=\"content\">\n                <h2>Voici comment fonctionne notre programme de parrainage<\/h2>\n                <p><strong>1. Invitez vos amis<\/strong><\/p>\n<p>Envoyez votre lien de parrainage personnel \u00e0 tous ceux qui, selon vous, aimeraient apprendre avec nous \u2014 qu&rsquo;ils soient d\u00e9butants ou qu&rsquo;ils visent de nouveaux sommets.<\/p>\n<p><strong>2. Ils r\u00e9servent et \u00e9conomisent<\/strong><\/p>\n<p>Vos amis b\u00e9n\u00e9ficieront d&rsquo;une r\u00e9duction de 5 % lors de leur premi\u00e8re r\u00e9servation avec nous.<\/p>\n<p><strong>3. Vous recevez un bon d&rsquo;achat Ellis Brigham<\/strong><\/p>\n<p>Une fois que votre ami termine ses cours, vous recevrez une r\u00e9compense bas\u00e9e sur ce qu&rsquo;il a d\u00e9pens\u00e9 :<\/p>\n<table class=\"w-fit min-w-(--thread-content-width)\" style=\"height: 150px;\" width=\"406\" data-start=\"820\" data-end=\"1169\">\n<thead data-start=\"820\" data-end=\"889\">\n<tr data-start=\"820\" data-end=\"889\">\n<th style=\"text-align: left;\" data-start=\"820\" data-end=\"845\" data-col-size=\"sm\"><strong data-start=\"822\" data-end=\"844\">D\u00e9pense de l&rsquo;ami (\u20ac)<\/strong><\/th>\n<th style=\"text-align: left;\" data-start=\"845\" data-end=\"889\" data-col-size=\"sm\"><strong data-start=\"847\" data-end=\"862\">Votre r\u00e9compense<\/strong><\/th>\n<\/tr>\n<\/thead>\n<tbody data-start=\"960\" data-end=\"1169\">\n<tr data-start=\"960\" data-end=\"1029\">\n<td data-start=\"960\" data-end=\"985\" data-col-size=\"sm\">Moins de 500 \u20ac<\/td>\n<td data-col-size=\"sm\" data-start=\"985\" data-end=\"1029\">Bon d&rsquo;achat Ellis Brigham de 20 \u00a3<\/td>\n<\/tr>\n<tr data-start=\"1030\" data-end=\"1099\">\n<td data-start=\"1030\" data-end=\"1055\" data-col-size=\"sm\">501 \u20ac \u2013 1000 \u20ac<\/td>\n<td data-col-size=\"sm\" data-start=\"1055\" data-end=\"1099\">Bon d&rsquo;achat Ellis Brigham de 50 \u00a3<\/td>\n<\/tr>\n<tr data-start=\"1100\" data-end=\"1169\">\n<td data-start=\"1100\" data-end=\"1125\" data-col-size=\"sm\">Plus de 1001 \u20ac<\/td>\n<td data-col-size=\"sm\" data-start=\"1125\" data-end=\"1169\">Bon d&rsquo;achat Ellis Brigham de 100 \u00a3<\/td>\n<\/tr>\n<\/tbody>\n<\/table>\n<p>&nbsp;<\/p>\n                <div class=\"cta-links\">\n                                            <a class=\"button solid\" href=\"https:\/\/skinewgen.referralrock.com\/v2\/1\/\" target=\"_self\" rel=\"noopener\">Join the Referral Program<\/a>\n                                                            <\/div>\n            <\/div>\n\n            <div class=\"image-container\">\n                                    <img loading=\"lazy\" decoding=\"async\" width=\"600\" height=\"600\" src=\"https:\/\/www.skinewgen.com\/wp-content\/uploads\/2025\/12\/A-New-Generation-ski-instructor-smiling-in-the-winter-sun-600x600.webp\" class=\"attachment-square size-square\" alt=\"A New Generation Ski Instructor Smiling In The Winter Sun\" srcset=\"https:\/\/www.skinewgen.com\/wp-content\/uploads\/2025\/12\/A-New-Generation-ski-instructor-smiling-in-the-winter-sun-600x600.webp 600w, https:\/\/www.skinewgen.com\/wp-content\/uploads\/2025\/12\/A-New-Generation-ski-instructor-smiling-in-the-winter-sun-300x300.webp 300w, https:\/\/www.skinewgen.com\/wp-content\/uploads\/2025\/12\/A-New-Generation-ski-instructor-smiling-in-the-winter-sun-1000x1000.webp 1000w\" sizes=\"auto, (max-width: 600px) 100vw, 600px\" \/>                            <\/div>\n\n        <\/div>\n    <\/div>\n<\/section>\n\n\n<section  class=\"solve-block-why-newgen\">\n    <div class=\"wrap\">\n        <div class=\"flex right-image\">\n\n            <div class=\"content\">\n                <h2>Pourquoi rejoindre le programme de parrainage ?<\/h2>\n                <ul>\n<li data-start=\"1276\" data-end=\"1333\">\n<p data-start=\"1278\" data-end=\"1333\">Vos amis b\u00e9n\u00e9ficient d&rsquo;une offre avantageuse et d&rsquo;une excellente exp\u00e9rience.<\/p>\n<\/li>\n<li data-start=\"1334\" data-end=\"1390\">\n<p data-start=\"1336\" data-end=\"1390\">Vous recevez des bons d&rsquo;achat pour du mat\u00e9riel et des v\u00eatements de qualit\u00e9.<\/p>\n<\/li>\n<li data-start=\"1391\" data-end=\"1481\">\n<p data-start=\"1393\" data-end=\"1481\">Vous aidez les autres \u00e0 prendre confiance, \u00e0 mieux carver et \u00e0 profiter de leurs vacances d&rsquo;hiver.<\/p>\n<\/li>\n<li data-start=\"1482\" data-end=\"1526\">\n<p data-start=\"1484\" data-end=\"1526\">Pas de limite au nombre de personnes que vous pouvez parrainer !<\/p>\n<\/li>\n<\/ul>\n                <div class=\"cta-links\">\n                                            <a class=\"button solid\" href=\"https:\/\/skinewgen.referralrock.com\/v2\/1\/access\" target=\"_self\" rel=\"noopener\">JOIN THE REFERRAL PROGRAM<\/a>\n                                                            <\/div>\n            <\/div>\n\n            <div class=\"image-container\">\n                                    <img loading=\"lazy\" decoding=\"async\" width=\"600\" height=\"600\" src=\"https:\/\/www.skinewgen.com\/wp-content\/uploads\/2025\/12\/Why-choose-New-Generation-600x600.webp\" class=\"attachment-square size-square\" alt=\"Why Choose New Generation\" srcset=\"https:\/\/www.skinewgen.com\/wp-content\/uploads\/2025\/12\/Why-choose-New-Generation-600x600.webp 600w, https:\/\/www.skinewgen.com\/wp-content\/uploads\/2025\/12\/Why-choose-New-Generation-300x300.webp 300w, https:\/\/www.skinewgen.com\/wp-content\/uploads\/2025\/12\/Why-choose-New-Generation-1024x1024.webp 1024w, https:\/\/www.skinewgen.com\/wp-content\/uploads\/2025\/12\/Why-choose-New-Generation-150x150.webp 150w, https:\/\/www.skinewgen.com\/wp-content\/uploads\/2025\/12\/Why-choose-New-Generation-768x768.webp 768w, https:\/\/www.skinewgen.com\/wp-content\/uploads\/2025\/12\/Why-choose-New-Generation-1536x1536.webp 1536w, https:\/\/www.skinewgen.com\/wp-content\/uploads\/2025\/12\/Why-choose-New-Generation-2048x2048.webp 2048w, https:\/\/www.skinewgen.com\/wp-content\/uploads\/2025\/12\/Why-choose-New-Generation-1000x1000.webp 1000w\" sizes=\"auto, (max-width: 600px) 100vw, 600px\" \/>                            <\/div>\n\n        <\/div>\n    <\/div>\n<\/section>\n\n\n<section class=\"solve-block-overview\">\n    <div class=\"wrap\">\n                    <div class=\"key-features flex\">\n                <!-- Key Points go here -->\n                <div class=\"flex\">\n                    <svg viewBox=\"0 0 20 18\" xmlns=\"http:\/\/www.w3.org\/2000\/svg\">\n    <path fill-rule=\"evenodd\" clip-rule=\"evenodd\" d=\"M11.4284 4.28557C11.4284 6.65248 9.50977 8.57128 7.14286 8.57128C4.77595 8.57128 2.85714 6.65248 2.85714 4.28557C2.85714 1.91866 4.77595 0 7.14286 0C9.50977 0 11.4284 1.91866 11.4284 4.28557ZM7.14286 9.99986C3.19796 9.99986 0 13.1978 0 17.1426C0 17.537 0.319825 17.8569 0.714286 17.8569H13.5713C13.9659 17.8569 14.2856 17.537 14.2856 17.1426C14.2856 13.1978 11.0878 9.99986 7.14286 9.99986ZM19.2857 17.8569H15.9679C16.0353 17.6306 16.0714 17.3908 16.0714 17.1426C16.0714 14.2268 14.6738 11.6375 12.5118 10.008C12.6262 10.0026 12.7414 9.99986 12.8571 9.99986C16.802 9.99986 20 13.1978 20 17.1426C20 17.537 19.6802 17.8569 19.2857 17.8569ZM12.8571 8.57128C12.4261 8.57128 12.0099 8.50773 11.6175 8.38921C12.609 7.3086 13.2143 5.86778 13.2143 4.28557C13.2143 2.70335 12.609 1.26254 11.6175 0.181924C12.0099 0.0635569 12.4261 0 12.8571 0C15.2241 0 17.1429 1.91866 17.1429 4.28557C17.1429 6.65248 15.2241 8.57128 12.8571 8.57128Z\" fill=\"currentColor\"\/>\n<\/svg>\n                    <p>Invitez des amis<\/p>\n                <\/div>\n                                    <div class=\"flex\">\n                        <svg viewBox=\"0 0 20 19\" xmlns=\"http:\/\/www.w3.org\/2000\/svg\">\n    <path d=\"M10 15.27L16.18 19L14.54 11.97L20 7.24L12.81 6.63L10 0L7.19 6.63L0 7.24L5.46 11.97L3.82 19L10 15.27Z\" fill=\"currentColor\"\/>\n<\/svg>                        <p>Offrez une r\u00e9duction<\/p>\n                    <\/div>\n                                            <div class=\"flex\">\n                        <?xml version=\"1.0\" encoding=\"utf-8\"?><!-- Uploaded to: SVG Repo, www.svgrepo.com, Generator: SVG Repo Mixer Tools -->\r\n<svg width=\"800px\" height=\"800px\" viewBox=\"0 0 16 16\" fill=\"none\" xmlns=\"http:\/\/www.w3.org\/2000\/svg\">\r\n<path d=\"M3 3V0H5C6.65685 0 8 1.34315 8 3C8 1.34315 9.34315 0 11 0H13V3H16V6H0V3H3Z\" fill=\"#000000\"\/>\r\n<path d=\"M1 8H7V15H1V8Z\" fill=\"#000000\"\/>\r\n<path d=\"M15 8H9V15H15V8Z\" fill=\"#000000\"\/>\r\n<\/svg>                            <p>Recevez des r\u00e9compenses<\/p>\n                        <\/div>\n                                                <\/div>\n                <div class=\"container\">\n            <div class=\"page-details\">\n\n                <h2>Commencez \u00e0 parrainer d\u00e8s aujourd&rsquo;hui<\/h2>\n                <div id=\"content\" class=\"content\" aria-labelledby=\"read-more\" aria-hidden=\"true\">\n                    <p data-start=\"1891\" data-end=\"1999\">C&rsquo;est simple et gratuit.<\/p>\n<p data-start=\"1891\" data-end=\"1999\">Cliquez sur le lien ci-dessous pour obtenir votre lien de parrainage et commencer \u00e0 gagner vos r\u00e9compenses.<\/p>\n<h3 data-start=\"2001\" data-end=\"2033\"><a href=\"https:\/\/skinewgen.referralrock.com\/v2\/1\/access\" target=\"_blank\" rel=\"noopener\">Obtenir mon lien de parrainage<\/a><\/h3>\n<p><a href=\"https:\/\/travel.skinewgen.com\/tcs-referral-program-guest\" target=\"_blank\" rel=\"noopener\">*Conditions g\u00e9n\u00e9rales applicables<\/a><\/p>\n                    <div class=\"fade\"><\/div>\n                <\/div>\n                <button id=\"read-more\" class=\"no-style\" aria-expanded=\"false\" aria-controls=\"content\">En savoir plus<\/button>\n\n            <\/div>\n        <\/div>\n    <\/div>\n<\/section>\n\n\n\n<section  class=\"solve-block-faqs\">\n    <div class=\"wrap\">\n        <div class=\"acf-innerblocks-container\">\n\n<h2 class=\"wp-block-heading\">Programme de parrainage &#8211; questions fr\u00e9quentes<\/h2>\n\n<\/div>\n        <div class=\"faqs-container grid\">\n                            <div class=\"grid\">\n                    \n<div class=\"single-accordion grid\">\n\n    <h3 class=\"h5\" id=\"accordion0-title\">\n        <button class=\"accordion-title no-style\" aria-expanded=\"false\" aria-controls=\"accordion0-content\">\n            <span>Qu&#039;est-ce que le programme de parrainage New Generation ?<\/span>\n        <\/button>\n    <\/h3>\n\n    <div id=\"accordion0-content\" class=\"accordion-content dt\" aria-labelledby=\"accordion0-title\" aria-hidden=\"true\">\n        <p>Le Programme de Parrainage de New Generation vous offre un excellent moyen de gagner des r\u00e9compenses tout en offrant des r\u00e9ductions \u00e0 vos amis.<br \/>\nC&rsquo;est notre fa\u00e7on de vous remercier pour vos efforts \u00e0 amener plus de clients chez New Generation<\/p>\n    <\/div>\n\n<\/div>\n<div class=\"single-accordion grid\">\n\n    <h3 class=\"h5\" id=\"accordion2-title\">\n        <button class=\"accordion-title no-style\" aria-expanded=\"false\" aria-controls=\"accordion2-content\">\n            <span>Quelle r\u00e9compense vais-je recevoir ?<\/span>\n        <\/button>\n    <\/h3>\n\n    <div id=\"accordion2-content\" class=\"accordion-content dt\" aria-labelledby=\"accordion2-title\" aria-hidden=\"true\">\n        <div class=\"rank-math-item-header\">\n<div class=\"rank-math-block-actions\">Voici ce que vous recevrez en fonction de la d\u00e9pense totale de votre ami.<\/div>\n<\/div>\n<div class=\"rank-math-item-content\">\n<div class=\"block-editor-rich-text__editable rank-math-faq-answer rich-text\" role=\"textbox\" contenteditable=\"true\" aria-multiline=\"true\" aria-label=\"Enter the answer to the question\">S&rsquo;ils d\u00e9pensent moins de 500 \u20ac, vous recevez un bon d&rsquo;achat Ellis Brigham de 20 \u00a3. <br data-rich-text-line-break=\"true\">S&rsquo;ils d\u00e9pensent entre 501 \u20ac et 1000 \u20ac, vous recevez un bon d&rsquo;achat Ellis Brigham de 50 \u00a3. <br data-rich-text-line-break=\"true\">S&rsquo;ils d\u00e9pensent plus de 1001 \u20ac, vous recevez un bon d&rsquo;achat Ellis Brigham de 100 \u00a3.<\/div>\n<\/div>\n    <\/div>\n\n<\/div>\n<div class=\"single-accordion grid\">\n\n    <h3 class=\"h5\" id=\"accordion4-title\">\n        <button class=\"accordion-title no-style\" aria-expanded=\"false\" aria-controls=\"accordion4-content\">\n            <span>Comment rejoindre le Programme de Parrainage ?<\/span>\n        <\/button>\n    <\/h3>\n\n    <div id=\"accordion4-content\" class=\"accordion-content dt\" aria-labelledby=\"accordion4-title\" aria-hidden=\"true\">\n        <p>Il suffit de <a href=\"https:\/\/skinewgen.referralrock.com\/v2\/1\/\" target=\"_blank\" rel=\"noopener\">visiter cette page<\/a> et de s&rsquo;inscrire. Vous recevrez imm\u00e9diatement un lien personnel \u00e0 partager avec vos amis et l&rsquo;acc\u00e8s \u00e0 un tableau de bord pour suivre l&rsquo;\u00e9tat de vos parrainages. <\/p>\n    <\/div>\n\n<\/div>\n<div class=\"single-accordion grid\">\n\n    <h3 class=\"h5\" id=\"accordion6-title\">\n        <button class=\"accordion-title no-style\" aria-expanded=\"false\" aria-controls=\"accordion6-content\">\n            <span>Y a-t-il une limite au nombre de bons d&#039;achat que je peux gagner ?<\/span>\n        <\/button>\n    <\/h3>\n\n    <div id=\"accordion6-content\" class=\"accordion-content dt\" aria-labelledby=\"accordion6-title\" aria-hidden=\"true\">\n        <div class=\"rank-math-item-header\">\n<div class=\"rank-math-block-actions\">Non, vous pouvez gagner <strong>plusieurs bons d&rsquo;achat<\/strong> selon le nombre de personnes que vous parrainez et ce qu&rsquo;elles d\u00e9pensent. Place aux nouveaux \u00e9quipements ! <\/div>\n<\/div>\n    <\/div>\n\n<\/div>\n<div class=\"single-accordion grid\">\n\n    <h3 class=\"h5\" id=\"accordion8-title\">\n        <button class=\"accordion-title no-style\" aria-expanded=\"false\" aria-controls=\"accordion8-content\">\n            <span>Dois-je \u00eatre un ancien client pour parrainer quelqu&#039;un ?<\/span>\n        <\/button>\n    <\/h3>\n\n    <div id=\"accordion8-content\" class=\"accordion-content dt\" aria-labelledby=\"accordion8-title\" aria-hidden=\"true\">\n        <div class=\"rank-math-item-header\">\n<div class=\"rank-math-block-actions\">Non, tout le monde peut rejoindre et parrainer \u2014 que vous soyez un ancien client, un parent ou simplement un fan de ce que nous faisons.<\/div>\n<\/div>\n    <\/div>\n\n<\/div>                <\/div>\n                <div class=\"grid\">\n                \n<div class=\"single-accordion grid\">\n\n    <h3 class=\"h5\" id=\"accordion1-title\">\n        <button class=\"accordion-title no-style\" aria-expanded=\"false\" aria-controls=\"accordion1-content\">\n            <span>Comment fonctionne le programme de parrainage ?<\/span>\n        <\/button>\n    <\/h3>\n\n    <div id=\"accordion1-content\" class=\"accordion-content dt\" aria-labelledby=\"accordion1-title\" aria-hidden=\"true\">\n        <div class=\"rank-math-item-header\">\n<div class=\"rank-math-block-actions\">C&rsquo;est simple ! Partagez votre lien de parrainage unique avec vos amis. Lorsqu&rsquo;ils r\u00e9servent avec nous en utilisant votre lien, ils obtiennent <strong>5 % de r\u00e9duction<\/strong> sur leur r\u00e9servation. Apr\u00e8s avoir termin\u00e9 leurs cours, vous gagnerez un <strong>bon d&rsquo;achat Ellis Brigham<\/strong> \u2014 le montant d\u00e9pend de ce qu&rsquo;ils ont d\u00e9pens\u00e9.   <\/div>\n<\/div>\n    <\/div>\n\n<\/div>\n<div class=\"single-accordion grid\">\n\n    <h3 class=\"h5\" id=\"accordion3-title\">\n        <button class=\"accordion-title no-style\" aria-expanded=\"false\" aria-controls=\"accordion3-content\">\n            <span>Que re\u00e7oit mon ami ?<\/span>\n        <\/button>\n    <\/h3>\n\n    <div id=\"accordion3-content\" class=\"accordion-content dt\" aria-labelledby=\"accordion3-title\" aria-hidden=\"true\">\n        <div class=\"rank-math-item-header\">\n<div class=\"rank-math-block-actions\">Votre ami recevra <strong>5 % de r\u00e9duction<\/strong> sur sa premi\u00e8re r\u00e9servation avec New Gen en r\u00e9servant via votre lien de parrainage.<\/div>\n<\/div>\n    <\/div>\n\n<\/div>\n<div class=\"single-accordion grid\">\n\n    <h3 class=\"h5\" id=\"accordion5-title\">\n        <button class=\"accordion-title no-style\" aria-expanded=\"false\" aria-controls=\"accordion5-content\">\n            <span>Comment vais-je recevoir mon bon d&#039;achat ?<\/span>\n        <\/button>\n    <\/h3>\n\n    <div id=\"accordion5-content\" class=\"accordion-content dt\" aria-labelledby=\"accordion5-title\" aria-hidden=\"true\">\n        <div class=\"rank-math-item-header\">\n<div class=\"rank-math-block-actions\">Une fois que votre ami termine ses cours, nous traiterons votre r\u00e9compense et vous enverrons votre <strong>bon d&rsquo;achat Ellis Brigham<\/strong> par e-mail sous <strong>14 jours<\/strong>.<\/div>\n<\/div>\n    <\/div>\n\n<\/div>\n<div class=\"single-accordion grid\">\n\n    <h3 class=\"h5\" id=\"accordion7-title\">\n        <button class=\"accordion-title no-style\" aria-expanded=\"false\" aria-controls=\"accordion7-content\">\n            <span>Que se passe-t-il si mon ami annule ou reporte ?<\/span>\n        <\/button>\n    <\/h3>\n\n    <div id=\"accordion7-content\" class=\"accordion-content dt\" aria-labelledby=\"accordion7-title\" aria-hidden=\"true\">\n        <div class=\"rank-math-item-header\">\n<div class=\"rank-math-block-actions\">Les r\u00e9compenses ne sont accord\u00e9es qu&rsquo;apr\u00e8s que votre ami a termin\u00e9 son\/ses cours. En cas d&rsquo;annulation ou d&rsquo;absence, la r\u00e9compense ne s&rsquo;appliquera malheureusement pas. <\/div>\n<\/div>\n    <\/div>\n\n<\/div>\n<div class=\"single-accordion grid\">\n\n    <h3 class=\"h5\" id=\"accordion9-title\">\n        <button class=\"accordion-title no-style\" aria-expanded=\"false\" aria-controls=\"accordion9-content\">\n            <span>Puis-je utiliser mon lien de parrainage sur les r\u00e9seaux sociaux ?<\/span>\n        <\/button>\n    <\/h3>\n\n    <div id=\"accordion9-content\" class=\"accordion-content dt\" aria-labelledby=\"accordion9-title\" aria-hidden=\"true\">\n        <div class=\"rank-math-item-header\">\n<div class=\"rank-math-block-actions\">Oui ! N&rsquo;h\u00e9sitez pas \u00e0 partager votre lien sur Instagram, Facebook, WhatsApp \u2014 partout o\u00f9 se trouve votre communaut\u00e9.<\/div>\n<\/div>\n    <\/div>\n\n<\/div>                <\/div>\n                    <\/div>\n    <\/div>\n<\/section>\n","protected":false},"excerpt":{"rendered":"","protected":false},"author":7,"featured_media":13244,"parent":0,"menu_order":0,"comment_status":"closed","ping_status":"closed","template":"","meta":{"_acf_changed":false,"content-type":"","footnotes":""},"page_type":[398],"class_list":["post-14566","page","type-page","status-publish","has-post-thumbnail","hentry","page_type-parrainez-un-ami"],"acf":[],"_links":{"self":[{"href":"https:\/\/www.skinewgen.com\/fr\/wp-json\/wp\/v2\/pages\/14566","targetHints":{"allow":["GET"]}}],"collection":[{"href":"https:\/\/www.skinewgen.com\/fr\/wp-json\/wp\/v2\/pages"}],"about":[{"href":"https:\/\/www.skinewgen.com\/fr\/wp-json\/wp\/v2\/types\/page"}],"author":[{"embeddable":true,"href":"https:\/\/www.skinewgen.com\/fr\/wp-json\/wp\/v2\/users\/7"}],"replies":[{"embeddable":true,"href":"https:\/\/www.skinewgen.com\/fr\/wp-json\/wp\/v2\/comments?post=14566"}],"version-history":[{"count":3,"href":"https:\/\/www.skinewgen.com\/fr\/wp-json\/wp\/v2\/pages\/14566\/revisions"}],"predecessor-version":[{"id":18408,"href":"https:\/\/www.skinewgen.com\/fr\/wp-json\/wp\/v2\/pages\/14566\/revisions\/18408"}],"wp:featuredmedia":[{"embeddable":true,"href":"https:\/\/www.skinewgen.com\/fr\/wp-json\/wp\/v2\/media\/13244"}],"wp:attachment":[{"href":"https:\/\/www.skinewgen.com\/fr\/wp-json\/wp\/v2\/media?parent=14566"}],"wp:term":[{"taxonomy":"page_type","embeddable":true,"href":"https:\/\/www.skinewgen.com\/fr\/wp-json\/wp\/v2\/page_type?post=14566"}],"curies":[{"name":"wp","href":"https:\/\/api.w.org\/{rel}","templated":true}]}}