{"id":14572,"date":"2024-05-07T07:15:59","date_gmt":"2024-05-07T07:15:59","guid":{"rendered":"https:\/\/www.skinewgen.com\/politique-de-confidentialite\/"},"modified":"2025-07-21T09:03:29","modified_gmt":"2025-07-21T09:03:29","slug":"politique-de-confidentialite","status":"publish","type":"page","link":"https:\/\/www.skinewgen.com\/fr\/politique-de-confidentialite\/","title":{"rendered":"Politique de confidentialit\u00e9"},"content":{"rendered":"\n<p>Ceci d\u00e9crit comment vos informations personnelles sont utilis\u00e9es et stock\u00e9es par New Generation Ski  Snowboard Limited, qui exerce sous le nom de New Generation. Cette politique de confidentialit\u00e9 vous informe de la mani\u00e8re dont les entit\u00e9s op\u00e9rant sous la marque \u00ab New Generation \u00bb traitent vos informations personnelles. <\/p>\n\n<p>New Generation s&rsquo;engage \u00e0 prot\u00e9ger votre vie priv\u00e9e. Si nous vous demandons de fournir certaines informations permettant de vous identifier lors de l&rsquo;utilisation de ce site web, vous pouvez \u00eatre assur\u00e9 qu&rsquo;elles ne seront utilis\u00e9es que conform\u00e9ment \u00e0 cette d\u00e9claration de confidentialit\u00e9. New Generation peut modifier cette politique de temps \u00e0 autre et vous informera de tout changement.  <\/p>\n\n<p>Cette politique est en vigueur depuis le 29\/03\/18.<\/p>\n\n<h2 class=\"wp-block-heading\">NOTRE PROMESSE ENVERS VOUS<\/h2>\n\n<p>Nous promettons :<\/p>\n\n<ul class=\"wp-block-list\">\n<li>De stocker vos donn\u00e9es en toute s\u00e9curit\u00e9<\/li>\n\n\n\n<li>De ne jamais les transmettre ou les vendre sans votre consentement<\/li>\n\n\n\n<li>De vous donner la possibilit\u00e9 de vous d\u00e9sinscrire de toute ou partie des communications marketing \u00e0 tout moment.<\/li>\n<\/ul>\n\n<h2 class=\"wp-block-heading\">CE QUE NOUS COLLECTONS ET STOCKONS<\/h2>\n\n<p>Nous ne stockons que les donn\u00e9es n\u00e9cessaires et pertinentes pour nous permettre de traiter votre r\u00e9servation, r\u00e9pondre \u00e0 votre demande et am\u00e9liorer nos produits et l&rsquo;exp\u00e9rience client que nous offrons. Tous les d\u00e9tails des donn\u00e9es que nous collectons et stockons sont pr\u00e9sent\u00e9s dans le tableau ci-dessous. <\/p>\n\n<h2 class=\"wp-block-heading\">COMMENT SONT-ELLES COLLECT\u00c9ES<\/h2>\n\n<p>Nous collectons les donn\u00e9es des mani\u00e8res suivantes :<\/p>\n\n<ul class=\"wp-block-list\">\n<li>Pendant que vous acc\u00e9dez \u00e0 notre site web, via des cookies<\/li>\n\n\n\n<li>Pendant le processus de r\u00e9servation, en ligne, par t\u00e9l\u00e9phone, par e-mail ou en personne<\/li>\n\n\n\n<li>Aupr\u00e8s de tiers si la r\u00e9servation est effectu\u00e9e via un tour-op\u00e9rateur ou une agence<\/li>\n\n\n\n<li>Lorsque vous nous parlez au t\u00e9l\u00e9phone ou en personne sur place<\/li>\n\n\n\n<li>Pendant votre cours<\/li>\n\n\n\n<li>Dans les e-mails, les messages texte et les lettres<\/li>\n\n\n\n<li>Lorsque vous r\u00e9pondez \u00e0 un sondage ou donnez un avis<\/li>\n\n\n\n<li>Si vous participez \u00e0 des concours<\/li>\n<\/ul>\n\n<h2 class=\"wp-block-heading\">COMMENT SONT-ELLES UTILIS\u00c9ES<\/h2>\n\n<p>Les donn\u00e9es pertinentes des clients (noms, \u00e2ges, informations sur le niveau et la discipline) sont transmises \u00e0 l&rsquo;instructeur pour lui permettre de dispenser votre cours. Les donn\u00e9es de contact suppl\u00e9mentaires et votre historique d&rsquo;achats sont accessibles \u00e0 l&rsquo;\u00e9quipe du service client et des op\u00e9rations pour garantir le meilleur niveau de service possible et vous contacter si n\u00e9cessaire concernant votre cours. <\/p>\n\n<p>Si vous avez choisi de recevoir nos communications marketing, nous utiliserons \u00e9galement ces donn\u00e9es pour vous fournir des informations, des nouvelles ou des offres, par courrier ou par e-mail, qui vous sont pertinentes, int\u00e9ressantes et utiles. Votre historique d&rsquo;achats et vos actions sur notre site web, enregistr\u00e9s via des cookies, sont utilis\u00e9s pour vous offrir une exp\u00e9rience personnalis\u00e9e qui correspond \u00e0 vos int\u00e9r\u00eats et r\u00e9pond \u00e0 vos besoins. Nous ne partagerons jamais ces informations avec des tiers sans votre consentement explicite.  <\/p>\n\n<p>Nous examinons fr\u00e9quemment les produits que nous proposons pour nous assurer qu&rsquo;ils offrent des exp\u00e9riences exceptionnelles \u00e0 nos clients. Pour nous permettre de le faire et garantir que nos prix sont justes et refl\u00e8tent la valeur que nous offrons, nous pouvons utiliser vos donn\u00e9es client pour faciliter ce processus d&rsquo;\u00e9valuation. Nous pouvons \u00e9galement utiliser votre comportement d&rsquo;achat pour nous aider \u00e0 comprendre la demande et \u00e0 recruter et planifier les instructeurs en cons\u00e9quence.  <\/p>\n\n<p>Nous voulons nous assurer que notre prestation de services r\u00e9pond ou d\u00e9passe vos attentes. Nous vous contacterons donc normalement par e-mail apr\u00e8s votre cours et pourrons vous contacter sporadiquement pour demander votre avis. Votre participation \u00e0 ce processus est bien s\u00fbr enti\u00e8rement facultative. <\/p>\n\n<p>Vous pouvez consulter toutes les fa\u00e7ons dont nous pourrions utiliser vos donn\u00e9es plus en d\u00e9tail dans le tableau ci-dessous.<\/p>\n\n<figure class=\"wp-block-table\"><table class=\"has-fixed-layout\"><tbody><tr><th>Type d&rsquo;informations d\u00e9tenues<\/th><th>D\u00e9tail<\/th><th>Comment elles sont utilis\u00e9es<\/th><\/tr><tr><td>Personnel<\/td><td>Nom et \u00e2ge (si fournis) de tous les skieurs ou snowboardeurs du groupe<\/td><td>Pour nous permettre de personnaliser toutes les communications que nous avons avec vous, y compris avant l&rsquo;arriv\u00e9e, pendant votre s\u00e9jour sur place ou apr\u00e8s votre retour.<br\/>Pour garantir que le cours r\u00e9serv\u00e9 est appropri\u00e9 et nous permettre de choisir le meilleur instructeur pour vous ou votre groupe.<\/td><\/tr><tr><td>Contactez-nous<\/td><td>Adresse, num\u00e9ro de t\u00e9l\u00e9phone et adresse e-mail du responsable de la r\u00e9servation.<\/td><td>Pour vous contacter concernant votre r\u00e9servation, si quelque chose change ou si nous devons v\u00e9rifier des d\u00e9tails.<br\/>Les informations d&rsquo;adresse sont \u00e9galement n\u00e9cessaires pour les paiements en ligne.<br\/>Pour vous contacter de temps en temps avec des communications marketing, sauf si vous avez choisi de vous d\u00e9sinscrire.<\/td><\/tr><tr><td>Ski\/snowboard<\/td><td>Votre discipline choisie et votre niveau.<\/td><td>Pour dispenser un cours appropri\u00e9.<br\/>Pendant le processus d&rsquo;\u00e9valuation des produits.<br\/>Pour comprendre la demande et les changements du march\u00e9, et pour nous permettre de planifier en cons\u00e9quence.<\/td><\/tr><tr><td>Transactionnel<\/td><td>Votre historique de r\u00e9servation, y compris ce que vous avez r\u00e9serv\u00e9 et quand.<\/td><td>Pour fournir un service client efficace, y compris vous contacter pour vous informer de la disponibilit\u00e9 des cours qui pourraient vous int\u00e9resser.<br\/>Pour nous permettre de vous envoyer des informations pertinentes et int\u00e9ressantes dans les communications marketing.<\/td><\/tr><tr><td>Localisation<\/td><td>Donn\u00e9es collect\u00e9es via notre site web et \u00e0 l&rsquo;aide de cookies, y compris l&rsquo;appareil que vous avez utilis\u00e9 et votre localisation.<\/td><td>Pour nous aider \u00e0 comprendre ce qui compte pour vous et comment vous consultez le contenu afin que nous puissions nous assurer que ce que nous cr\u00e9ons r\u00e9pond \u00e0 ces besoins.<\/td><\/tr><tr><td>Comportemental<\/td><td>Les types de cours que vous avez achet\u00e9s et la fr\u00e9quence d&rsquo;achat.<\/td><td>Pour nous aider pendant le processus de d\u00e9veloppement des produits.<br\/>Pour nous aider \u00e0 comprendre la demande, afin que nous puissions planifier en cons\u00e9quence.<br\/>Pour garantir que les communications marketing que nous vous envoyons sont pertinentes et int\u00e9ressantes.<\/td><\/tr><tr><td>Communication<\/td><td>Toutes les communications \u00e9crites que nous recevons de vous, ou les r\u00e9sum\u00e9s des conversations orales.<\/td><td>Pour nous permettre de vous servir efficacement.<\/td><\/tr><tr><td>Consentement<\/td><td>Si vous avez consenti \u00e0 recevoir des communications marketing de notre part, et si oui, sous quel format.<\/td><td>Pour garantir que le contact avec vous r\u00e9pond \u00e0 vos demandes.<\/td><\/tr><\/tbody><\/table><\/figure>\n\n<h2 class=\"wp-block-heading\">COMMENT SONT-ELLES TRAIT\u00c9ES<\/h2>\n\n<p>Vos donn\u00e9es peuvent \u00eatre utilis\u00e9es dans le cadre du d\u00e9veloppement des produits, de la planification financi\u00e8re et op\u00e9rationnelle. Nous \u00e9tablissons r\u00e9guli\u00e8rement des rapports de ventes pour comprendre la fr\u00e9quence et le volume d&rsquo;achats par station ou par type de produit. Cela nous permet de fournir le meilleur service possible.  <\/p>\n\n<p>Pour nous permettre d&rsquo;envoyer des communications marketing personnalis\u00e9es, vos donn\u00e9es seront utilis\u00e9es dans le cadre du processus de segmentation ou de profilage. Cela peut inclure votre niveau, la station o\u00f9 vous avez ski\u00e9 ou fait du snowboard, ce que vous avez achet\u00e9, la fr\u00e9quence de vos achats et comment ou quand vous avez achet\u00e9. <\/p>\n\n<h2 class=\"wp-block-heading\">COMMUNICATIONS MARKETING<\/h2>\n\n<p>Sauf si vous avez choisi de vous d\u00e9sinscrire des communications marketing, nous vous contacterons par e-mail, courrier ou t\u00e9l\u00e9phone de temps en temps avec des informations que nous pensons pouvoir vous int\u00e9resser ou vous aider. Cela peut inclure des informations sur des produits, services ou offres pertinents, ou des nouvelles qui pourraient vous int\u00e9resser. Par e-mail, cela sera probablement environ une fois par mois. Par courrier ou t\u00e9l\u00e9phone, ce sera peut-\u00eatre une fois par an ou moins. Vous pouvez vous d\u00e9sinscrire de certaines ou de toutes ces communications \u00e0 tout moment. L&rsquo;option de d\u00e9sinscription sera propos\u00e9e au moment de la r\u00e9servation et dans tous les e-mails marketing. Vous pouvez \u00e9galement nous contacter directement par t\u00e9l\u00e9phone ou par e-mail pour vous d\u00e9sinscrire. Que vous choisissiez ou non de recevoir des communications marketing, nous vous enverrons toujours une confirmation de r\u00e9servation par e-mail, ainsi qu&rsquo;un e-mail avant votre arriv\u00e9e et un e-mail vous invitant \u00e0 donner votre avis sur le service re\u00e7u apr\u00e8s votre cours. Ceci pour garantir une prestation de service s\u00fbre et efficace.        <\/p>\n\n<h2 class=\"wp-block-heading\">S\u00c9CURIT\u00c9<\/h2>\n\n<p>Nous nous engageons \u00e0 garantir la s\u00e9curit\u00e9 de vos informations. Afin d&#8217;emp\u00eacher tout acc\u00e8s ou divulgation non autoris\u00e9, nous avons mis en place des proc\u00e9dures physiques, \u00e9lectroniques et manag\u00e9riales appropri\u00e9es pour sauvegarder et s\u00e9curiser les informations que nous collectons en ligne. <\/p>\n\n<p>Vos donn\u00e9es sont stock\u00e9es en toute s\u00e9curit\u00e9 sur notre syst\u00e8me de r\u00e9servation h\u00e9berg\u00e9 sur Microsoft Azure Server (Europe du Nord) en R\u00e9publique d&rsquo;Irlande. Seuls notre gestionnaire de base de donn\u00e9es, les personnes qui soutiennent la prestation de nos cours et notre \u00e9quipe de vente et marketing ont acc\u00e8s \u00e0 vos donn\u00e9es, avec des identifiants prot\u00e9g\u00e9s par mot de passe. Nous ne stockons jamais les d\u00e9tails des cartes bancaires. Toute information de carte donn\u00e9e par t\u00e9l\u00e9phone est soit saisie directement dans le syst\u00e8me, soit d\u00e9truite apr\u00e8s la saisie. Toute r\u00e9servation effectu\u00e9e sur papier sur place est d\u00e9chiquet\u00e9e le jour m\u00eame.    <\/p>\n\n<p>Notre site web dispose de SSL (Secure Sockets Layer). Il s&rsquo;agit de la technologie de s\u00e9curit\u00e9 standard pour \u00e9tablir un lien crypt\u00e9 entre un serveur web et un navigateur. Ce lien garantit que toutes les donn\u00e9es \u00e9chang\u00e9es entre le serveur web et les navigateurs restent priv\u00e9es et int\u00e8gres.  <\/p>\n\n<h2 class=\"wp-block-heading\">DUR\u00c9E DE CONSERVATION<\/h2>\n\n<p>Nous conservons les donn\u00e9es tant que vous restez client. Une fois que vous cessez d&rsquo;acheter chez nous, nous conserverons les donn\u00e9es pendant 6 ans maximum apr\u00e8s votre dernier achat, apr\u00e8s quoi elles seront d\u00e9truites. Si vous n&rsquo;avez pas achet\u00e9 chez nous mais avez simplement demand\u00e9 des renseignements sur les cours, nous ne conserverons vos donn\u00e9es que jusqu&rsquo;\u00e0 la fin de la saison d&rsquo;hiver concern\u00e9e par votre demande. Sauf si vous avez opt\u00e9 pour les communications marketing.   <\/p>\n\n<p>Nous ne conservons que les donn\u00e9es n\u00e9cessaires pour vous servir efficacement. Ainsi, si, par exemple, vous vous \u00eates d\u00e9sabonn\u00e9 de nos communications marketing, nous supprimerons vos coordonn\u00e9es une fois votre r\u00e9servation effectu\u00e9e. <\/p>\n\n<h2 class=\"wp-block-heading\">COOKIES<\/h2>\n\n<p>Un cookie est un petit fichier qui demande la permission d&rsquo;\u00eatre plac\u00e9 sur le disque dur de votre ordinateur. Une fois que vous acceptez, le fichier est ajout\u00e9 et le cookie aide \u00e0 analyser le trafic web ou vous fait savoir quand vous visitez un site particulier. Les cookies permettent aux applications web de vous r\u00e9pondre en tant qu&rsquo;individu. L&rsquo;application web peut adapter ses op\u00e9rations \u00e0 vos besoins, vos go\u00fbts et vos aversions en recueillant et en m\u00e9morisant des informations sur vos pr\u00e9f\u00e9rences.   <br\/><br\/>Dans l&rsquo;ensemble, les cookies nous aident \u00e0 vous fournir un meilleur site web, en nous permettant de surveiller les pages que vous trouvez utiles et celles que vous ne trouvez pas utiles. Un cookie ne nous donne en aucun cas acc\u00e8s \u00e0 votre ordinateur ni \u00e0 des informations vous concernant, autres que les donn\u00e9es que vous choisissez de partager avec nous. <br\/><br\/>Vous pouvez choisir d&rsquo;accepter ou de refuser les cookies. Vous pouvez lire notre politique compl\u00e8te sur les cookies <a href=\"https:\/\/www.skinewgen.com\/fr\/temoins-de-connexion\/\">ici.<\/a> <\/p>\n\n<h2 class=\"wp-block-heading\">LIENS VERS D&rsquo;AUTRES SITES WEB<\/h2>\n\n<p>Notre site web peut contenir des liens vers d&rsquo;autres sites web int\u00e9ressants. Cependant, une fois que vous avez utilis\u00e9 ces liens pour quitter notre site, vous devez noter que nous n&rsquo;avons aucun contr\u00f4le sur cet autre site web. Par cons\u00e9quent, nous ne pouvons pas \u00eatre responsables de la protection et de la confidentialit\u00e9 des informations que vous fournissez lors de la visite de ces sites et ces sites ne sont pas r\u00e9gis par cette d\u00e9claration de confidentialit\u00e9. Vous devez faire preuve de prudence et consulter la d\u00e9claration de confidentialit\u00e9 applicable au site web en question.   <\/p>\n\n<h2 class=\"wp-block-heading\">VOS DROITS<\/h2>\n\n<p>En vertu du RGPD, vous avez le droit de :<\/p>\n\n<ul class=\"wp-block-list\">\n<li>Nous interroger sur les donn\u00e9es que nous conservons vous concernant<\/li>\n\n\n\n<li>Modifier ou mettre \u00e0 jour les donn\u00e9es que nous conservons vous concernant<\/li>\n\n\n\n<li>Nous demander de ne pas traiter vos donn\u00e9es<\/li>\n\n\n\n<li>Vous d\u00e9sabonner des communications marketing \u00e0 tout moment<\/li>\n\n\n\n<li>Nous demander de supprimer ou de d\u00e9truire toutes les donn\u00e9es que nous conservons vous concernant<\/li>\n<\/ul>\n\n<h2 class=\"wp-block-heading\">CONTACTEZ-NOUS<\/h2>\n\n<p>Si vous avez des questions ou des pr\u00e9occupations concernant cette politique de donn\u00e9es, ou les donn\u00e9es que nous conservons vous concernant, vous pouvez nous contacter : <a href=\"https:\/\/web.archive.org\/web\/20240106011656\/mailto:info@skinewgen.com\" target=\"_blank\" rel=\"noopener\">info@skinewgen.com<\/a> ou +44 (0)1462 674 000.<\/p>\n\n<p><\/p>\n","protected":false},"excerpt":{"rendered":"Ceci d\u00e9crit comment vos informations personnelles sont utilis\u00e9es et stock\u00e9es par New Generation Ski Snowboard Limited, qui exerce sous le&#8230;","protected":false},"author":1,"featured_media":0,"parent":0,"menu_order":0,"comment_status":"closed","ping_status":"closed","template":"templates\/page-template-terms.php","meta":{"_acf_changed":false,"content-type":"","footnotes":""},"page_type":[249],"class_list":["post-14572","page","type-page","status-publish","hentry","page_type-conditions"],"acf":[],"_links":{"self":[{"href":"https:\/\/www.skinewgen.com\/fr\/wp-json\/wp\/v2\/pages\/14572","targetHints":{"allow":["GET"]}}],"collection":[{"href":"https:\/\/www.skinewgen.com\/fr\/wp-json\/wp\/v2\/pages"}],"about":[{"href":"https:\/\/www.skinewgen.com\/fr\/wp-json\/wp\/v2\/types\/page"}],"author":[{"embeddable":true,"href":"https:\/\/www.skinewgen.com\/fr\/wp-json\/wp\/v2\/users\/1"}],"replies":[{"embeddable":true,"href":"https:\/\/www.skinewgen.com\/fr\/wp-json\/wp\/v2\/comments?post=14572"}],"version-history":[{"count":2,"href":"https:\/\/www.skinewgen.com\/fr\/wp-json\/wp\/v2\/pages\/14572\/revisions"}],"predecessor-version":[{"id":14659,"href":"https:\/\/www.skinewgen.com\/fr\/wp-json\/wp\/v2\/pages\/14572\/revisions\/14659"}],"wp:attachment":[{"href":"https:\/\/www.skinewgen.com\/fr\/wp-json\/wp\/v2\/media?parent=14572"}],"wp:term":[{"taxonomy":"page_type","embeddable":true,"href":"https:\/\/www.skinewgen.com\/fr\/wp-json\/wp\/v2\/page_type?post=14572"}],"curies":[{"name":"wp","href":"https:\/\/api.w.org\/{rel}","templated":true}]}}