{"id":14624,"date":"2024-11-20T11:13:00","date_gmt":"2024-11-20T11:13:00","guid":{"rendered":"https:\/\/www.skinewgen.com\/hebergement-ecologique\/"},"modified":"2025-12-29T09:37:52","modified_gmt":"2025-12-29T09:37:52","slug":"hebergement-ecologique","status":"publish","type":"page","link":"https:\/\/www.skinewgen.com\/fr\/hebergement-ecologique\/","title":{"rendered":"H\u00e9bergement \u00e9cologique"},"content":{"rendered":"\n<section  class=\"solve-block-text-image\">\n    <div class=\"wrap\">\n        <div class=\"flex right-image\">\n            <div class=\"content\">\n                <h2>Nous avons fait le choix de l&rsquo;h\u00e9bergement \u00e9cologique<\/h2>\n                <p>Nous sommes fiers d&rsquo;annoncer que notre site web est aliment\u00e9 par 100 % d&rsquo;\u00e9nergie renouvelable. Nous nous sommes associ\u00e9s \u00e0 Solve, une B-Corporation, soci\u00e9t\u00e9 SEO et de conception web multi-r\u00e9compens\u00e9e, pour offrir \u00e0 nos visiteurs une solution de performance web qui est \u00e0 la fois puissante et positive pour les personnes et la plan\u00e8te. <\/p>\n                <div class=\"cta-links\">\n                                            <a class=\"button solid newtab\" href=\"https:\/\/solve.co.uk\/\" target=\"_blank\" rel=\"noopener\">Visit Solve<\/a>\n                                                            <\/div>\n\n                            <\/div>\n            <div class=\"image-container\">\n                                    <img loading=\"lazy\" decoding=\"async\" width=\"600\" height=\"600\" src=\"https:\/\/www.skinewgen.com\/wp-content\/uploads\/2024\/11\/Solve-Newquay-600x600.webp\" class=\"attachment-square size-square\" alt=\"\" srcset=\"https:\/\/www.skinewgen.com\/wp-content\/uploads\/2024\/11\/Solve-Newquay-600x600.webp 600w, https:\/\/www.skinewgen.com\/wp-content\/uploads\/2024\/11\/Solve-Newquay-300x300.webp 300w\" sizes=\"auto, (max-width: 600px) 100vw, 600px\">                            <\/div>\n        <\/div>\n    <\/div>\n<\/section>\n<section class=\"solve-block-split-content\">\n    <div class=\"wrap\">\n\n        \n        <div class=\"flex\">\n            <div>\n                <div class=\"content\">\n                    <h3>Qu&rsquo;est-ce que l&rsquo;h\u00e9bergement \u00e9cologique ?<\/h3>\n                    <p>L&rsquo;h\u00e9bergement \u00e9cologique est un h\u00e9bergement web qui a un impact positif et r\u00e9g\u00e9n\u00e9rateur sur l&rsquo;environnement. Il offre \u00e0 votre site web un h\u00e9bergement sur un serveur aliment\u00e9 par de l&rsquo;\u00e9nergie renouvelable. C&rsquo;est une solution proactive qui utilise les pratiques suivantes pour r\u00e9duire l&#8217;empreinte carbone d&rsquo;un site web jusqu&rsquo;\u00e0 95 %.  <\/p>\n<ul>\n<li>Utilise et investit dans des technologies \u00e9co\u00e9nerg\u00e9tiques<\/li>\n<li>Utilise l&rsquo;\u00e9nergie renouvelable pour alimenter les serveurs<\/li>\n<li>S&rsquo;engage dans des projets de compensation carbone<\/li>\n<\/ul>\n<p>L&rsquo;\u00e9nergie renouvelable provient de ressources naturelles qui se renouvellent plus rapidement qu&rsquo;elles ne sont consomm\u00e9es, et les projets de compensation carbone, comme la plantation d&rsquo;arbres, renforcent ce cycle \u00e9co-efficient.<\/p>\n<p><span style=\"font-weight: 400\">Cela fournit un syst\u00e8me durable alors que <\/span><span style=\"font-weight: 400\">New Generation <\/span><span style=\"font-weight: 400\">grandit, se transforme et remplit notre mission dans le monde physique et num\u00e9rique<\/span><\/p>\n\n                                    <\/div>\n            <\/div>\n            <div>\n                <div class=\"content\">\n                    <h3>Pourquoi avons-nous fait ce changement ?<\/h3>\n                    <p>Opter pour l&rsquo;h\u00e9bergement \u00e9cologique permet \u00e0 notre entreprise de r\u00e9duire notre empreinte carbone, de s&rsquo;aligner sur nos objectifs de durabilit\u00e9 et de garantir de meilleures performances de notre site web. Nous sommes fiers de travailler aux c\u00f4t\u00e9s d&rsquo;<a href=\"https:\/\/solve.co.uk\/b-corp\/\" target=\"_blank\" rel=\"noopener\">acteurs du changement certifi\u00e9s B-Corporation<\/a> et de promouvoir des perspectives \u00e9coresponsables qui ont le pouvoir de changer le monde. <\/p>\n<h4>Avantages de l&rsquo;h\u00e9bergement \u00e9cologique<\/h4>\n<p>Tout comme la nature, l&rsquo;h\u00e9bergement \u00e9cologique fonctionne en synergie avec le monde. Nous croyons en la <a href=\"https:\/\/solve.co.uk\/why-green-hosting-is-important\/\" target=\"_blank\" rel=\"noopener\">protection de la plan\u00e8te<\/a>, et l&rsquo;h\u00e9bergement \u00e9cologique soutient la croissance de notre entreprise ! <\/p>\n<p>Les avantages de notre h\u00e9bergement \u00e9cologique incluent :<\/p>\n<ul>\n<li>Impact environnemental r\u00e9duit<\/li>\n<li>Meilleure exp\u00e9rience utilisateur<\/li>\n<li>Niveaux de fiabilit\u00e9 plus \u00e9lev\u00e9s<\/li>\n<li>Protection renforc\u00e9e contre le piratage<\/li>\n<li>Temps de chargement plus rapides<\/li>\n<li>Meilleur classement Google<\/li>\n<li>Contribue \u00e0 vos objectifs \u00e9cologiques<\/li>\n<li>Vos visiteurs voient que vous vous souciez de l&rsquo;environnement<\/li>\n<\/ul>\n\n                                    <\/div>\n            <\/div>\n        <\/div>\n    <\/div>\n<\/section> \n\n<section  class=\"solve-block-text-image\">\n    <div class=\"wrap\">\n        <div class=\"flex left-image\">\n            <div class=\"content\">\n                <h2>Voulez-vous faire la diff\u00e9rence et passer \u00e0 l&rsquo;h\u00e9bergement \u00e9cologique ? <\/h2>\n                <p>L&rsquo;h\u00e9bergement \u00e9cologique est la solution la plus simple pour rendre votre pr\u00e9sence en ligne plus \u00e9cologique. Ce changement a permis \u00e0 New Generation de r\u00e9duire notre empreinte carbone tout en b\u00e9n\u00e9ficiant de services d&rsquo;h\u00e9bergement web fiables et efficaces. <\/p>\n<p>De plus, Solve a <a href=\"https:\/\/tree-nation.com\/profile\/solve\" target=\"_blank\" rel=\"noopener\">plant\u00e9 des arbres<\/a> en notre nom pour repr\u00e9senter la croissance de notre entreprise tout en aidant la plan\u00e8te ! Cela compense l&rsquo;utilisation \u00e9lectrique des appareils num\u00e9riques et les \u00e9missions li\u00e9es au carbone.<\/p>\n<p>Pour en savoir plus sur l&rsquo;<a href=\"https:\/\/solve.co.uk\/green-hosting\/\" target=\"_blank\" rel=\"noopener\">h\u00e9bergement \u00e9cologique<\/a> haute performance, contactez Solve.<\/p>\n                <div class=\"cta-links\">\n                                            <a class=\"button solid newtab\" href=\"https:\/\/solve.co.uk\/contact\/\" target=\"_blank\" rel=\"noopener\">Contact Solve<\/a>\n                                                            <\/div>\n\n                            <\/div>\n            <div class=\"image-container\">\n                                    <img loading=\"lazy\" decoding=\"async\" width=\"600\" height=\"600\" src=\"https:\/\/www.skinewgen.com\/wp-content\/uploads\/2024\/10\/about-website-solve-newquay-600x600.webp\" class=\"attachment-square size-square\" alt=\"\" srcset=\"https:\/\/www.skinewgen.com\/wp-content\/uploads\/2024\/10\/about-website-solve-newquay-600x600.webp 600w, https:\/\/www.skinewgen.com\/wp-content\/uploads\/2024\/10\/about-website-solve-newquay-300x300.webp 300w\" sizes=\"auto, (max-width: 600px) 100vw, 600px\">                            <\/div>\n        <\/div>\n    <\/div>\n<\/section>","protected":false},"excerpt":{"rendered":"","protected":false},"author":1,"featured_media":0,"parent":0,"menu_order":0,"comment_status":"closed","ping_status":"closed","template":"","meta":{"_acf_changed":false,"content-type":"","footnotes":""},"page_type":[],"class_list":["post-14624","page","type-page","status-publish","hentry"],"acf":[],"_links":{"self":[{"href":"https:\/\/www.skinewgen.com\/fr\/wp-json\/wp\/v2\/pages\/14624","targetHints":{"allow":["GET"]}}],"collection":[{"href":"https:\/\/www.skinewgen.com\/fr\/wp-json\/wp\/v2\/pages"}],"about":[{"href":"https:\/\/www.skinewgen.com\/fr\/wp-json\/wp\/v2\/types\/page"}],"author":[{"embeddable":true,"href":"https:\/\/www.skinewgen.com\/fr\/wp-json\/wp\/v2\/users\/1"}],"replies":[{"embeddable":true,"href":"https:\/\/www.skinewgen.com\/fr\/wp-json\/wp\/v2\/comments?post=14624"}],"version-history":[{"count":3,"href":"https:\/\/www.skinewgen.com\/fr\/wp-json\/wp\/v2\/pages\/14624\/revisions"}],"predecessor-version":[{"id":17841,"href":"https:\/\/www.skinewgen.com\/fr\/wp-json\/wp\/v2\/pages\/14624\/revisions\/17841"}],"wp:attachment":[{"href":"https:\/\/www.skinewgen.com\/fr\/wp-json\/wp\/v2\/media?parent=14624"}],"wp:term":[{"taxonomy":"page_type","embeddable":true,"href":"https:\/\/www.skinewgen.com\/fr\/wp-json\/wp\/v2\/page_type?post=14624"}],"curies":[{"name":"wp","href":"https:\/\/api.w.org\/{rel}","templated":true}]}}