{"id":7522,"date":"2024-07-15T14:38:33","date_gmt":"2024-07-15T14:38:33","guid":{"rendered":"https:\/\/skinewgen.solve.co.uk\/conditions-dachat-et-politique-dannulation\/"},"modified":"2025-10-21T10:17:51","modified_gmt":"2025-10-21T10:17:51","slug":"conditions-dachat-et-politique-dannulation","status":"publish","type":"page","link":"https:\/\/www.skinewgen.com\/fr\/conditions-dachat-et-politique-dannulation\/","title":{"rendered":"Conditions g\u00e9n\u00e9rales des cours"},"content":{"rendered":"\n<p>Ces conditions g\u00e9n\u00e9rales s&rsquo;appliquent \u00e0 toutes les r\u00e9servations de nos cours de Performance sur Piste, cours Hors-Piste, cours Tout-Terrain et cours de moniteur de ski<\/p>\n\n<h2 class=\"wp-block-heading\"><strong>Conditions g\u00e9n\u00e9rales d&rsquo;utilisation<\/strong><\/h2>\n\n<ol class=\"wp-block-list\">\n<li>New Generation est un agent de r\u00e9servation pour une s\u00e9rie d&rsquo;entreprises qui fournissent le cours et l&rsquo;instruction couverts par votre r\u00e9servation.<\/li>\n\n\n\n<li>En effectuant une r\u00e9servation aupr\u00e8s de nous, tu acceptes les conditions g\u00e9n\u00e9rales \u00e9num\u00e9r\u00e9es ci-dessous. Tu peux te r\u00e9f\u00e9rer \u00e0 notre site Internet pour une description des produits mentionn\u00e9s ci-dessous.<\/li>\n\n\n\n<li>De temps en temps, nous faisons des offres sp\u00e9ciales. Si l&rsquo;offre contredit ces Conditions g\u00e9n\u00e9rales, les conditions de l&rsquo;offre pr\u00e9valent dans la mesure de cette contradiction.<\/li>\n\n\n\n<li>Ce qui est inclus dans votre cours est indiqu\u00e9 sur votre facture. Vous devez organiser et payer s\u00e9par\u00e9ment tous les autres co\u00fbts potentiels li\u00e9s au cours r\u00e9serv\u00e9. <\/li>\n\n\n\n<li>Toutes les r\u00e9servations sont soumises aux m\u00eames Conditions g\u00e9n\u00e9rales. Les r\u00e9servations effectu\u00e9es avec un bon de cr\u00e9dit ou un bon cadeau ne sont pas \u00e9ligibles \u00e0 un remboursement en esp\u00e8ces, et un nouveau bon sera \u00e9mis pour le montant appropri\u00e9. <\/li>\n<\/ol>\n\n<h2 class=\"wp-block-heading\"><strong>Contrat<\/strong><\/h2>\n\n<ol start=\"6\" class=\"wp-block-list\">\n<li>Votre contrat sera conclu avec l&rsquo;une des entit\u00e9s suivantes, selon le lieu de votre cours et s&rsquo;il comprend l&rsquo;h\u00e9bergement :\n<ol class=\"wp-block-list\">\n<li>Tous les cours avec h\u00e9bergement &#8211; New Generation Ski and Snowboard LTD<\/li>\n\n\n\n<li>Cours de formation uniquement en France &#8211; Syndicat de New Generation (France), un syndicat de moniteurs de ski professionnels ind\u00e9pendants fournissant des services sur neige.<\/li>\n\n\n\n<li>Cours de formation uniquement en Autriche &#8211; New Generation Austria GmbH (Autriche) <\/li>\n\n\n\n<li>Cours de formation uniquement en Suisse &#8211; New Generation Ski School SARL (Suisse).<\/li>\n<\/ol>\n<\/li>\n\n\n\n<li>New Generation Ski and Snowboard Ltd g\u00e9rera votre r\u00e9servation. \u00ab Vous \u00bb fait r\u00e9f\u00e9rence \u00e0 vous, la personne effectuant la r\u00e9servation et ceux pour qui vous r\u00e9servez des cours via New Generation Ski and Snowboard Ltd. <\/li>\n\n\n\n<li>Si nous pensons que des informations incorrectes ont \u00e9t\u00e9 fournies concernant l&rsquo;\u00e2ge ou le niveau d&rsquo;un enfant ou d&rsquo;un adulte, et que nous n&rsquo;avons pas de place pour le faire passer \u00e0 un cours appropri\u00e9, nous nous r\u00e9servons le droit de l&rsquo;exclure du cours sans lui offrir de remboursement ou \u00eatre autrement responsable envers toi.<\/li>\n\n\n\n<li>Veille \u00e0 bien v\u00e9rifier l&rsquo;endroit o\u00f9 tu dois retrouver notre moniteur pour ton cours. Ces informations peuvent \u00eatre trouv\u00e9es sur notre site Internet, aupr\u00e8s de ton voyagiste ou de ton agent de r\u00e9servation, ou aupr\u00e8s de nous. Il est de votre responsabilit\u00e9 de vous assurer que vous et les personnes pour lesquelles vous organisez des cours \u00eates au bon endroit au bon moment pour les cours. Tout retard au d\u00e9but du cours d\u00fb \u00e0 votre incapacit\u00e9 \u00e0 localiser l&rsquo;instructeur ne sera pas rembours\u00e9, et nous ne pourrons peut-\u00eatre pas rattraper le temps perdu \u00e0 la fin du cours. <\/li>\n\n\n\n<li>Dans certains cours (par exemple, les sessions hors-piste), les moniteurs peuvent skier hors-piste. Vous devez avoir une assurance qui couvre le ski hors-piste. Dans des sessions sp\u00e9cifiques, vous \u00eates tenu de porter un \u00e9quipement de s\u00e9curit\u00e9 anti-avalanche &#8211; si vous n&rsquo;en avez pas, nous pouvons vous aider \u00e0 trouver du mat\u00e9riel de location. Nous nous r\u00e9servons le droit de retirer les participants d&rsquo;une session sans remboursement s&rsquo;ils refusent d&rsquo;utiliser l&rsquo;\u00e9quipement de s\u00e9curit\u00e9 appropri\u00e9.   <\/li>\n\n\n\n<li>Le ski et le snowboard sont des activit\u00e9s dangereuses. Vous acceptez de prendre ces le\u00e7ons \u00e0 vos propres risques en ce qui concerne les dangers ordinaires du ski\/snowboard. Vous devez avoir votre propre assurance pour couvrir les accidents ou les blessures pendant votre cours. Rien dans ces conditions ne supprime ou ne r\u00e9duit notre responsabilit\u00e9 en cas de n\u00e9gligence si nous ne respectons pas notre devoir de diligence. Le Prestataire ne sera pas responsable des d\u00e9c\u00e8s ou des blessures, pertes ou accidents, quelle que soit leur cause pendant les le\u00e7ons, sauf si la n\u00e9gligence du Prestataire cause l&rsquo;accident. Les moniteurs d\u00e9cideront ce qu&rsquo;ils consid\u00e8rent, \u00e0 leur seule discr\u00e9tion, comme un terrain appropri\u00e9 pour le niveau des skieurs ou des snowboarders dans leurs le\u00e7ons. Cela peut \u00eatre sur ou hors piste. Vous devez vous assurer que vous et toutes les personnes pour lesquelles vous r\u00e9servez avez une assurance pour couvrir cette \u00e9ventualit\u00e9, ou vous devez refuser d&rsquo;aller hors-piste. Si vous ou ceux pour qui vous avez r\u00e9serv\u00e9 le faites sans une telle assurance, ce sera d\u00fb \u00e0 votre propre n\u00e9gligence. Si vous ou l&rsquo;un des membres de votre groupe vous sentez mal \u00e0 l&rsquo;aise, vous devez le dire imm\u00e9diatement au moniteur afin qu&rsquo;il puisse prendre des mesures imm\u00e9diates pour assurer votre s\u00e9curit\u00e9.         <\/li>\n\n\n\n<li>Il peut y avoir des circonstances dans lesquelles nous devons te contacter pendant tes vacances. Il est de votre responsabilit\u00e9 de vous assurer que nous disposons de vos coordonn\u00e9es actuelles et \u00e0 jour et que vous recevrez et remarquerez nos messages et tentatives de contact instantan\u00e9ment.<\/li>\n<\/ol>\n\n<h2 class=\"wp-block-heading\"><strong>Code de conduite du client<\/strong><\/h2>\n\n<ol start=\"13\" class=\"wp-block-list\">\n<li>Toutes les personnes qui utilisent nos services doivent toujours agir de mani\u00e8re s\u00fbre et appropri\u00e9e, tant sur la neige qu&rsquo;en dehors. Les situations peuvent \u00e9voluer pour le pire tr\u00e8s rapidement dans les environnements montagneux et sans aucune indication pr\u00e9alable qu&rsquo;elles pourraient se produire. Nous nous r\u00e9servons le droit de retirer et d&rsquo;exclure quiconque des le\u00e7ons sans avertissement (et sans donner de raison sur le moment) \u00e0 ceux qui ne respectent pas les consignes de s\u00e9curit\u00e9 pertinentes et\/ou les instructions des moniteurs. Cela peut \u00eatre attendu lorsque vous mettez en danger vous-m\u00eame ou les autres, lorsque l&rsquo;exp\u00e9rience des autres participants est affect\u00e9e n\u00e9gativement, lorsqu&rsquo;un abus physique ou verbal envers toute autre personne est \u00e9vident ou suspect\u00e9, et que vous pensiez ou non que l&rsquo;exclusion soit acceptable. Dans une telle circonstance, vous n&rsquo;aurez droit \u00e0 aucun remboursement.  <\/li>\n\n\n\n<li>Ces situations peuvent inclure, sans s&rsquo;y limiter :\n<ol class=\"wp-block-list\">\n<li>Ne pas respecter les consignes de s\u00e9curit\u00e9 mentionn\u00e9es par l&rsquo;instructeur et\/ou ne pas faire preuve de bon sens pour assurer votre s\u00e9curit\u00e9.<\/li>\n\n\n\n<li>Ne pas suivre les instructions donn\u00e9es par l&rsquo;instructeur.<\/li>\n\n\n\n<li>Ne pas respecter le Code de conduite de la F\u00e9d\u00e9ration Internationale de Ski &#8211; c&rsquo;est-\u00e0-dire les 10 r\u00e8gles de conduite FIS.<\/li>\n\n\n\n<li>Skier sous l&rsquo;influence de l&rsquo;alcool ou de toute drogue pouvant affecter n\u00e9gativement votre coordination physique ou votre \u00e9tat mental.<\/li>\n\n\n\n<li>Mettre toute autre personne en situation de risque de blessure et\/ou de danger<\/li>\n\n\n\n<li>Ne pas suivre les protocoles de s\u00e9curit\u00e9 gouvernementaux.<\/li>\n<\/ol>\n<\/li>\n\n\n\n<li>Vous restez responsable \u00e0 tout moment de la conduite des personnes pour lesquelles vous r\u00e9servez les services du Prestataire.<\/li>\n<\/ol>\n\n<h2 class=\"wp-block-heading\"><strong>Interruptions de fonctionnement<\/strong><\/h2>\n\n<ol start=\"16\" class=\"wp-block-list\">\n<li>Si la station est ouverte (ou partiellement ouverte), les services seront fournis comme pr\u00e9vu dans la mesure o\u00f9 ils sont disponibles. Nos moniteurs utiliseront les zones ouvertes \u00e0 leur disposition pour d\u00e9livrer les services de mani\u00e8re \u00e0 assurer ta s\u00e9curit\u00e9. <\/li>\n\n\n\n<li>Les interruptions dans les op\u00e9rations de la station et la fa\u00e7on dont les stations choisissent d&rsquo;administrer leurs activit\u00e9s sont totalement hors de notre contr\u00f4le. Lorsque les d\u00e9cisions prises par les stations affectent la prestation habituelle de nos services, vous n&rsquo;aurez droit \u00e0 aucun remboursement, compensation ou r\u00e9duction. Ces situations peuvent inclure, sans s&rsquo;y limiter : dysfonctionnement technique, gr\u00e8ve, conditions m\u00e9t\u00e9orologiques d\u00e9favorables, couverture neigeuse excessive ou insuffisante, panne de courant, \u00e9pid\u00e9mie, fermeture de la station et\/ou restrictions du nombre de visiteurs. Sur demande, nous fournirons une lettre \u00e0 votre assureur pour vous aider dans votre demande d&rsquo;indemnisation. Nous ne serons pas responsables envers vous pour un tel \u00e9v\u00e9nement, quelle que soit son origine.    <\/li>\n<\/ol>\n\n<h2 class=\"wp-block-heading\"><strong>Force Majeure<\/strong><\/h2>\n\n<ol start=\"18\" class=\"wp-block-list\">\n<li>En aucun cas le prestataire de services ne pourra \u00eatre tenu pour responsable d&rsquo;un manquement ou d&rsquo;un retard dans l&rsquo;ex\u00e9cution de ses obligations lorsqu&rsquo;il \u00e9tait l\u00e9galement et\/ou physiquement impossible que les cours soient ex\u00e9cut\u00e9s, tel qu&rsquo;un \u00e9v\u00e9nement couvert par le terme \u00ab\u00a0Act of God\u00a0\u00bb (par ex. intemp\u00e9ries, \u00e9ruption volcanique, tremblement de terre) ou des \u00e9v\u00e9nements tels que guerre, \u00e9pid\u00e9mie, mesures de contr\u00f4le des maladies mises en \u0153uvre par la station de ski, intervention gouvernementale (y compris l\u00e9gislation supprim\u00e9e et ordres ex\u00e9cutifs, refus de licence d&rsquo;exploitation pour des raisons politiques, restrictions de voyage), gr\u00e8ve, conduite criminelle et\/ou d\u00e9lictuelle de votre part ou tout autre \u00e9v\u00e9nement ind\u00e9pendant de la volont\u00e9 du fournisseur (un \u00ab\u00a0\u00e9v\u00e9nement de force majeure\u00a0\u00bb).\n<ol class=\"wp-block-list\">\n<li>New Generation Ski and Snowboard Ltd doit informer l&rsquo;autre partie d\u00e8s que possible apr\u00e8s le d\u00e9but d&rsquo;un \u00e9v\u00e9nement de force majeure.<\/li>\n\n\n\n<li>Il est entendu que nous ferons des efforts raisonnables, conformes aux pratiques accept\u00e9es dans l&rsquo;industrie des sports de neige, pour reprendre l&rsquo;ex\u00e9cution d\u00e8s que possible et si possible dans les circonstances existantes \u00e0 ce moment-l\u00e0.<\/li>\n\n\n\n<li>En cas d&rsquo;\u00e9v\u00e9nement de Force Majeure, et lorsque nous sommes dans l&rsquo;impossibilit\u00e9 de reprendre l&rsquo;ex\u00e9cution \u00e0 temps pour que le contrat soit rempli, vous n&rsquo;aurez pas droit \u00e0 un remboursement.<\/li>\n<\/ol>\n<\/li>\n<\/ol>\n\n<h2 class=\"wp-block-heading\"><strong>Annulation<\/strong><\/h2>\n\n<ol start=\"19\" class=\"wp-block-list\">\n<li>Nous comprenons que les plans peuvent changer, et nous visons \u00e0 \u00eatre aussi flexibles que possible tout en maintenant une approche \u00e9quitable pour toutes les parties impliqu\u00e9es. Notre politique d&rsquo;annulation est con\u00e7ue pour apporter clart\u00e9 et tranquillit\u00e9 d&rsquo;esprit \u00e0 la fois \u00e0 nos clients et \u00e0 notre \u00e9quipe. <\/li>\n\n\n\n<li>Aper\u00e7u de la politique :<\/li>\n\n\n\n<li>P\u00e9riode de notification :\n<ol class=\"wp-block-list\">\n<li>Plus de 90 jours avant la date de d\u00e9but : Remboursement int\u00e9gral moins 5 % de frais administratifs.<\/li>\n\n\n\n<li>45 &#8211; 89 jours avant la date de d\u00e9but : Remboursement de 50 % du co\u00fbt total.<\/li>\n\n\n\n<li>Moins de 45 jours avant la date de d\u00e9but : Aucun remboursement possible. Cependant, si nous pouvons revendre votre place ou r\u00e9cup\u00e9rer des co\u00fbts associ\u00e9s \u00e0 votre r\u00e9servation, nous rembourserons ces co\u00fbts. <\/li>\n<\/ol>\n<\/li>\n\n\n\n<li>Modification ou annulation du programme par New Generation. Si nous devons annuler un programme en raison de circonstances impr\u00e9vues, nous offrirons un remboursement complet ou la possibilit\u00e9 de reprogrammer. <\/li>\n\n\n\n<li>Nous nous r\u00e9servons le droit de modifier les d\u00e9tails du programme si n\u00e9cessaire, mais nous fournirons toujours une exp\u00e9rience de valeur \u00e9gale ou sup\u00e9rieure.\n<ol class=\"wp-block-list\">\n<li>Si une partie essentielle de votre programme est modifi\u00e9e de mani\u00e8re significative, vous pouvez annuler sans payer de frais d&rsquo;annulation.<\/li>\n\n\n\n<li>Une partie essentielle du programme pourrait \u00eatre l&rsquo;un des \u00e9l\u00e9ments suivants :\n<ol class=\"wp-block-list\">\n<li>Le niveau d&rsquo;h\u00e9bergement et les installations d&rsquo;h\u00e9bergement<\/li>\n\n\n\n<li>Le type et le niveau de transport<\/li>\n\n\n\n<li>Le lieu de d\u00e9part et de destination<\/li>\n\n\n\n<li>Toute installation ou service annonc\u00e9 ou promu comme faisant partie du programme<\/li>\n<\/ol>\n<\/li>\n<\/ol>\n<\/li>\n\n\n\n<li>Assurance : Nous recommandons vivement \u00e0 tous les participants de souscrire une assurance voyage compl\u00e8te couvrant les annulations dues \u00e0 des circonstances personnelles.<\/li>\n\n\n\n<li>Pour couvrir nos frais administratifs, nous nous r\u00e9servons le droit de facturer des frais administratifs de 30 \u20ac pour toute modification effectu\u00e9e apr\u00e8s la confirmation de la r\u00e9servation.<\/li>\n<\/ol>\n\n<h2 class=\"wp-block-heading\"><strong>Exigences pour nos cours<\/strong><\/h2>\n\n<ol start=\"26\" class=\"wp-block-list\">\n<li>Tous les participants \u00e0 nos cours de Performance sur Piste, Hors-Piste, Tout-Terrain, Cyclisme et moniteur de ski doivent avoir au moins 18 ans.<\/li>\n\n\n\n<li>Sant\u00e9 et condition physique : Il est de votre responsabilit\u00e9 de vous assurer que vous poss\u00e9dez les niveaux de sant\u00e9 et de condition physique requis pour la dur\u00e9e du cours. New Generation n&rsquo;accordera pas de remboursements si les \u00e9tudiants ne sont pas en mesure de poursuivre la formation en raison de leur niveau de sant\u00e9 et\/ou de condition physique. <\/li>\n\n\n\n<li>Conditions m\u00e9dicales : Pour des raisons de s\u00e9curit\u00e9 et d&rsquo;assurance, les \u00e9tudiants doivent informer New Generation de toutes les conditions m\u00e9dicales pr\u00e9existantes et des probl\u00e8mes de sant\u00e9 qui pourraient affecter leur capacit\u00e9 \u00e0 terminer le programme en toute s\u00e9curit\u00e9.<\/li>\n\n\n\n<li>Les stagiaires ne doivent pas consommer d&rsquo;alcool avant les sessions de formation. Ceux qui seront trouv\u00e9s en \u00e9tat d&rsquo;\u00e9bri\u00e9t\u00e9 ou sous influence pendant la formation seront retir\u00e9s du cours.  <\/li>\n\n\n\n<li>La possession ou l&rsquo;utilisation de substances ill\u00e9gales entra\u00eenera le retrait imm\u00e9diat du cours.<\/li>\n<\/ol>\n\n<h2 class=\"wp-block-heading\"><strong>Exigences pour les cours r\u00e9sidentiels :<\/strong><\/h2>\n\n<ol start=\"31\" class=\"wp-block-list\">\n<li>Les \u00e9tudiants inscrits \u00e0 des cours r\u00e9sidentiels de plus de deux semaines doivent fournir une caution de 500 \u00a3 \u00e0 New Generation comme garantie contre tout dommage caus\u00e9 \u00e0 l&rsquo;h\u00e9bergement du cours. Toute casse sera factur\u00e9e \u00e0 l&rsquo;\u00e9tudiant responsable plus des frais administratifs pour couvrir le temps et le co\u00fbt de remplacement ou de r\u00e9paration de la casse. Lorsqu&rsquo;il ne peut \u00eatre \u00e9tabli qui a caus\u00e9 la casse, le co\u00fbt sera partag\u00e9 \u00e9quitablement entre toutes les personnes partageant l&rsquo;h\u00e9bergement.  <\/li>\n\n\n\n<li>Exigences de visa : Il est de la responsabilit\u00e9 de l&rsquo;\u00e9tudiant d&rsquo;obtenir les visas n\u00e9cessaires. L&rsquo;incapacit\u00e9 \u00e0 obtenir un visa ne donne pas droit \u00e0 un remboursement conform\u00e9ment \u00e0 notre politique d&rsquo;annulation. <\/li>\n<\/ol>\n\n<h2 class=\"wp-block-heading\"><strong>Niveau<\/strong><\/h2>\n\n<ol start=\"33\" class=\"wp-block-list\">\n<li>Une description compl\u00e8te de chaque cours et niveau est disponible sur notre site web. Il est de votre responsabilit\u00e9 de vous assurer que vous vous inscrivez, vous et les autres membres de votre groupe, au bon niveau et au bon type de cours. Lorsque nous pensons que c&rsquo;est n\u00e9cessaire pour des raisons de s\u00e9curit\u00e9, ou si vous vous \u00eates inscrit ou avez inscrit les membres de votre groupe au mauvais niveau, nous nous r\u00e9servons le droit de retirer l&rsquo;\u00e9l\u00e8ve du cours sans \u00e9mettre de remboursement. Dans la mesure du possible, nous d\u00e9placerons les participants vers un groupe plus appropri\u00e9 \u00e0 leur niveau, mais ce n&rsquo;est pas garanti.   <\/li>\n<\/ol>\n\n<h2 class=\"wp-block-heading\"><strong>Cours en groupe<\/strong><\/h2>\n\n<ol start=\"34\" class=\"wp-block-list\">\n<li>Nous v\u00e9rifierons votre niveau au d\u00e9but du cours. Si n\u00e9cessaire, nous pourrons d\u00e9placer des personnes entre les cours pour assurer le bon d\u00e9roulement du cours. En cons\u00e9quence, nous pourrions avoir \u00e0 modifier la taille des groupes, ce qui pourrait signifier que les groupes augmentent d&rsquo;une personne au-dessus du maximum annonc\u00e9.  <\/li>\n\n\n\n<li>Les cours de Performance sur Piste Interm\u00e9diaire, Performance sur Piste Avanc\u00e9e, Introduction au Hors-Piste, Hors-Piste Interm\u00e9diaire, Hors-Piste Avanc\u00e9 et Hors-Piste Expert n\u00e9cessitent un minimum de 3 personnes pour se d\u00e9rouler sur toute leur dur\u00e9e.<\/li>\n\n\n\n<li>S&rsquo;il n&rsquo;y a que deux \u00e9l\u00e8ves inscrits \u00e0 un cours de Performance sur Piste Interm\u00e9diaire, Performance sur Piste Avanc\u00e9e, Introduction au Hors-Piste, Hors-Piste Interm\u00e9diaire, Hors-Piste Avanc\u00e9 et Hors-Piste Expert, le cours sera raccourci de 5 jours \u00e0 4 jours.<\/li>\n\n\n\n<li>Les cours Tout-Terrain et les cours de moniteur de ski n\u00e9cessitent un minimum de 5 personnes pour se d\u00e9rouler sur toute leur dur\u00e9e. S&rsquo;il y a moins de 5 personnes inscrites \u00e0 un cours Tout-Terrain ou de moniteur de ski, nous vous contacterons pour discuter de vos options. <\/li>\n\n\n\n<li>Les cours de Cyclisme et les cours de moniteur de ski n\u00e9cessitent un minimum de 5 personnes pour se d\u00e9rouler sur toute leur dur\u00e9e. S&rsquo;il y a moins de 5 personnes inscrites \u00e0 votre cours, nous vous contacterons pour discuter de vos options. <\/li>\n\n\n\n<li>Si vous \u00eates le seul \u00e9l\u00e8ve inscrit \u00e0 un cours de Performance sur Piste Interm\u00e9diaire, Performance sur Piste Avanc\u00e9e, Introduction au Hors-Piste, Hors-Piste Interm\u00e9diaire, Hors-Piste Avanc\u00e9 et Hors-Piste Expert.\n<ol class=\"wp-block-list\">\n<li>Vous pouvez annuler le cours pour un remboursement complet ou ;<\/li>\n\n\n\n<li>Nous raccourcirons le produit en 12 heures de le\u00e7ons priv\u00e9es.<\/li>\n<\/ol>\n<\/li>\n<\/ol>\n\n<h2 class=\"wp-block-heading\"><strong>Utilisation des donn\u00e9es et confidentialit\u00e9<\/strong><\/h2>\n\n<ol start=\"40\" class=\"wp-block-list\">\n<li>Tu peux voir comment New Generation Ski and Snowboard Ltd utilise tes donn\u00e9es personnelles sur <a href=\"https:\/\/www.skinewgen.com\/fr\/politique-de-confidentialite\/\">notre page de politique de confidentialit\u00e9.<\/a><\/li>\n\n\n\n<li>Les politiques de confidentialit\u00e9 des fournisseurs se trouvent \u00e0 l&rsquo;adresse suivante :\n<ol class=\"wp-block-list\">\n<li><a href=\"https:\/\/1i7x8p2ukloh4fea6v62aj9a-wpengine.netdna-ssl.com\/wp-content\/uploads\/Privacy-Policy-Syndicat.pdf\" target=\"_blank\" rel=\"noopener\">Syndicat de New Generation<\/a>; et<\/li>\n\n\n\n<li><a href=\"https:\/\/1i7x8p2ukloh4fea6v62aj9a-wpengine.netdna-ssl.com\/wp-content\/uploads\/Privacy-Policy-Ski-School-SARL.pdf\" target=\"_blank\" rel=\"noopener\">New Generation Ski School SARL<\/a>.<\/li>\n<\/ol>\n<\/li>\n<\/ol>\n\n<h2 class=\"wp-block-heading\"><strong>Photographie<\/strong><\/h2>\n\n<ol start=\"42\" class=\"wp-block-list\">\n<li>Pendant tes cours, nous pouvons prendre des photos et des vid\u00e9os des clients (y compris des enfants de moins de 18 ans), \u00e0 des fins de coaching et de marketing.<\/li>\n<\/ol>\n\n<h2 class=\"wp-block-heading\"><strong>Coordonn\u00e9es<\/strong><\/h2>\n\n<ol start=\"43\" class=\"wp-block-list\">\n<li>New Generation Ski and Snowboard Limited, soci\u00e9t\u00e9 anglaise immatricul\u00e9e sous le num\u00e9ro 08491313 et situ\u00e9e au Fifth Floor Watson House, 54-60 Baker Street, London, W1U 7BU UK.<\/li>\n\n\n\n<li>New Generation Ski and Snowboard Limited est l&rsquo;agent de chacun des fournisseurs de services \u00e9num\u00e9r\u00e9s ci-dessous :\n<ol class=\"wp-block-list\">\n<li>T\u00e9l\u00e9phone : +44 1462 674000<\/li>\n\n\n\n<li>Courriel : info@skinewgen.com<\/li>\n\n\n\n<li>Le Syndicat de New Generation est un syndicat fran\u00e7ais avec le num\u00e9ro Siret 832 168 629 00018 et une adresse enregistr\u00e9e \u00e0 Immeuble Le Ceylon, 73120, Courchevel, France.<\/li>\n\n\n\n<li>New Generation Ski School SARL, une soci\u00e9t\u00e9 suisse avec le num\u00e9ro d&rsquo;enregistrement CHE-113.308.436, avec une adresse enregistr\u00e9e au Chemin de la Gare 1, 1934 Le Ch\u00e2ble, Suisse.<\/li>\n\n\n\n<li>New Generation Travel Limited, une soci\u00e9t\u00e9 anglaise enregistr\u00e9e sous le num\u00e9ro 13396849 et situ\u00e9e au Fifth Floor Watson House, 54-60 Baker Street, Londres, Royaume-Uni, W1U 7BU.<\/li>\n\n\n\n<li>Vous pouvez contacter n&rsquo;importe laquelle des soci\u00e9t\u00e9s mentionn\u00e9es ci-dessus par l&rsquo;interm\u00e9diaire de votre agent de r\u00e9servation, New Generation Ski and Snowboard Limited, \u00e0 info@skinewgen.com.<\/li>\n<\/ol>\n<\/li>\n<\/ol>\n\n<h2 class=\"wp-block-heading\"><strong>G\u00e9n\u00e9ralit\u00e9s<\/strong><\/h2>\n\n<ol start=\"45\" class=\"wp-block-list\">\n<li>Int\u00e9gralit\u00e9 de l&rsquo;accord : Le pr\u00e9sent accord remplace tous les accords, arrangements et ententes ant\u00e9rieurs entre les parties et constitue l&rsquo;int\u00e9gralit\u00e9 de l&rsquo;accord entre les parties concernant son objet. Les parties confirment que cet accord contient toutes les questions sur lesquelles elles se sont appuy\u00e9es pour conclure cet accord et qu&rsquo;elles ne se sont appuy\u00e9es sur aucune question non mentionn\u00e9e.  La condition de cet accord est que tu obtiennes une couverture d&rsquo;assurance pour tous les \u00e9v\u00e9nements d\u00e9coulant de et\/ou li\u00e9s \u00e0 tes cours.<\/li>\n\n\n\n<li>Pas de partenariat ou d&rsquo;agence : Rien dans la pr\u00e9sente entente n&rsquo;\u00e9tablit une agence ou un partenariat entre l&rsquo;une ou l&rsquo;autre des parties, sauf ce qui est express\u00e9ment pr\u00e9vu dans la pr\u00e9sente entente.<\/li>\n\n\n\n<li>Cession : New Generation Ski and Snowboard et\/ou le prestataire ont le droit de transf\u00e9rer cet accord et\/ou l&rsquo;un de ses droits et obligations, que ce soit en totalit\u00e9 ou en partie, de temps en temps sans ton consentement.<\/li>\n\n\n\n<li>Tiers : La loi de 1999 sur les contrats (droits des tiers) ne s&rsquo;applique pas \u00e0 cet accord.<\/li>\n\n\n\n<li>Loi et juridiction\n<ol class=\"wp-block-list\">\n<li>Votre accord avec New Generation Ski and Snowboard Ltd est r\u00e9gi par le droit anglais, et vous vous soumettez par la pr\u00e9sente irr\u00e9vocablement \u00e0 la juridiction exclusive des tribunaux anglais, \u00e0 tous \u00e9gards, y compris les r\u00e9clamations non contractuelles.<\/li>\n\n\n\n<li>Cours de formation uniquement<strong> France &#8211; <\/strong>Votre accord avec le Syndicat de New Generation est r\u00e9gi par le droit fran\u00e7ais, et vous vous soumettez par la pr\u00e9sente irr\u00e9vocablement \u00e0 la juridiction exclusive des tribunaux fran\u00e7ais, \u00e0 tous \u00e9gards, y compris les r\u00e9clamations non contractuelles.<\/li>\n\n\n\n<li>Cours de formation uniquement <strong>Suisse &#8211; <\/strong>Votre accord avec New Generation Ski School SARL est r\u00e9gi par le droit suisse, et vous vous soumettez par la pr\u00e9sente irr\u00e9vocablement \u00e0 la juridiction exclusive des tribunaux suisses, \u00e0 tous \u00e9gards, y compris les r\u00e9clamations non contractuelles.<\/li>\n<\/ol>\n<\/li>\n<\/ol>\n\n<p>Cours de formation uniquement<strong> Autriche &#8211; <\/strong>Votre accord avec New Generation Austria est r\u00e9gi par le droit autrichien, et vous vous soumettez par la pr\u00e9sente irr\u00e9vocablement \u00e0 la juridiction exclusive des tribunaux autrichiens, \u00e0 tous \u00e9gards, y compris les r\u00e9clamations non contractuelles.<\/p>\n","protected":false},"excerpt":{"rendered":"Ces conditions g\u00e9n\u00e9rales s&rsquo;appliquent \u00e0 toutes les r\u00e9servations de nos cours de Performance sur Piste, cours Hors-Piste, cours Tout-Terrain et&#8230;","protected":false},"author":1,"featured_media":0,"parent":0,"menu_order":0,"comment_status":"closed","ping_status":"closed","template":"templates\/page-template-terms.php","meta":{"_acf_changed":false,"content-type":"","footnotes":""},"page_type":[249],"class_list":["post-7522","page","type-page","status-publish","hentry","page_type-conditions"],"acf":[],"_links":{"self":[{"href":"https:\/\/www.skinewgen.com\/fr\/wp-json\/wp\/v2\/pages\/7522","targetHints":{"allow":["GET"]}}],"collection":[{"href":"https:\/\/www.skinewgen.com\/fr\/wp-json\/wp\/v2\/pages"}],"about":[{"href":"https:\/\/www.skinewgen.com\/fr\/wp-json\/wp\/v2\/types\/page"}],"author":[{"embeddable":true,"href":"https:\/\/www.skinewgen.com\/fr\/wp-json\/wp\/v2\/users\/1"}],"replies":[{"embeddable":true,"href":"https:\/\/www.skinewgen.com\/fr\/wp-json\/wp\/v2\/comments?post=7522"}],"version-history":[{"count":5,"href":"https:\/\/www.skinewgen.com\/fr\/wp-json\/wp\/v2\/pages\/7522\/revisions"}],"predecessor-version":[{"id":17504,"href":"https:\/\/www.skinewgen.com\/fr\/wp-json\/wp\/v2\/pages\/7522\/revisions\/17504"}],"wp:attachment":[{"href":"https:\/\/www.skinewgen.com\/fr\/wp-json\/wp\/v2\/media?parent=7522"}],"wp:term":[{"taxonomy":"page_type","embeddable":true,"href":"https:\/\/www.skinewgen.com\/fr\/wp-json\/wp\/v2\/page_type?post=7522"}],"curies":[{"name":"wp","href":"https:\/\/api.w.org\/{rel}","templated":true}]}}