{"id":7532,"date":"2024-11-12T14:59:00","date_gmt":"2024-11-12T14:59:00","guid":{"rendered":"https:\/\/skinewgen.solve.co.uk\/?page_id=7532"},"modified":"2025-12-28T23:31:18","modified_gmt":"2025-12-28T23:31:18","slug":"conditions-dachat-et-politique-dannulation-2","status":"publish","type":"page","link":"https:\/\/www.skinewgen.com\/fr\/conditions-dachat-et-politique-dannulation-2\/","title":{"rendered":"Conditions d&rsquo;achat en Autriche et politique d&rsquo;annulation"},"content":{"rendered":"\n<h2 class=\"wp-block-heading\">Conditions g\u00e9n\u00e9rales de l&rsquo;\u00e9cole de ski et de snowboard New Generation &#8211; Autriche<\/h2>\n\n<p>Applicable aux r\u00e9servations effectu\u00e9es \u00e0 partir du 12 mai 2023.<\/p>\n\n<h3 class=\"wp-block-heading\">Conditions g\u00e9n\u00e9rales d&rsquo;utilisation<\/h3>\n\n<p>1. New Generation Ski and Snowboard Ltd est un agent de r\u00e9servation pour une s\u00e9rie de soci\u00e9t\u00e9s qui fournissent les cours de ski ou de snowboard couverts par ta r\u00e9servation.<\/p>\n\n<p>2. En effectuant une r\u00e9servation aupr\u00e8s de nous, tu acceptes les termes et conditions \u00e9num\u00e9r\u00e9s ci-dessous. Tu peux te r\u00e9f\u00e9rer \u00e0 notre site Internet pour une description des produits mentionn\u00e9s ci-dessous.<\/p>\n\n<p>3. De temps en temps, nous faisons des offres sp\u00e9ciales. S&rsquo;il y a des incoh\u00e9rences entre l&rsquo;offre et les pr\u00e9sentes conditions g\u00e9n\u00e9rales, les conditions de l&rsquo;offre pr\u00e9valent sur les pr\u00e9sentes conditions g\u00e9n\u00e9rales dans la mesure o\u00f9 elles le font.<\/p>\n\n<p>4. Tous les prix indiqu\u00e9s concernent uniquement l&rsquo;enseignement du ski dans l&rsquo;une de nos stations d\u00e9sign\u00e9es. Tu dois organiser et payer s\u00e9par\u00e9ment tous les autres co\u00fbts potentiels li\u00e9s au(x) cours r\u00e9serv\u00e9(s), par exemple, toute location de mat\u00e9riel, les forfaits de remont\u00e9es m\u00e9caniques, l&rsquo;h\u00e9bergement et l&rsquo;assurance.<\/p>\n\n<p>5. Toutes les r\u00e9servations sont soumises aux m\u00eames conditions g\u00e9n\u00e9rales. Les r\u00e9servations effectu\u00e9es \u00e0 l&rsquo;aide de bons de report, de cr\u00e9dit ou de cadeaux ne peuvent pas faire l&rsquo;objet d&rsquo;un remboursement en esp\u00e8ces, et un nouveau bon sera \u00e9mis pour le montant appropri\u00e9.<\/p>\n\n<h3 class=\"wp-block-heading\">Contrat<\/h3>\n\n<p>6. Ton contrat est conclu avec le Syndicat de New Generation (France), New Generation Austria GmbH (Autriche) ou New Generation Ski School SARL (Suisse). Tu passes un contrat avec la soci\u00e9t\u00e9\/l&rsquo;entit\u00e9 qui est constitu\u00e9e dans le pays o\u00f9 se trouve ta station de ski (d\u00e9nomm\u00e9e \u00ab\u00a0<strong>le prestataire<\/strong>\u00a0\u00bb ci-dessous). Les r\u00e9f\u00e9rences \u00e0 \u00ab\u00a0nous\u00a0\u00bb, \u00ab\u00a0notre\u00a0\u00bb et autres r\u00e9f\u00e9rences similaires ci-dessous sont des r\u00e9f\u00e9rences \u00e0 l&rsquo;une de ces soci\u00e9t\u00e9s. New Generation Ski &amp; Snowboard Ltd s&rsquo;occupera de la gestion de ta r\u00e9servation. \u00ab\u00a0Tu\u00a0\u00bb est une r\u00e9f\u00e9rence \u00e0 toi, \u00e0 la personne qui effectue la r\u00e9servation et \u00e0 ceux pour qui tu r\u00e9serves des cours par l&rsquo;interm\u00e9diaire de New Generation Ski &amp; Snowboard Ltd.    <\/p>\n\n<p>7. Si nous pensons que des informations incorrectes ont \u00e9t\u00e9 fournies concernant l&rsquo;\u00e2ge ou le niveau d&rsquo;un enfant ou d&rsquo;un adulte, et que nous n&rsquo;avons pas de place pour le faire passer \u00e0 un cours appropri\u00e9, nous nous r\u00e9servons le droit de l&rsquo;exclure du cours sans lui offrir de remboursement ou \u00eatre autrement responsable envers toi.<\/p>\n\n<p>8. Veille \u00e0 bien v\u00e9rifier o\u00f9 tu dois retrouver notre moniteur pour ton cours. Ces informations peuvent \u00eatre trouv\u00e9es sur notre site Internet, aupr\u00e8s de ton voyagiste ou de ton agent de r\u00e9servation, ou aupr\u00e8s de nous. Il est de ta responsabilit\u00e9 de t&rsquo;assurer que toi et ceux pour qui tu organises des cours \u00eates au bon endroit au bon moment pour les cours. Tout retard par rapport \u00e0 l&rsquo;heure de d\u00e9but d\u00fb au fait que tu n&rsquo;as pas pu localiser le moniteur ne sera malheureusement pas rembours\u00e9 et il se peut que nous ne puissions pas rattraper l&rsquo;heure \u00e0 la fin du cours.<\/p>\n\n<p>9. Dans certains cours et stages, ton moniteur peut inclure un peu de ski hors-piste, loin des balises des pistes. V\u00e9rifie ton contrat d&rsquo;assurance pour t&rsquo;assurer que tu as une assurance ad\u00e9quate pour te couvrir en cas de blessures subies en dehors des pistes. Lors de certaines s\u00e9ances sp\u00e9cifiques au hors-piste, tu devras porter l&rsquo;\u00e9quipement de s\u00e9curit\u00e9 en cas d&rsquo;avalanche. Si tu n&rsquo;en as pas, nous pouvons t&rsquo;indiquer o\u00f9 tu pourras louer du mat\u00e9riel adapt\u00e9. Nous nous r\u00e9servons le droit de retirer les clients de ces sessions si le mat\u00e9riel de s\u00e9curit\u00e9 appropri\u00e9 n&rsquo;est pas utilis\u00e9 par le client.<\/p>\n\n<p>10. Les moniteurs d\u00e9cideront de ce qu&rsquo;ils consid\u00e8rent, \u00e0 leur seule discr\u00e9tion, comme un terrain appropri\u00e9 au niveau des skieurs ou des surfeurs de leurs cours. Il peut s&rsquo;agir d&rsquo;un terrain sur ou hors piste. Tu dois t&rsquo;assurer que toi, et toutes les personnes pour lesquelles tu as r\u00e9serv\u00e9, avez une assurance pour couvrir cette \u00e9ventualit\u00e9, ou tu dois refuser d&rsquo;aller hors piste. Si toi ou ceux pour qui tu as r\u00e9serv\u00e9 le font sans une telle assurance, ce sera d\u00fb \u00e0 ta propre n\u00e9gligence. Si toi ou l&rsquo;un des membres de ton groupe \u00eates mal \u00e0 l&rsquo;aise, tu dois le dire imm\u00e9diatement au moniteur afin qu&rsquo;il puisse prendre des mesures imm\u00e9diates pour assurer ta s\u00e9curit\u00e9.    <\/p>\n\n<p>11. Il peut y avoir des circonstances dans lesquelles nous devons te contacter pendant tes vacances. Il est de ta responsabilit\u00e9 de t&rsquo;assurer que nous avons tes coordonn\u00e9es actuelles et \u00e0 jour, par un moyen o\u00f9 tu recevras et remarqueras nos messages et nos tentatives de te contacter instantan\u00e9ment.<\/p>\n\n<h3 class=\"wp-block-heading\">Responsabilit\u00e9 du fournisseur, limitation de la responsabilit\u00e9<\/h3>\n\n<p>12. Le ski et le snowboard sont des activit\u00e9s dangereuses et tu les entreprends \u00e0 tes risques et p\u00e9rils. Tu dois souscrire une assurance pour tes cours de ski. <\/p>\n\n<p>  Le prestataire est responsable de :<\/p>\n\n<ul class=\"wp-block-list\">\n<li>la pr\u00e9paration consciencieuse de la prestation convenue<\/li>\n\n\n\n<li>la s\u00e9lection et le contr\u00f4le minutieux des personnes qui fournissent les services<\/li>\n<\/ul>\n\n<p>Le prestataire n&rsquo;est en aucun cas responsable des dommages que tu t&rsquo;infliges ou que tu infliges \u00e0 ton mat\u00e9riel.<\/p>\n\n<p>Les prestations fournies par le prestataire se d\u00e9roulent principalement en terrain libre, partiellement dans des conditions difficiles ou tr\u00e8s difficiles. Des conditions m\u00e9t\u00e9orologiques d\u00e9favorables telles que la pluie, la neige, le brouillard ou la poussi\u00e8re peuvent rendre les conditions encore plus difficiles. <\/p>\n\n<p>Quel que soit le niveau de difficult\u00e9, l&rsquo;enseignement du ski\/snowboard est tr\u00e8s exigeant pour l&rsquo;\u00e9quipement ainsi que pour ta condition physique et ta technique de conduite. C&rsquo;est pourquoi nous te conseillons vivement de ne participer aux cours qu&rsquo;avec un \u00e9quipement de sport correctement entretenu et l&rsquo;\u00e9quipement de s\u00e9curit\u00e9 habituel\/obligatoire, ainsi que d&rsquo;\u00e9valuer tes propres capacit\u00e9s de mani\u00e8re r\u00e9aliste. <\/p>\n\n<p>Le ski\/snowboard \u00e9tant un sport \u00e0 haut risque, les accidents et les dommages ne peuvent jamais \u00eatre totalement exclus ; c&rsquo;est pourquoi ce qui suit s&rsquo;applique lorsque tu fais usage des services fournis par le prestataire :<\/p>\n\n<p>\u00c0 l&rsquo;exception des dommages corporels, pour lesquels le prestataire sera responsable en cas de comportement au moins n\u00e9gligent, le prestataire n&rsquo;est pas responsable des dommages, dans la mesure o\u00f9 ces dommages ne sont pas caus\u00e9s par le comportement d\u00e9lib\u00e9r\u00e9 ou grossi\u00e8rement n\u00e9gligent du prestataire, de ses repr\u00e9sentants l\u00e9gaux ou de ses agents et que le comportement \u00e0 l&rsquo;origine des dommages n&rsquo;est pas li\u00e9 aux obligations principales des prestataires dans le cadre du contrat conclu. Cette exclusion de responsabilit\u00e9 ne s&rsquo;applique pas aux dommages totalement impr\u00e9visibles ou atypiques que tu ne pouvais pas anticiper. <\/p>\n\n<h3 class=\"wp-block-heading\">Code de conduite du client<\/h3>\n\n<p>13. Toutes les personnes qui utilisent nos services doivent toujours agir de mani\u00e8re s\u00fbre et appropri\u00e9e, tant sur la neige qu&rsquo;en dehors. Les situations peuvent \u00e9voluer pour le pire tr\u00e8s rapidement dans les environnements montagneux et sans aucune indication pr\u00e9alable qu&rsquo;elles pourraient se produire. Nous nous r\u00e9servons le droit de retirer et d&rsquo;exclure des cours sans avertissement (et sans donner de raison \u00e0 ce moment-l\u00e0) les personnes qui ne respectent pas les directives de s\u00e9curit\u00e9 pertinentes et\/ou les instructions des moniteurs. On peut s&rsquo;attendre \u00e0 ce qu&rsquo;il en soit ainsi lorsque tu mets en danger toi-m\u00eame ou d&rsquo;autres personnes, lorsque l&rsquo;exp\u00e9rience des autres participants est affect\u00e9e n\u00e9gativement, ou lorsque la violence physique ou verbale \u00e0 l&rsquo;\u00e9gard d&rsquo;une autre personne est \u00e9vidente ou soup\u00e7onn\u00e9e, et que tu penses que l&rsquo;exclusion est acceptable ou non. Dans une telle circonstance, tu n&rsquo;auras droit \u00e0 aucun remboursement.<\/p>\n\n<p>14. Ces situations peuvent inclure, mais ne sont pas limit\u00e9es \u00e0 ce qui suit :<\/p>\n\n<ul class=\"wp-block-list\">\n<li>a. Ne pas respecter les consignes de s\u00e9curit\u00e9 mentionn\u00e9es par le moniteur et\/ou ne pas utiliser ton bon sens pour assurer ta s\u00e9curit\u00e9 ; <\/li>\n\n\n\n<li>b. Ne pas suivre les directives qui te sont donn\u00e9es par le moniteur ; <\/li>\n\n\n\n<li>c. Ne pas respecter le code de conduite de la F\u00e9d\u00e9ration internationale de ski, c&rsquo;est-\u00e0-dire les 10 r\u00e8gles de conduite de la FIS ;   <\/li>\n\n\n\n<li>d. Skier sous l&rsquo;influence de l&rsquo;alcool ou de toute drogue susceptible d&rsquo;affecter n\u00e9gativement ta coordination physique ou ton \u00e9tat mental ; <\/li>\n\n\n\n<li>e. Faire courir \u00e0 toute autre personne un risque de blessure et\/ou un danger ; et <\/li>\n\n\n\n<li>f. Ne pas suivre les protocoles de s\u00e9curit\u00e9 du gouvernement.   <\/li>\n<\/ul>\n\n<p>15. Tu restes responsable \u00e0 tout moment de la conduite des personnes pour lesquelles tu r\u00e9serves les services d&rsquo;un prestataire.<\/p>\n\n<h3 class=\"wp-block-heading\">Interruptions de fonctionnement<\/h3>\n\n<p>16. Si la station est ouverte (ou partiellement ouverte), les services seront fournis comme pr\u00e9vu dans la mesure o\u00f9 ils sont disponibles. Nos moniteurs utiliseront les espaces ouverts \u00e0 leur disposition pour dispenser les services de mani\u00e8re \u00e0 assurer ta s\u00e9curit\u00e9.<\/p>\n\n<p>17. Les interruptions dans les activit\u00e9s des centres de vill\u00e9giature et la fa\u00e7on dont les centres de vill\u00e9giature choisissent d&rsquo;administrer leurs entreprises sont compl\u00e8tement hors de notre contr\u00f4le. Lorsque les d\u00e9cisions prises par les stations ont un impact sur la prestation habituelle de nos services, tu n&rsquo;auras droit \u00e0 aucun remboursement, compensation ou r\u00e9duction. Ces situations peuvent inclure, sans s&rsquo;y limiter, les \u00e9l\u00e9ments suivants : Dysfonctionnement technique, gr\u00e8ve, conditions m\u00e9t\u00e9orologiques d\u00e9favorables, exc\u00e8s ou insuffisance d&rsquo;enneigement, panne d&rsquo;\u00e9lectricit\u00e9, \u00e9pid\u00e9mie, fermeture de station et\/ou restriction du volume du nombre de visiteurs. Sur demande, nous fournirons une lettre \u00e0 ton assureur pour t&rsquo;aider dans tes d\u00e9marches. Nous ne serons pas responsables envers toi d&rsquo;un tel \u00e9v\u00e9nement, quelle qu&rsquo;en soit l&rsquo;origine.<\/p>\n\n<h3 class=\"wp-block-heading\">Force Majeure<\/h3>\n\n<p>18. En aucun cas le prestataire de services ne pourra \u00eatre tenu pour responsable d&rsquo;un manquement ou d&rsquo;un retard dans l&rsquo;ex\u00e9cution de ses obligations lorsqu&rsquo;il \u00e9tait l\u00e9galement et\/ou physiquement impossible que les cours soient ex\u00e9cut\u00e9s, tel qu&rsquo;un \u00e9v\u00e9nement couvert par le terme \u00ab\u00a0Act of God\u00a0\u00bb (par ex. intemp\u00e9ries, \u00e9ruption volcanique, tremblement de terre) ou des \u00e9v\u00e9nements tels que guerre, \u00e9pid\u00e9mie, mesures de contr\u00f4le des maladies mises en \u0153uvre par la station de ski, intervention gouvernementale (y compris l\u00e9gislation supprim\u00e9e et ordres ex\u00e9cutifs, refus de licence d&rsquo;exploitation pour des raisons politiques, restrictions de voyage), gr\u00e8ve, conduite criminelle et\/ou d\u00e9lictuelle de votre part ou tout autre \u00e9v\u00e9nement ind\u00e9pendant de la volont\u00e9 du fournisseur (un \u00ab\u00a0\u00e9v\u00e9nement de force majeure\u00a0\u00bb).<\/p>\n\n<ul class=\"wp-block-list\">\n<li>a. New Generation Ski and Snowboard Ltd doit notifier l&rsquo;autre partie d\u00e8s que possible apr\u00e8s le d\u00e9but d&rsquo;un \u00e9v\u00e9nement de force majeure. <\/li>\n\n\n\n<li>b. Il est entendu que nous ferons des efforts raisonnables, conformes aux pratiques accept\u00e9es dans l&rsquo;industrie des sports de neige, pour reprendre la performance d\u00e8s que possible et si possible dans les circonstances telles qu&rsquo;elles existent \u00e0 ce moment-l\u00e0 ; <\/li>\n\n\n\n<li>c. en cas d&rsquo;\u00e9v\u00e9nement de force majeure, et lorsque nous ne sommes pas en mesure de reprendre l&rsquo;ex\u00e9cution \u00e0 temps pour que le contrat soit rempli, tu n&rsquo;auras pas droit \u00e0 un remboursement.   <\/li>\n<\/ul>\n\n<h3 class=\"wp-block-heading\">Annulation<\/h3>\n\n<p>19. Le paiement est exig\u00e9 en totalit\u00e9 au moment de la r\u00e9servation (sauf disposition contraire et confirmation \u00e9crite de notre part). En cas d&rsquo;annulation de ta part pour quelque raison que ce soit, le remboursement sera calcul\u00e9 comme suit : <\/p>\n\n<ul class=\"wp-block-list\">\n<li>a. 45 jours ou plus (avant le d\u00e9but du premier cours), nous te remboursons 100 % du prix du cours. <\/li>\n\n\n\n<li>b. 44 &#8211; 29 jours (avant le d\u00e9but du premier cours), nous te remboursons 90 % du prix du cours. <\/li>\n\n\n\n<li>c. 28 &#8211; 15 jours (avant le d\u00e9but du premier cours), nous te remboursons 70 % du prix du cours. <\/li>\n\n\n\n<li>d. 14 jours ou moins (avant le d\u00e9but du premier cours), il n&rsquo;y aura pas de remboursement possible. <\/li>\n<\/ul>\n\n<p>20. Si tu ne peux pas assister au cours le jour m\u00eame, nous ne rembourserons pas le cours manqu\u00e9 et nous ne le reporterons pas. Nous sommes heureux de fournir une lettre \u00e0 ta compagnie d&rsquo;assurance.<\/p>\n\n<h3 class=\"wp-block-heading\">Conditions d&rsquo;\u00e2ge pour nos cours<\/h3>\n\n<p>21. Nous nous r\u00e9servons le droit de retirer des clients de nos groupes au d\u00e9but des cours s&rsquo;il est \u00e9vident pour le moniteur que la personne ne r\u00e9pond pas aux restrictions d&rsquo;\u00e2ge stipul\u00e9es ci-dessus, et si le cas \u00e9ch\u00e9ant le parent\/tuteur de l&rsquo;enfant ne peut pas produire de preuve de son \u00e2ge.<\/p>\n\n<p>Tu trouveras tous les d\u00e9tails dans l&rsquo;annexe 1.<\/p>\n\n<h3 class=\"wp-block-heading\">Niveau<\/h3>\n\n<p>22. Une description compl\u00e8te de chaque type de cours et de chaque niveau est disponible sur notre site Internet. Il est de ta responsabilit\u00e9 de t&rsquo;assurer que tu t&rsquo;inscris, ainsi que les autres membres de ton groupe, au bon niveau et au bon type de cours. Lorsque nous pensons que c&rsquo;est n\u00e9cessaire, nous nous r\u00e9servons le droit de te faire passer \u00e0 un niveau ou \u00e0 un cours diff\u00e9rent.  <\/p>\n\n<h3 class=\"wp-block-heading\">Cours Collectifs et Cliniques<\/h3>\n\n<p>23. Au d\u00e9but des cours collectifs, nous v\u00e9rifierons ton niveau. Si n\u00e9cessaire, nous pourrons d\u00e9placer des personnes d&rsquo;un groupe \u00e0 l&rsquo;autre pour assurer le bon d\u00e9roulement des cours. En cons\u00e9quence, il se peut que nous devions modifier la taille des groupes, ce qui peut signifier que les groupes augmentent d&rsquo;une personne par rapport au maximum annonc\u00e9.  <\/p>\n\n<p>24. Nos cours Collectifs adultes et enfants ont besoin d&rsquo;un minimum de 2 personnes pour fonctionner.<\/p>\n\n<p>25. Si tu es la seule personne inscrite dans un groupe, nous te contacterons au plus tard le vendredi de la semaine pr\u00e9c\u00e9dente pour discuter de tes options :<\/p>\n\n<ul class=\"wp-block-list\">\n<li>Tu peux annuler les cours pour \u00eatre int\u00e9gralement rembours\u00e9 ou ;<\/li>\n\n\n\n<li>Nous raccourcirons le produit en s\u00e9ances priv\u00e9es comme indiqu\u00e9 ci-dessous.\n<ul class=\"wp-block-list\">\n<li>Cours Collectifs pour Adultes &#8211; 2 x 2 heures de cours<\/li>\n\n\n\n<li>Adultes d\u00e9butant le dimanche &#8211; 1 cours d&rsquo;une heure<\/li>\n\n\n\n<li>Cours Collectifs pour enfants &#8211; 2 x 4 heures de cours<\/li>\n\n\n\n<li>Les enfants d\u00e9marrent le dimanche &#8211; 1 cours d&rsquo;une heure<\/li>\n\n\n\n<li>Cours Collectifs &#8211; 2 x 2 heures de cours<\/li>\n\n\n\n<li>Whippersnappers Sunday Starter &#8211; 1 x 1 heure de cours<\/li>\n\n\n\n<li>Cliniques techniques &#8211; 1 cours de 2,5 heures<\/li>\n\n\n\n<li>Les cours hors-piste ne peuvent pas \u00eatre raccourcis et seront annul\u00e9s.<\/li>\n<\/ul>\n<\/li>\n<\/ul>\n\n<p>26. Les cours pour adultes, enfants et hors-piste seront raccourcis s&rsquo;il n&rsquo;y a que 2 \u00e9l\u00e8ves inscrits au cours.<\/p>\n\n<ul class=\"wp-block-list\">\n<li>S&rsquo;il n&rsquo;y a que deux \u00e9l\u00e8ves inscrits \u00e0 un Cours Collectifs Adultes, le cours sera automatiquement raccourci de 3 jours \u00e0 2 jours. Il n&rsquo;y aura pas de r\u00e9duction des co\u00fbts.<\/li>\n\n\n\n<li>S&rsquo;il n&rsquo;y a que deux \u00e9l\u00e8ves inscrits \u00e0 un Cours Collectifs pour enfants, le cours sera automatiquement raccourci de 5 \u00e0 4 jours. Il n&rsquo;y aura pas de r\u00e9duction du co\u00fbt. <\/li>\n\n\n\n<li>S&rsquo;il n&rsquo;y a que deux \u00e9l\u00e8ves inscrits \u00e0 l&rsquo;un de nos Cours Collectifs hors-piste, le cours sera raccourci de 6 Heures \u00e0 4 Heures. Il n&rsquo;y aura pas de r\u00e9duction du co\u00fbt. <\/li>\n<\/ul>\n\n<p>27. Nous nous r\u00e9servons le droit de modifier l&rsquo;heure de d\u00e9but des cours. Si cela devait se produire, nous te le ferons savoir.<\/p>\n\n<h3 class=\"wp-block-heading\">Utilisation des donn\u00e9es et confidentialit\u00e9<\/h3>\n\n<p>28. Tu peux voir comment NGSS utilise tes donn\u00e9es personnelles sur <a href=\"https:\/\/www.skinewgen.com\/fr\/politique-de-confidentialite\/\">notre page de politique de confidentialit\u00e9.<\/a><\/p>\n\n<p>29. Les politiques de confidentialit\u00e9 des fournisseurs se trouvent \u00e0 l&rsquo;adresse suivante :<\/p>\n\n<ul class=\"wp-block-list\">\n<li><a href=\"https:\/\/www.skinewgen.com\/wp-content\/uploads\/Privacy-Policy-Austria-GmbH.pdf\" target=\"_blank\" rel=\"noreferrer noopener\">New Generation Austria GmbH<\/a><\/li>\n<\/ul>\n\n<h3 class=\"wp-block-heading\">Consentement \u00e0 l&rsquo;utilisation de mat\u00e9riel photo et vid\u00e9o<\/h3>\n\n<p>30. Pendant tes cours, nous pouvons prendre des photos et des vid\u00e9os des clients (y compris des enfants de moins de 18 ans), \u00e0 des fins de coaching et de marketing. Nous pouvons publier tout mat\u00e9riel photo et vid\u00e9o (en particulier des photos, des vid\u00e9os, des interviews, etc.) cr\u00e9\u00e9 lors de la prestation des services convenus, sous quelque forme et dans quelque m\u00e9dia que ce soit. Tu donnes ton accord \u00e0 la publication de ce mat\u00e9riel photo et vid\u00e9o et au traitement de tes donn\u00e9es personnelles sans exiger une quelconque r\u00e9mun\u00e9ration.  <\/p>\n\n<h3 class=\"wp-block-heading\">Coordonn\u00e9es<\/h3>\n\n<p>31. New Generation Ski and Snowboard Limited, une soci\u00e9t\u00e9 anglaise dont le num\u00e9ro d&rsquo;immatriculation est 08491313 et dont le si\u00e8ge social est situ\u00e9 Fifth Floor Watson House, 54-60 Baker Street, London, W1U 7BU UK.<\/p>\n\n<p>32. New Generation Ski and Snowboard Limited est l&rsquo;agent de chacun des fournisseurs de services \u00e9num\u00e9r\u00e9s ci-dessous :<\/p>\n\n<p><strong>T\u00e9l\u00e9phone : <\/strong><strong>+44 1462 674000<\/strong><\/p>\n\n<p><strong>Courriel : <\/strong><strong>info@skinewgen.com<\/strong><\/p>\n\n<ul class=\"wp-block-list\">\n<li>New Generation Austria GmbH, une soci\u00e9t\u00e9 autrichienne avec le num\u00e9ro d&rsquo;immatriculation FN 461443 dont l&rsquo;adresse physique et le si\u00e8ge social se trouvent \u00e0 Dorfstrasse 56-58, 6580 St. Anton am Arlberg, Autriche.  <\/li>\n\n\n\n<li>d. Tu peux contacter l&rsquo;une ou l&rsquo;autre des entreprises mentionn\u00e9es ci-dessus par l&rsquo;interm\u00e9diaire de ton agent de r\u00e9servation, New Generation Ski and Snowboard Limited, \u00e0 l&rsquo;adresse info@skinewgen.com. <\/li>\n<\/ul>\n\n<h3 class=\"wp-block-heading\">G\u00e9n\u00e9ralit\u00e9s<\/h3>\n\n<p>33. Int\u00e9gralit\u00e9 de l&rsquo;accord :<\/p>\n\n<p>Le pr\u00e9sent accord remplace tous les accords, arrangements et ententes ant\u00e9rieurs entre les parties et constitue l&rsquo;int\u00e9gralit\u00e9 de l&rsquo;accord entre les parties en ce qui concerne son objet. Les parties confirment que cet accord contient toutes les questions sur lesquelles elles se sont appuy\u00e9es pour conclure cet accord et qu&rsquo;elles ne se sont pas appuy\u00e9es sur des questions non mentionn\u00e9es. La condition de cet accord est que tu obtiennes une couverture d&rsquo;assurance pour tous les \u00e9v\u00e9nements d\u00e9coulant de et\/ou li\u00e9s \u00e0 tes cours.<\/p>\n\n<p>34. Pas de partenariat ou d&rsquo;agence :<\/p>\n\n<p>Aucune disposition du pr\u00e9sent accord n&rsquo;\u00e9tablit d&rsquo;agence ou de partenariat entre les parties, sauf dans les cas express\u00e9ment pr\u00e9vus dans le pr\u00e9sent accord.<\/p>\n\n<p>35. Affectation :<\/p>\n\n<p>New Generation Ski and Snowboard et\/ou le fournisseur ont le droit de transf\u00e9rer cet accord et\/ou tous ses droits et obligations, que ce soit en totalit\u00e9 ou en partie, de temps \u00e0 autre, sans ton consentement.<\/p>\n\n<p>36. Tiers : La loi de 1999 sur les contrats (droits des tiers) ne s&rsquo;applique pas au pr\u00e9sent accord.<\/p>\n\n<p>37. Lieu d&rsquo;ex\u00e9cution et lieu de juridiction : : Si tu es une entreprise au sens de l&rsquo;art. 1 Par. 1 No. 1 de la loi autrichienne sur la protection des consommateurs [KSchG], il est convenu que le tribunal ayant la comp\u00e9tence exclusive pour tous les litiges d\u00e9coulant de ou en rapport avec la relation contractuelle avec le fournisseur est le tribunal du si\u00e8ge social des fournisseurs. <\/p>\n\n<p>Le lieu d&rsquo;ex\u00e9cution des livraisons, des prestations et des paiements est le lieu d&rsquo;activit\u00e9 du prestataire.<\/p>\n\n<p>38. Droit applicable : Le droit applicable convenu est le droit national du lieu d&rsquo;activit\u00e9 des prestataires, \u00e0 l&rsquo;exclusion de la Convention des Nations unies sur les contrats de vente internationale de marchandises.Conditions g\u00e9n\u00e9rales de l&rsquo;\u00e9cole de ski et de snowboard New Generation.<\/p>\n\n<p>Annexe 1<\/p>\n\n<figure class=\"wp-block-table\"><table class=\"has-fixed-layout\"><tbody><tr><td><strong>Type de cours<\/strong><\/td><td><strong>Cours Collectifs<\/strong><\/td><td><strong>Conditions d&rsquo;\u00e2ge<\/strong><\/td><\/tr><tr><td>Groupe d&rsquo;enfants<\/td><td>Les fouettards<\/td><td>4-5 ans<\/td><\/tr><tr><td>Groupe d&rsquo;enfants<\/td><td>Jeunes fl\u00e8ches<\/td><td>5-7 ans<\/td><\/tr><tr><td>Groupe d&rsquo;enfants<\/td><td>Wallabies, Arrows, Bombers<\/td><td>6-12 ans<\/td><\/tr><tr><td>Groupe d&rsquo;enfants<\/td><td>Les fus\u00e9es<\/td><td>8-13 ans<\/td><\/tr><tr><td>Groupe d&rsquo;enfants<\/td><td>Freeride<\/td><td>10-13 ans<\/td><\/tr><tr><td>Groupe d&rsquo;enfants<\/td><td>Proride<\/td><td>13-17 ans<\/td><\/tr><tr><td>Cours particuliers<\/td><td>Cours particuliers (ski ou planche)<\/td><td>3 ans<\/td><\/tr><tr><td>Groupes de ski pour adultes<\/td><td>Cours Collectifs pour Adultes<\/td><td>13 ans et plus<\/td><\/tr><tr><td>Adulte Ski Autre<\/td><td>Cliniques et sessions pour d\u00e9veloppeurs<\/td><td>16 ans et plus<\/td><\/tr><tr><td>Surf des neiges<\/td><td>Groupes, cliniques<\/td><td>10 ans et plus<\/td><\/tr><\/tbody><\/table><\/figure>\n\n<p><\/p>\n","protected":false},"excerpt":{"rendered":"Conditions g\u00e9n\u00e9rales de l&rsquo;\u00e9cole de ski et de snowboard New Generation &#8211; Autriche Applicable aux r\u00e9servations effectu\u00e9es \u00e0 partir du&#8230;","protected":false},"author":2,"featured_media":0,"parent":0,"menu_order":0,"comment_status":"closed","ping_status":"closed","template":"","meta":{"_acf_changed":false,"content-type":"","footnotes":""},"page_type":[249],"class_list":["post-7532","page","type-page","status-publish","hentry","page_type-conditions"],"acf":[],"_links":{"self":[{"href":"https:\/\/www.skinewgen.com\/fr\/wp-json\/wp\/v2\/pages\/7532","targetHints":{"allow":["GET"]}}],"collection":[{"href":"https:\/\/www.skinewgen.com\/fr\/wp-json\/wp\/v2\/pages"}],"about":[{"href":"https:\/\/www.skinewgen.com\/fr\/wp-json\/wp\/v2\/types\/page"}],"author":[{"embeddable":true,"href":"https:\/\/www.skinewgen.com\/fr\/wp-json\/wp\/v2\/users\/2"}],"replies":[{"embeddable":true,"href":"https:\/\/www.skinewgen.com\/fr\/wp-json\/wp\/v2\/comments?post=7532"}],"version-history":[{"count":5,"href":"https:\/\/www.skinewgen.com\/fr\/wp-json\/wp\/v2\/pages\/7532\/revisions"}],"predecessor-version":[{"id":18531,"href":"https:\/\/www.skinewgen.com\/fr\/wp-json\/wp\/v2\/pages\/7532\/revisions\/18531"}],"wp:attachment":[{"href":"https:\/\/www.skinewgen.com\/fr\/wp-json\/wp\/v2\/media?parent=7532"}],"wp:term":[{"taxonomy":"page_type","embeddable":true,"href":"https:\/\/www.skinewgen.com\/fr\/wp-json\/wp\/v2\/page_type?post=7532"}],"curies":[{"name":"wp","href":"https:\/\/api.w.org\/{rel}","templated":true}]}}