{"id":8066,"date":"2024-05-09T07:31:03","date_gmt":"2024-05-09T07:31:03","guid":{"rendered":"https:\/\/skinewgen.solve.co.uk\/a-propos-du-site-web\/"},"modified":"2025-07-18T09:57:12","modified_gmt":"2025-07-18T09:57:12","slug":"a-propos-du-site-web","status":"publish","type":"page","link":"https:\/\/www.skinewgen.com\/fr\/a-propos-du-site-web\/","title":{"rendered":"\u00c0 propos du site Web"},"content":{"rendered":"\n<section  class=\"solve-block-text-image\">\n    <div class=\"wrap\">\n        <div class=\"flex right-image\">\n            <div class=\"content\">\n                <h2>Construit et Eco H\u00e9berg\u00e9 par Solve<\/h2>\n                <p>Ce site web a \u00e9t\u00e9 cr\u00e9\u00e9 avec passion par Solve, bas\u00e9 au c\u0153ur de Nansledan. L&rsquo;\u00e9quipe de Solve a con\u00e7u ce site pour offrir \u00e0 Ski New Gen une nouvelle plateforme lumineuse et magnifique afin de mettre en valeur leurs excellentes \u00e9coles de ski et leurs formations d&rsquo;instructeurs dans les meilleures stations de France, de Suisse et d&rsquo;Autriche. Solve fournit \u00e9galement tous les services n\u00e9cessaires pour maintenir ce site \u00e0 la pointe de la technologie et assurer sa visibilit\u00e9 en ligne.  <\/p>\n<p>Ce site web est \u00e9galement aliment\u00e9 par des serveurs fonctionnant \u00e0 l&rsquo;\u00e9nergie verte renouvelable, optimis\u00e9 pour la performance, la s\u00e9curit\u00e9 et la vitesse tout en contribuant \u00e0 cr\u00e9er un monde meilleur pour notre plan\u00e8te et ses habitants. Solve est \u00e9galement une entreprise certifi\u00e9e B Corporation, ce qui signifie qu&rsquo;elle r\u00e9pond aux normes les plus \u00e9lev\u00e9es en mati\u00e8re d&rsquo;impact social et environnemental. Alors, si vous souhaitez d\u00e9velopper votre pr\u00e9sence en ligne de mani\u00e8re \u00e9cologique, contactez Solve et devenez visible sur internet !  <\/p>\n                <div class=\"cta-links\">\n                                            <a class=\"button solid newtab\" href=\"https:\/\/solve.co.uk\" target=\"_blank\" rel=\"noopener\">Visit Solve<\/a>\n                                                    <a class=\"styled\" href=\"https:\/\/www.skinewgen.com\/green-hosting\/\" target=\"_self\">Learn more about green hosting<\/a>\n                                                            <\/div>\n\n                            <\/div>\n            <div class=\"image-container\">\n                                    <img loading=\"lazy\" decoding=\"async\" width=\"600\" height=\"600\" src=\"https:\/\/www.skinewgen.com\/wp-content\/uploads\/2024\/10\/about-website-solve-newquay-600x600.webp\" class=\"attachment-square size-square\" alt=\"\" srcset=\"https:\/\/www.skinewgen.com\/wp-content\/uploads\/2024\/10\/about-website-solve-newquay-600x600.webp 600w, https:\/\/www.skinewgen.com\/wp-content\/uploads\/2024\/10\/about-website-solve-newquay-300x300.webp 300w\" sizes=\"auto, (max-width: 600px) 100vw, 600px\">                            <\/div>\n        <\/div>\n    <\/div>\n<\/section>","protected":false},"excerpt":{"rendered":"","protected":false},"author":1,"featured_media":0,"parent":0,"menu_order":0,"comment_status":"closed","ping_status":"closed","template":"","meta":{"_acf_changed":false,"content-type":"","footnotes":""},"page_type":[],"class_list":["post-8066","page","type-page","status-publish","hentry"],"acf":[],"_links":{"self":[{"href":"https:\/\/www.skinewgen.com\/fr\/wp-json\/wp\/v2\/pages\/8066","targetHints":{"allow":["GET"]}}],"collection":[{"href":"https:\/\/www.skinewgen.com\/fr\/wp-json\/wp\/v2\/pages"}],"about":[{"href":"https:\/\/www.skinewgen.com\/fr\/wp-json\/wp\/v2\/types\/page"}],"author":[{"embeddable":true,"href":"https:\/\/www.skinewgen.com\/fr\/wp-json\/wp\/v2\/users\/1"}],"replies":[{"embeddable":true,"href":"https:\/\/www.skinewgen.com\/fr\/wp-json\/wp\/v2\/comments?post=8066"}],"version-history":[{"count":5,"href":"https:\/\/www.skinewgen.com\/fr\/wp-json\/wp\/v2\/pages\/8066\/revisions"}],"predecessor-version":[{"id":14643,"href":"https:\/\/www.skinewgen.com\/fr\/wp-json\/wp\/v2\/pages\/8066\/revisions\/14643"}],"wp:attachment":[{"href":"https:\/\/www.skinewgen.com\/fr\/wp-json\/wp\/v2\/media?parent=8066"}],"wp:term":[{"taxonomy":"page_type","embeddable":true,"href":"https:\/\/www.skinewgen.com\/fr\/wp-json\/wp\/v2\/page_type?post=8066"}],"curies":[{"name":"wp","href":"https:\/\/api.w.org\/{rel}","templated":true}]}}