{"id":8202,"date":"2024-11-12T13:28:14","date_gmt":"2024-11-12T13:28:14","guid":{"rendered":"https:\/\/skinewgen.solve.co.uk\/nos-sponsors-et-partenaires\/"},"modified":"2025-07-25T10:52:52","modified_gmt":"2025-07-25T10:52:52","slug":"nos-sponsors-et-partenaires","status":"publish","type":"page","link":"https:\/\/www.skinewgen.com\/fr\/nos-sponsors-et-partenaires\/","title":{"rendered":"Nos sponsors et partenaires"},"content":{"rendered":"\n<h2 class=\"wp-block-heading\">Un mot sur nos uniformes<\/h2>\n\n<p><a href=\"https:\/\/www.ellis-brigham.com\/\" target=\"_blank\" rel=\"noreferrer noopener\">Ellis Brigham<\/a> est l&rsquo;un des plus grands d\u00e9taillants de sports de montagne du Royaume-Uni. Ils ont plus de 20 magasins dans tout le pays et un site Internet fantastique avec une large s\u00e9lection de mat\u00e9riel de ski, de snowboard et de plein air. Chaque ann\u00e9e, Ellis Brigham collabore avec New Generation pour fournir \u00e0 nos moniteurs nos superbes uniformes \u00a0\u00bb The North Face \u00ab\u00a0.  <\/p>\n\n<h3 class=\"wp-block-heading\">Pourquoi The North Face ?<\/h3>\n\n<p>The North Face est plus qu&rsquo;une simple entreprise de v\u00eatements &#8211; c&rsquo;est un symbole d&rsquo;aventure et d&rsquo;exploration. Fond\u00e9e en 1968, The North Face \u00e9quipe les gens pour toutes sortes d&rsquo;aventures en plein air depuis plus de 50 ans. <\/p>\n\n<p>The North Face a habill\u00e9 certains des explorateurs les plus c\u00e9l\u00e8bres du monde, du mont Everest au p\u00f4le Sud.<\/p>\n\n<p>Nous pensons que leur engagement en faveur de la qualit\u00e9 et de la durabilit\u00e9 aide nos moniteurs \u00e0 s&rsquo;\u00e9panouir quelles que soient les conditions m\u00e9t\u00e9orologiques.<\/p>\n\n<p><em><strong>Moniteur grill\u00e9 = cours extraordinaire.<\/strong><\/em><\/p>\n\n<p>Que tu fasses un trekking dans l&rsquo;Himalaya ou que tu te rendes simplement au travail, tu peux compter sur The North Face pour te garder au chaud, au sec et \u00e0 l&rsquo;aise.<\/p>\n\n<p>Mais ce n&rsquo;est pas seulement une question de durabilit\u00e9 &#8211; leurs produits sont \u00e9galement \u00e9l\u00e9gants et fonctionnels.<\/p>\n\n<p>Des vestes de ski \u00e9l\u00e9gantes aux sacs de jour \u00e0 la mode, The North Face a quelque chose pour tout le monde. Et gr\u00e2ce \u00e0 leur engagement en mati\u00e8re de responsabilit\u00e9 environnementale, tu peux te sentir bien en soutenant leurs produits. Alors, que tu sois \u00e0 la recherche d&rsquo;une paire de chaussures de randonn\u00e9e fiable ou d&rsquo;une nouvelle veste \u00e9l\u00e9gante, ne manque pas de jeter un coup d&rsquo;\u0153il \u00e0 leur gamme.  <\/p>\n\n<div class=\"wp-block-buttons is-layout-flex wp-block-buttons-is-layout-flex\">\n<div class=\"wp-block-button\"><a class=\"wp-block-button__link wp-element-button\" href=\"https:\/\/www.ellis-brigham.com\/the-north-face\" target=\"_blank\" rel=\"noreferrer noopener\">Boutique Ellis Brigham<\/a><\/div>\n<\/div>\n\n<hr class=\"wp-block-separator has-alpha-channel-opacity\" style=\"margin-top:2rem;margin-bottom:2rem\"\/>\n\n<p><a href=\"https:\/\/www.nordica.com\/\" target=\"_blank\" rel=\"noreferrer noopener\">Nordica<\/a> nous fournit l&rsquo;essentiel &#8211; les skis et les chaussures. Leaders dans la conception de skis, nous aimons leur engagement \u00e0 repousser les limites du ski. <\/p>\n\n<div style=\"height:4rem\" aria-hidden=\"true\" class=\"wp-block-spacer\"><\/div>\n","protected":false},"excerpt":{"rendered":"Un mot sur nos uniformes Ellis Brigham est l&rsquo;un des plus grands d\u00e9taillants de sports de montagne du Royaume-Uni. Ils&#8230;","protected":false},"author":1,"featured_media":0,"parent":0,"menu_order":0,"comment_status":"closed","ping_status":"closed","template":"templates\/page-template-terms.php","meta":{"_acf_changed":false,"content-type":"","footnotes":""},"page_type":[249],"class_list":["post-8202","page","type-page","status-publish","hentry","page_type-conditions"],"acf":[],"_links":{"self":[{"href":"https:\/\/www.skinewgen.com\/fr\/wp-json\/wp\/v2\/pages\/8202","targetHints":{"allow":["GET"]}}],"collection":[{"href":"https:\/\/www.skinewgen.com\/fr\/wp-json\/wp\/v2\/pages"}],"about":[{"href":"https:\/\/www.skinewgen.com\/fr\/wp-json\/wp\/v2\/types\/page"}],"author":[{"embeddable":true,"href":"https:\/\/www.skinewgen.com\/fr\/wp-json\/wp\/v2\/users\/1"}],"replies":[{"embeddable":true,"href":"https:\/\/www.skinewgen.com\/fr\/wp-json\/wp\/v2\/comments?post=8202"}],"version-history":[{"count":1,"href":"https:\/\/www.skinewgen.com\/fr\/wp-json\/wp\/v2\/pages\/8202\/revisions"}],"predecessor-version":[{"id":8203,"href":"https:\/\/www.skinewgen.com\/fr\/wp-json\/wp\/v2\/pages\/8202\/revisions\/8203"}],"wp:attachment":[{"href":"https:\/\/www.skinewgen.com\/fr\/wp-json\/wp\/v2\/media?parent=8202"}],"wp:term":[{"taxonomy":"page_type","embeddable":true,"href":"https:\/\/www.skinewgen.com\/fr\/wp-json\/wp\/v2\/page_type?post=8202"}],"curies":[{"name":"wp","href":"https:\/\/api.w.org\/{rel}","templated":true}]}}